{"id":231821,"date":"2025-12-29T01:51:56","date_gmt":"2025-12-28T22:51:56","guid":{"rendered":"https:\/\/baldumarket.lt\/product\/liverti-komoda-150-bialy-mat\/"},"modified":"2026-02-11T18:36:07","modified_gmt":"2026-02-11T15:36:07","slug":"liverti-komoda-150-bialy-mat","status":"publish","type":"product","link":"https:\/\/baldumarket.lt\/lt\/product\/liverti-komoda-150-bialy-mat\/","title":{"rendered":"LIVERTI komoda 150 balta matin\u0117"},"content":{"rendered":"<p>Kolekcija: LIVERTI Surinkti baldai: Ne Plotis: 150 Auk\u0161tis: 78 Gylis: 42 Dur\u0173 tipas: Varstomos (atidaromos) Dur\u0173 skai\u010dius: 2 Stal\u010di\u0173 skai\u010dius: 1 Rankena: N\u0116RA<br \/>\nLIVERTI komoda su stal\u010diais 150 matin\u0117s baltos spalvos<br \/>\n\u0160i 150 cm ilgio komoda \u2013 tai stilingas modernaus dizaino ir funkcionalumo derinys. MDF fasadai su matomais baltais frezavimais suteikia baldui eleganti\u0161k\u0105 charakter\u012f. Dizain\u0105 sudaro dvejos durel\u0117s, vienas erdvus stal\u010dius ir atvira erdv\u0117, puikiai tinkanti dekoracijoms ar smulkiems daiktams. 8 cm auk\u0161\u010dio cokolis u\u017etikrina stabilum\u0105, o tradicini\u0173 ranken\u0117li\u0173 nebuvimas \u2013 su \u0161iek tiek vir\u0161 stalvir\u0161io i\u0161siki\u0161usiomis fasad\u0173 dalimis \u2013 pabr\u0117\u017eia minimalistin\u012f stili\u0173. Tai puikus sprendimas svetainei, miegamajam ar prie\u0161kambariui.<\/p>","protected":false},"excerpt":{"rendered":"<p>Kolekcija: LIVERTI<br \/>\nPlotis: 150<br \/>\n\u016agis: 78<br \/>\nGylis: 42<br \/>\nDur\u0173 tipas: Varstomos (atidaromos)<br \/>\nDur\u0173 skai\u010dius: 2<\/p>","protected":false},"featured_media":231822,"comment_status":"open","ping_status":"open","template":"","meta":[],"product_brand":[],"product_cat":[8388,1173],"product_tag":[],"class_list":{"0":"post-231821","1":"product","2":"type-product","3":"status-publish","4":"has-post-thumbnail","6":"product_cat-cama-meble","7":"product_cat-chests-of-drawers","9":"first","10":"instock","11":"purchasable","12":"product-type-simple"},"_links":{"self":[{"href":"https:\/\/baldumarket.lt\/lt\/wp-json\/wp\/v2\/product\/231821","targetHints":{"allow":["GET"]}}],"collection":[{"href":"https:\/\/baldumarket.lt\/lt\/wp-json\/wp\/v2\/product"}],"about":[{"href":"https:\/\/baldumarket.lt\/lt\/wp-json\/wp\/v2\/types\/product"}],"replies":[{"embeddable":true,"href":"https:\/\/baldumarket.lt\/lt\/wp-json\/wp\/v2\/comments?post=231821"}],"wp:featuredmedia":[{"embeddable":true,"href":"https:\/\/baldumarket.lt\/lt\/wp-json\/wp\/v2\/media\/231822"}],"wp:attachment":[{"href":"https:\/\/baldumarket.lt\/lt\/wp-json\/wp\/v2\/media?parent=231821"}],"wp:term":[{"taxonomy":"product_brand","embeddable":true,"href":"https:\/\/baldumarket.lt\/lt\/wp-json\/wp\/v2\/product_brand?post=231821"},{"taxonomy":"product_cat","embeddable":true,"href":"https:\/\/baldumarket.lt\/lt\/wp-json\/wp\/v2\/product_cat?post=231821"},{"taxonomy":"product_tag","embeddable":true,"href":"https:\/\/baldumarket.lt\/lt\/wp-json\/wp\/v2\/product_tag?post=231821"}],"curies":[{"name":"wp","href":"https:\/\/api.w.org\/{rel}","templated":true}]}}