{"id":231818,"date":"2025-12-29T01:51:51","date_gmt":"2025-12-28T22:51:51","guid":{"rendered":"https:\/\/baldumarket.lt\/product\/lawa-merci\/"},"modified":"2026-02-11T18:36:08","modified_gmt":"2026-02-11T15:36:08","slug":"lawa-merci","status":"publish","type":"product","link":"https:\/\/baldumarket.lt\/lt\/product\/lawa-merci\/","title":{"rendered":"A\u010cI\u016a, suolas"},"content":{"rendered":"<p>MERCI kavos staliukas<br \/>\nApra\u0161ymas ir specifikacijos<br \/>\nMERCI kolekcija pasi\u017eymi moderniu stiliumi ir \u012fdomiu dizainu. Lygi\u0173 meni\u0161ko \u0105\u017euolo element\u0173 ir vertikaliai frezuoto juodo \u012fd\u0117klo derinys i\u0161skiria j\u0105 i\u0161 kit\u0173 bald\u0173. Stilingos kojel\u0117s kartu su \u012fdomia spalv\u0173 gama papuo\u0161 daugel\u012f i\u0161d\u0117stym\u0173.<br \/>\nMed\u017eiaga:<br \/>\nKorpusas: 16 mm plok\u0161t\u0117<br \/>\nPriekin\u0117s dalys: 16 mm plok\u0161t\u0117 + 16 mm laminuotas MDF \u012fd\u0117klas<br \/>\nRankenos: n\u0117ra, atidarymo sistema \u201ePUSH TO OPERATION\u201c<br \/>\nKojel\u0117s: juodo metalo, 14 cm auk\u0161\u010dio<\/p>","protected":false},"excerpt":{"rendered":"<p>Kolekcija: A\u010cI\u016a<br \/>\nPlotis: 100<br \/>\n\u016agis: 49<br \/>\nGylis: 55<\/p>","protected":false},"featured_media":231819,"comment_status":"open","ping_status":"open","template":"","meta":[],"product_brand":[],"product_cat":[8388,866],"product_tag":[],"class_list":{"0":"post-231818","1":"product","2":"type-product","3":"status-publish","4":"has-post-thumbnail","6":"product_cat-cama-meble","7":"product_cat-coffee-tables","9":"first","10":"instock","11":"purchasable","12":"product-type-simple"},"_links":{"self":[{"href":"https:\/\/baldumarket.lt\/lt\/wp-json\/wp\/v2\/product\/231818","targetHints":{"allow":["GET"]}}],"collection":[{"href":"https:\/\/baldumarket.lt\/lt\/wp-json\/wp\/v2\/product"}],"about":[{"href":"https:\/\/baldumarket.lt\/lt\/wp-json\/wp\/v2\/types\/product"}],"replies":[{"embeddable":true,"href":"https:\/\/baldumarket.lt\/lt\/wp-json\/wp\/v2\/comments?post=231818"}],"wp:featuredmedia":[{"embeddable":true,"href":"https:\/\/baldumarket.lt\/lt\/wp-json\/wp\/v2\/media\/231819"}],"wp:attachment":[{"href":"https:\/\/baldumarket.lt\/lt\/wp-json\/wp\/v2\/media?parent=231818"}],"wp:term":[{"taxonomy":"product_brand","embeddable":true,"href":"https:\/\/baldumarket.lt\/lt\/wp-json\/wp\/v2\/product_brand?post=231818"},{"taxonomy":"product_cat","embeddable":true,"href":"https:\/\/baldumarket.lt\/lt\/wp-json\/wp\/v2\/product_cat?post=231818"},{"taxonomy":"product_tag","embeddable":true,"href":"https:\/\/baldumarket.lt\/lt\/wp-json\/wp\/v2\/product_tag?post=231818"}],"curies":[{"name":"wp","href":"https:\/\/api.w.org\/{rel}","templated":true}]}}