{"id":231797,"date":"2025-12-29T01:51:22","date_gmt":"2025-12-28T22:51:22","guid":{"rendered":"https:\/\/baldumarket.lt\/product\/kioto-szafka-z-kominkiem\/"},"modified":"2026-02-11T18:36:08","modified_gmt":"2026-02-11T15:36:08","slug":"kioto-szafka-z-kominkiem","status":"publish","type":"product","link":"https:\/\/baldumarket.lt\/lt\/product\/kioto-szafka-z-kominkiem\/","title":{"rendered":"KYOTO SPINTEL\u0116 SU \u017dIDINIU"},"content":{"rendered":"<p>Auk\u0161tis cm: 56 Plotis cm: 120 Gylis cm: 23 Surinkimas savaime: Taip Kioto spintel\u0117 su \u017eidiniu<br \/>\nModernus televizoriaus staliukas su \u012fmontuotu elektriniu \u017eidiniu, sukuriantis unikali\u0105 atmosfer\u0105 svetain\u0117je. Galima rinktis baltos arba ka\u0161myro spalvos. Galima tvirtinti prie sienos arba tradici\u0161kai pastatyti ant grind\u0173.<br \/>\nLiepsnos efektas + \u0161ildymo funkcija<br \/>\nStilingas, minimalistinis dizainas<br \/>\nVariantai: balta arba ka\u0161myro<br \/>\nMontavimas: montuojamas ant sienos arba laisvai pastatomas<br \/>\nEleganti\u0161ka i\u0161vaizda ir funkcionalumas viename \u2013 \u201eKioto\u201c spintel\u0117 su \u017eidiniu yra puikus pasirinkimas moderniam interjerui.<br \/>\n\u017didinio parametrai:<br \/>\nKIOTO \u017eidinio specifikacijos:<br \/>\nPrie sienos tvirtinamas elektrinis \u017eidinys, kuris dedamas po j\u016bs\u0173 televizoriumi<br \/>\nTemperat\u016bros nustatymai: 1000 W \/ 2000 W<br \/>\n7 spalv\u0173 liepsnos efektai<br \/>\n7 spalv\u0173 \u017earij\u0173 efektai<br \/>\n\u012etraukta apsauga nuo perkaitimo<br \/>\n\u012etrauktas nuotolinis temperat\u016bros valdymas<br \/>\nSavaitinis laikmatis (lang\u0173 atidarytuvas \/ ERP funkcija)<br \/>\nLCD nuotolinio valdymo pultas (duomenys rodomi nuotolinio valdymo pulte)<br \/>\nJutiklinis valdymas stikliniame priekyje<br \/>\nDervos medienos efektas<\/p>","protected":false},"excerpt":{"rendered":"<p>\u016agis cm: 56<br \/>\nPlotis cm: 120<br \/>\nGylis cm: 23<\/p>","protected":false},"featured_media":231798,"comment_status":"open","ping_status":"open","template":"","meta":[],"product_brand":[],"product_cat":[8388,1174],"product_tag":[],"class_list":{"0":"post-231797","1":"product","2":"type-product","3":"status-publish","4":"has-post-thumbnail","6":"product_cat-cama-meble","7":"product_cat-hanging-shelves","9":"first","10":"instock","11":"purchasable","12":"product-type-simple"},"_links":{"self":[{"href":"https:\/\/baldumarket.lt\/lt\/wp-json\/wp\/v2\/product\/231797","targetHints":{"allow":["GET"]}}],"collection":[{"href":"https:\/\/baldumarket.lt\/lt\/wp-json\/wp\/v2\/product"}],"about":[{"href":"https:\/\/baldumarket.lt\/lt\/wp-json\/wp\/v2\/types\/product"}],"replies":[{"embeddable":true,"href":"https:\/\/baldumarket.lt\/lt\/wp-json\/wp\/v2\/comments?post=231797"}],"wp:featuredmedia":[{"embeddable":true,"href":"https:\/\/baldumarket.lt\/lt\/wp-json\/wp\/v2\/media\/231798"}],"wp:attachment":[{"href":"https:\/\/baldumarket.lt\/lt\/wp-json\/wp\/v2\/media?parent=231797"}],"wp:term":[{"taxonomy":"product_brand","embeddable":true,"href":"https:\/\/baldumarket.lt\/lt\/wp-json\/wp\/v2\/product_brand?post=231797"},{"taxonomy":"product_cat","embeddable":true,"href":"https:\/\/baldumarket.lt\/lt\/wp-json\/wp\/v2\/product_cat?post=231797"},{"taxonomy":"product_tag","embeddable":true,"href":"https:\/\/baldumarket.lt\/lt\/wp-json\/wp\/v2\/product_tag?post=231797"}],"curies":[{"name":"wp","href":"https:\/\/api.w.org\/{rel}","templated":true}]}}