{"id":231793,"date":"2025-12-29T01:51:17","date_gmt":"2025-12-28T22:51:17","guid":{"rendered":"https:\/\/baldumarket.lt\/product\/juta-szafka-czarny-mat\/"},"modified":"2026-02-11T18:36:08","modified_gmt":"2026-02-11T15:36:08","slug":"juta-szafka-czarny-mat","status":"publish","type":"product","link":"https:\/\/baldumarket.lt\/lt\/product\/juta-szafka-czarny-mat\/","title":{"rendered":"D\u017eiuto spintel\u0117, juoda, matin\u0117"},"content":{"rendered":"<p>D\u017eiuto stiklo vitrina, matin\u0117s juodos spalvos<br \/>\n\u0160i juoda dviej\u0173 dur\u0173 vitrina ant kojeli\u0173 yra eleganti\u0161kas baldas, kuris gali b\u016bti naudojamas dekoratyviniams daiktams, stalo \u012frankiams ar kitoms dekoracijoms eksponuoti svetain\u0117je, valgomajame ar kitame kambaryje. Juoda vitrinos spalva suteikia jai eleganti\u0161k\u0105 ir stiling\u0105 i\u0161vaizd\u0105, tinkan\u010di\u0105 tiek moderniam, tiek klasikiniam interjerui.<br \/>\nMed\u017eiaga:<br \/>\nKorpusas: 16 mm MDF<br \/>\nPriekin\u0117s dalys: HDF + PP Linol Calabria folija, MDF r\u0117mas<br \/>\nKojel\u0117s: juodo metalo, 20 cm auk\u0161\u010dio<br \/>\nRankenos: n\u0117ra; priekin\u0117 dalis i\u0161siki\u0161a vir\u0161 stalvir\u0161io<\/p>","protected":false},"excerpt":{"rendered":"<p>\u016agis cm: 190<br \/>\nPlotis cm: 50<br \/>\nGylis cm: 39,5<br \/>\nDur\u0173 skai\u010dius: 2<\/p>","protected":false},"featured_media":231794,"comment_status":"open","ping_status":"open","template":"","meta":[],"product_brand":[],"product_cat":[8388,1177],"product_tag":[],"class_list":{"0":"post-231793","1":"product","2":"type-product","3":"status-publish","4":"has-post-thumbnail","6":"product_cat-cama-meble","7":"product_cat-wardrobes","9":"first","10":"instock","11":"purchasable","12":"product-type-simple"},"_links":{"self":[{"href":"https:\/\/baldumarket.lt\/lt\/wp-json\/wp\/v2\/product\/231793","targetHints":{"allow":["GET"]}}],"collection":[{"href":"https:\/\/baldumarket.lt\/lt\/wp-json\/wp\/v2\/product"}],"about":[{"href":"https:\/\/baldumarket.lt\/lt\/wp-json\/wp\/v2\/types\/product"}],"replies":[{"embeddable":true,"href":"https:\/\/baldumarket.lt\/lt\/wp-json\/wp\/v2\/comments?post=231793"}],"wp:featuredmedia":[{"embeddable":true,"href":"https:\/\/baldumarket.lt\/lt\/wp-json\/wp\/v2\/media\/231794"}],"wp:attachment":[{"href":"https:\/\/baldumarket.lt\/lt\/wp-json\/wp\/v2\/media?parent=231793"}],"wp:term":[{"taxonomy":"product_brand","embeddable":true,"href":"https:\/\/baldumarket.lt\/lt\/wp-json\/wp\/v2\/product_brand?post=231793"},{"taxonomy":"product_cat","embeddable":true,"href":"https:\/\/baldumarket.lt\/lt\/wp-json\/wp\/v2\/product_cat?post=231793"},{"taxonomy":"product_tag","embeddable":true,"href":"https:\/\/baldumarket.lt\/lt\/wp-json\/wp\/v2\/product_tag?post=231793"}],"curies":[{"name":"wp","href":"https:\/\/api.w.org\/{rel}","templated":true}]}}