{"id":231789,"date":"2025-12-29T01:51:12","date_gmt":"2025-12-28T22:51:12","guid":{"rendered":"https:\/\/baldumarket.lt\/product\/juta-komoda-ef-z-kominkiem-czarna\/"},"modified":"2026-02-11T18:36:08","modified_gmt":"2026-02-11T15:36:08","slug":"juta-komoda-ef-z-kominkiem-czarna","status":"publish","type":"product","link":"https:\/\/baldumarket.lt\/lt\/product\/juta-komoda-ef-z-kominkiem-czarna\/","title":{"rendered":"D\u017eiuto komoda su \u017eidiniu, juoda, EF"},"content":{"rendered":"<p>EF D\u017dIUTO KOMODA SU \u017dIDINIU, JUODA<br \/>\nKomoda su \u017eidiniu ant kojeli\u0173 yra unikalus ir stilingas interjero dizaino elementas. \u0160is baldas gali suteikti kambariui charakterio ir elegancijos.<br \/>\nKomoda su \u012fmontuotu \u017eidiniu yra unikalus interjero dizaino elementas, galintis suteikti kambariui ne tik funkcionalumo, bet ir \u017eavesio bei \u0161ilumos.<br \/>\nMed\u017eiaga:<br \/>\nKorpusas: 16 mm MDF<br \/>\nPriekin\u0117s dalys: HDF + PP Linol Calabria folija, MDF r\u0117mas<br \/>\nKojel\u0117s: juodo metalo, 20 cm auk\u0161\u010dio<br \/>\nRankenos: priekin\u0117 dalis nei\u0161siki\u0161a vir\u0161 stalvir\u0161io<br \/>\nElektrinio \u017eidinio apra\u0161ymas:<br \/>\nMaitinimo \u0161altinis: 220\u2013240 V \/ 50 Hz<br \/>\nNominali galia: 1400 W\u20131600 W<br \/>\n\u0160ildymo funkcija: 16\u201328 \u2103<br \/>\nLiepsnos spalvos: raudona, m\u0117lyna, violetin\u0117\/ro\u017ein\u0117 \u2013 kei\u010diamos nuotolinio valdymo pultu<\/p>","protected":false},"excerpt":{"rendered":"<p>\u016agis cm: 85<br \/>\nPlotis cm: 202<br \/>\nGylis cm: 39,5<br \/>\nDur\u0173 skai\u010dius: 2<\/p>","protected":false},"featured_media":231790,"comment_status":"open","ping_status":"open","template":"","meta":[],"product_brand":[],"product_cat":[8388,1173],"product_tag":[],"class_list":{"0":"post-231789","1":"product","2":"type-product","3":"status-publish","4":"has-post-thumbnail","6":"product_cat-cama-meble","7":"product_cat-chests-of-drawers","9":"first","10":"instock","11":"purchasable","12":"product-type-simple"},"_links":{"self":[{"href":"https:\/\/baldumarket.lt\/lt\/wp-json\/wp\/v2\/product\/231789","targetHints":{"allow":["GET"]}}],"collection":[{"href":"https:\/\/baldumarket.lt\/lt\/wp-json\/wp\/v2\/product"}],"about":[{"href":"https:\/\/baldumarket.lt\/lt\/wp-json\/wp\/v2\/types\/product"}],"replies":[{"embeddable":true,"href":"https:\/\/baldumarket.lt\/lt\/wp-json\/wp\/v2\/comments?post=231789"}],"wp:featuredmedia":[{"embeddable":true,"href":"https:\/\/baldumarket.lt\/lt\/wp-json\/wp\/v2\/media\/231790"}],"wp:attachment":[{"href":"https:\/\/baldumarket.lt\/lt\/wp-json\/wp\/v2\/media?parent=231789"}],"wp:term":[{"taxonomy":"product_brand","embeddable":true,"href":"https:\/\/baldumarket.lt\/lt\/wp-json\/wp\/v2\/product_brand?post=231789"},{"taxonomy":"product_cat","embeddable":true,"href":"https:\/\/baldumarket.lt\/lt\/wp-json\/wp\/v2\/product_cat?post=231789"},{"taxonomy":"product_tag","embeddable":true,"href":"https:\/\/baldumarket.lt\/lt\/wp-json\/wp\/v2\/product_tag?post=231789"}],"curies":[{"name":"wp","href":"https:\/\/api.w.org\/{rel}","templated":true}]}}