{"id":231785,"date":"2025-12-29T01:51:06","date_gmt":"2025-12-28T22:51:06","guid":{"rendered":"https:\/\/baldumarket.lt\/product\/juta-komoda-200-4d-czarny-mat\/"},"modified":"2026-02-11T18:36:08","modified_gmt":"2026-02-11T15:36:08","slug":"juta-komoda-200-4d-czarny-mat","status":"publish","type":"product","link":"https:\/\/baldumarket.lt\/lt\/product\/juta-komoda-200-4d-czarny-mat\/","title":{"rendered":"JUTA komoda 200 4D juoda matin\u0117"},"content":{"rendered":"<p>JUTA komoda 200 su 4 stal\u010diais, matin\u0117 juoda<br \/>\n\u0160i juoda komoda su 4 durimis ir r\u0117mu ant kojeli\u0173 pasi\u017eymi didesne talpa ir yra puikus sprendimas daiktams laikyti \u012fvairiuose kambariuose. Galima rinktis i\u0161 \u012fvairi\u0173 stili\u0173 ir med\u017eiag\u0173, tod\u0117l tai puikus sprendimas drabu\u017eiams, indams, dokumentams ar kitiems daiktams laikyti, priklausomai nuo paskirties ir poreiki\u0173.<br \/>\nMed\u017eiaga:<br \/>\nKorpusas: 16 mm MDF<br \/>\nPriekin\u0117s dalys: HDF + PP Linol Calabria folija, MDF r\u0117mas<br \/>\nKojel\u0117s: juodo metalo, 20 cm auk\u0161\u010dio<br \/>\nRankenos: n\u0117ra; priekin\u0117s dalys i\u0161siki\u0161a vir\u0161 stalvir\u0161io<\/p>","protected":false},"excerpt":{"rendered":"<p>Auk\u0161tis cm: 90<br \/>\nPlotis cm: 200<br \/>\nGylis cm: 39,5<br \/>\nDur\u0173 skai\u010dius: 4<\/p>","protected":false},"featured_media":231786,"comment_status":"open","ping_status":"open","template":"","meta":[],"product_brand":[],"product_cat":[8388,1173],"product_tag":[],"class_list":{"0":"post-231785","1":"product","2":"type-product","3":"status-publish","4":"has-post-thumbnail","6":"product_cat-cama-meble","7":"product_cat-chests-of-drawers","9":"first","10":"instock","11":"purchasable","12":"product-type-simple"},"_links":{"self":[{"href":"https:\/\/baldumarket.lt\/lt\/wp-json\/wp\/v2\/product\/231785","targetHints":{"allow":["GET"]}}],"collection":[{"href":"https:\/\/baldumarket.lt\/lt\/wp-json\/wp\/v2\/product"}],"about":[{"href":"https:\/\/baldumarket.lt\/lt\/wp-json\/wp\/v2\/types\/product"}],"replies":[{"embeddable":true,"href":"https:\/\/baldumarket.lt\/lt\/wp-json\/wp\/v2\/comments?post=231785"}],"wp:featuredmedia":[{"embeddable":true,"href":"https:\/\/baldumarket.lt\/lt\/wp-json\/wp\/v2\/media\/231786"}],"wp:attachment":[{"href":"https:\/\/baldumarket.lt\/lt\/wp-json\/wp\/v2\/media?parent=231785"}],"wp:term":[{"taxonomy":"product_brand","embeddable":true,"href":"https:\/\/baldumarket.lt\/lt\/wp-json\/wp\/v2\/product_brand?post=231785"},{"taxonomy":"product_cat","embeddable":true,"href":"https:\/\/baldumarket.lt\/lt\/wp-json\/wp\/v2\/product_cat?post=231785"},{"taxonomy":"product_tag","embeddable":true,"href":"https:\/\/baldumarket.lt\/lt\/wp-json\/wp\/v2\/product_tag?post=231785"}],"curies":[{"name":"wp","href":"https:\/\/api.w.org\/{rel}","templated":true}]}}