{"id":231781,"date":"2025-12-29T01:50:59","date_gmt":"2025-12-28T22:50:59","guid":{"rendered":"https:\/\/baldumarket.lt\/product\/juta-komoda-100-2d-czarny-mat\/"},"modified":"2026-02-11T18:36:08","modified_gmt":"2026-02-11T15:36:08","slug":"juta-komoda-100-2d-czarny-mat","status":"publish","type":"product","link":"https:\/\/baldumarket.lt\/lt\/product\/juta-komoda-100-2d-czarny-mat\/","title":{"rendered":"JUTA komoda 100 2D matin\u0117 juoda"},"content":{"rendered":"<p>JUTA komoda 100 2D matin\u0117 juoda<br \/>\n\u0160i juoda komoda su r\u0117mu ant kojeli\u0173 yra baldas, kur\u012f galima pastatyti \u012fvairiuose kambariuose, pavyzd\u017eiui, miegamajame, svetain\u0117je ar koridoriuje. \u0160is baldas gali b\u016bti \u012fvairi\u0173 stili\u0173 ir funkcij\u0173.<br \/>\nJei m\u0117gstate paprastum\u0105 ir modern\u0173 minimalizm\u0105, \u0161i juoda komoda su \u0161variomis linijomis ir subtiliai apdirbtomis kojel\u0117mis gali b\u016bti puikus j\u016bs\u0173 interjero papildymas.<br \/>\nMed\u017eiaga:<br \/>\nKorpusas: 16 mm MDF<br \/>\nPriekin\u0117s dalys: HDF + PP Linol Calabria folija, MDF r\u0117mas<br \/>\nKojel\u0117s: juodo metalo, 20 cm auk\u0161\u010dio<br \/>\nRankenos: n\u0117ra; priekin\u0117 dalis i\u0161siki\u0161a vir\u0161 stalvir\u0161io<\/p>","protected":false},"excerpt":{"rendered":"<p>Auk\u0161tis cm: 90<br \/>\nPlotis cm: 100<br \/>\nGylis cm: 39,5<br \/>\nDur\u0173 skai\u010dius: 2<\/p>","protected":false},"featured_media":231782,"comment_status":"open","ping_status":"open","template":"","meta":[],"product_brand":[],"product_cat":[8388,1173],"product_tag":[],"class_list":{"0":"post-231781","1":"product","2":"type-product","3":"status-publish","4":"has-post-thumbnail","6":"product_cat-cama-meble","7":"product_cat-chests-of-drawers","9":"first","10":"instock","11":"purchasable","12":"product-type-simple"},"_links":{"self":[{"href":"https:\/\/baldumarket.lt\/lt\/wp-json\/wp\/v2\/product\/231781","targetHints":{"allow":["GET"]}}],"collection":[{"href":"https:\/\/baldumarket.lt\/lt\/wp-json\/wp\/v2\/product"}],"about":[{"href":"https:\/\/baldumarket.lt\/lt\/wp-json\/wp\/v2\/types\/product"}],"replies":[{"embeddable":true,"href":"https:\/\/baldumarket.lt\/lt\/wp-json\/wp\/v2\/comments?post=231781"}],"wp:featuredmedia":[{"embeddable":true,"href":"https:\/\/baldumarket.lt\/lt\/wp-json\/wp\/v2\/media\/231782"}],"wp:attachment":[{"href":"https:\/\/baldumarket.lt\/lt\/wp-json\/wp\/v2\/media?parent=231781"}],"wp:term":[{"taxonomy":"product_brand","embeddable":true,"href":"https:\/\/baldumarket.lt\/lt\/wp-json\/wp\/v2\/product_brand?post=231781"},{"taxonomy":"product_cat","embeddable":true,"href":"https:\/\/baldumarket.lt\/lt\/wp-json\/wp\/v2\/product_cat?post=231781"},{"taxonomy":"product_tag","embeddable":true,"href":"https:\/\/baldumarket.lt\/lt\/wp-json\/wp\/v2\/product_tag?post=231781"}],"curies":[{"name":"wp","href":"https:\/\/api.w.org\/{rel}","templated":true}]}}