{"id":231777,"date":"2025-12-29T01:50:53","date_gmt":"2025-12-28T22:50:53","guid":{"rendered":"https:\/\/baldumarket.lt\/product\/isla-witryna-czarny-mat\/"},"modified":"2026-02-11T18:36:08","modified_gmt":"2026-02-11T15:36:08","slug":"isla-witryna-czarny-mat","status":"publish","type":"product","link":"https:\/\/baldumarket.lt\/lt\/product\/isla-witryna-czarny-mat\/","title":{"rendered":"ISLA VITRINA JUODA MATINIS"},"content":{"rendered":"<p>ISLA JUODA MATINIS VITRIN\u0116<br \/>\nSiaura \u201eIsla\u201c vitrina \u2013 tai modernus ir eleganti\u0161kas baldas, puikiai papildantis svetain\u0119, valgom\u0105j\u012f ar biur\u0105. D\u0117l plono dizaino j\u0105 galima pastatyti net ir ma\u017eesn\u0117se erdv\u0117se, i\u0161laikant visi\u0161k\u0105 funkcionalum\u0105. Priekin\u0117 dalis papuo\u0161ta dekoratyviniais juodais frezavimo langais, suteikian\u010diais visam baldui unikal\u0173 charakter\u012f ir pabr\u0117\u017eian\u010diu kolekcijos dizainerio stili\u0173.<br \/>\nSpintel\u0117 stovi ant 20 centimetr\u0173 ilgio kojeli\u0173, kurios yra tokios pa\u010dios spalvos kaip ir spintel\u0117, tod\u0117l atrodo lengvos ir lengviau palaikyti tvark\u0105 po apa\u010dia. Atidarymo spustel\u0117jus sistema panaikina ranken\u0173 poreik\u012f, tod\u0117l spintel\u0117 atrodo minimalistin\u0117 ir \u0161vari.<br \/>\nTai puikus pasirinkimas tiems, kurie vertina estetikos, funkcionalumo ir modernaus dizaino derin\u012f.<br \/>\nProdukto apra\u0161ymas:<br \/>\n\u00a0\u00a0\u00a0\u00a0\u00a0\u00a0\u00a0<br \/>\njuoda matin\u0117 vitrina su veidrod\u017eiu<br \/>\nISLA kolekcija pagyvins j\u016bs\u0173 interjer\u0105 ir suardys monotonij\u0105 dekoratyviniais grioveliais fasaduose. Grioveliais dekoruoti fasadai yra did\u017eiul\u0117 bald\u0173 dizaino tendencija. Paprasta bald\u0173 forma ir klasikiniai atspalviai daro kolekcij\u0105 universalia, tinkan\u010dia daugeliui interjero stili\u0173.<\/p>","protected":false},"excerpt":{"rendered":"<p>Kolekcija: ISLA<br \/>\nPlotis: 59,5<br \/>\n\u016agis: 180<br \/>\nGylis: 40<\/p>","protected":false},"featured_media":231778,"comment_status":"open","ping_status":"open","template":"","meta":[],"product_brand":[],"product_cat":[8388,2006],"product_tag":[],"class_list":{"0":"post-231777","1":"product","2":"type-product","3":"status-publish","4":"has-post-thumbnail","6":"product_cat-cama-meble","7":"product_cat-vitrines","9":"first","10":"instock","11":"purchasable","12":"product-type-simple"},"_links":{"self":[{"href":"https:\/\/baldumarket.lt\/lt\/wp-json\/wp\/v2\/product\/231777","targetHints":{"allow":["GET"]}}],"collection":[{"href":"https:\/\/baldumarket.lt\/lt\/wp-json\/wp\/v2\/product"}],"about":[{"href":"https:\/\/baldumarket.lt\/lt\/wp-json\/wp\/v2\/types\/product"}],"replies":[{"embeddable":true,"href":"https:\/\/baldumarket.lt\/lt\/wp-json\/wp\/v2\/comments?post=231777"}],"wp:featuredmedia":[{"embeddable":true,"href":"https:\/\/baldumarket.lt\/lt\/wp-json\/wp\/v2\/media\/231778"}],"wp:attachment":[{"href":"https:\/\/baldumarket.lt\/lt\/wp-json\/wp\/v2\/media?parent=231777"}],"wp:term":[{"taxonomy":"product_brand","embeddable":true,"href":"https:\/\/baldumarket.lt\/lt\/wp-json\/wp\/v2\/product_brand?post=231777"},{"taxonomy":"product_cat","embeddable":true,"href":"https:\/\/baldumarket.lt\/lt\/wp-json\/wp\/v2\/product_cat?post=231777"},{"taxonomy":"product_tag","embeddable":true,"href":"https:\/\/baldumarket.lt\/lt\/wp-json\/wp\/v2\/product_tag?post=231777"}],"curies":[{"name":"wp","href":"https:\/\/api.w.org\/{rel}","templated":true}]}}