{"id":231753,"date":"2025-12-29T01:50:22","date_gmt":"2025-12-28T22:50:22","guid":{"rendered":"https:\/\/baldumarket.lt\/product\/isla-rtv-200-czarny-mat\/"},"modified":"2026-02-11T18:36:09","modified_gmt":"2026-02-11T15:36:09","slug":"isla-rtv-200-czarny-mat","status":"publish","type":"product","link":"https:\/\/baldumarket.lt\/lt\/product\/isla-rtv-200-czarny-mat\/","title":{"rendered":"ISLA RTV 200 RYTIN\u0116 JUODA"},"content":{"rendered":"<p>ISLA RTV 200<br \/>\n\u0160is juodas televizoriaus staliukas ant auk\u0161t\u0173 kojeli\u0173 yra eleganti\u0161kas ir modernus pasirinkimas j\u016bs\u0173 svetainei. \u0160is baldas ne tik atlieka praktin\u0119 funkcij\u0105, leisdamas laikyti elektronik\u0105, bet ir suteikia stiliaus j\u016bs\u0173 interjerui.<br \/>\nMed\u017eiaga:<br \/>\nKorpusas: 16 mm laminuota plok\u0161t\u0117<br \/>\nFasadas: 16 mm MDF su matomu frezavimu<br \/>\nRankenos: n\u0117ra, PUSH-OREN sistema<br \/>\nKojel\u0117s: 20 cm auk\u0161\u010dio juodas metalas<br \/>\nProdukto apra\u0161ymas:<br \/>\nKeturi \u0161oniniai atvartai<br \/>\nLaisva vidaus erdv\u0117<br \/>\nISLA kolekcija pagyvins j\u016bs\u0173 interjer\u0105 ir suardys monotonij\u0105 dekoratyviniais grioveliais fasaduose. Grioveliais dekoruoti fasadai yra did\u017eiul\u0117 bald\u0173 dizaino tendencija. Paprasta bald\u0173 forma ir klasikiniai atspalviai daro kolekcij\u0105 universalia, papildan\u010dia daugel\u012f interjero stili\u0173.<\/p>","protected":false},"excerpt":{"rendered":"<p>Kolekcija: ISLA<br \/>\nPlotis: 200,5<br \/>\n\u016agis: 60<br \/>\nGylis: 40<br \/>\nDur\u0173 skai\u010dius: 4<\/p>","protected":false},"featured_media":231754,"comment_status":"open","ping_status":"open","template":"","meta":[],"product_brand":[],"product_cat":[8388,1175],"product_tag":[],"class_list":{"0":"post-231753","1":"product","2":"type-product","3":"status-publish","4":"has-post-thumbnail","6":"product_cat-cama-meble","7":"product_cat-tv-stands","9":"first","10":"instock","11":"purchasable","12":"product-type-simple"},"_links":{"self":[{"href":"https:\/\/baldumarket.lt\/lt\/wp-json\/wp\/v2\/product\/231753","targetHints":{"allow":["GET"]}}],"collection":[{"href":"https:\/\/baldumarket.lt\/lt\/wp-json\/wp\/v2\/product"}],"about":[{"href":"https:\/\/baldumarket.lt\/lt\/wp-json\/wp\/v2\/types\/product"}],"replies":[{"embeddable":true,"href":"https:\/\/baldumarket.lt\/lt\/wp-json\/wp\/v2\/comments?post=231753"}],"wp:featuredmedia":[{"embeddable":true,"href":"https:\/\/baldumarket.lt\/lt\/wp-json\/wp\/v2\/media\/231754"}],"wp:attachment":[{"href":"https:\/\/baldumarket.lt\/lt\/wp-json\/wp\/v2\/media?parent=231753"}],"wp:term":[{"taxonomy":"product_brand","embeddable":true,"href":"https:\/\/baldumarket.lt\/lt\/wp-json\/wp\/v2\/product_brand?post=231753"},{"taxonomy":"product_cat","embeddable":true,"href":"https:\/\/baldumarket.lt\/lt\/wp-json\/wp\/v2\/product_cat?post=231753"},{"taxonomy":"product_tag","embeddable":true,"href":"https:\/\/baldumarket.lt\/lt\/wp-json\/wp\/v2\/product_tag?post=231753"}],"curies":[{"name":"wp","href":"https:\/\/api.w.org\/{rel}","templated":true}]}}