{"id":231740,"date":"2025-12-29T01:50:04","date_gmt":"2025-12-28T22:50:04","guid":{"rendered":"https:\/\/baldumarket.lt\/product\/isla-regal-100-czarny-mat\/"},"modified":"2026-02-11T18:36:09","modified_gmt":"2026-02-11T15:36:09","slug":"isla-regal-100-czarny-mat","status":"publish","type":"product","link":"https:\/\/baldumarket.lt\/lt\/product\/isla-regal-100-czarny-mat\/","title":{"rendered":"ISLA LENTYNOS 100 JUODA MATINIS"},"content":{"rendered":"<p>ISLA LENTYNOS 100 MATIN\u0116S JUODOS<br \/>\nNuotraukoje pavaizduota lentyna yra modernus, juodas baldas, pasi\u017eymintis paprastu ir eleganti\u0161ku dizainu. Joje yra devynios atviros lentynos, puikiai tinkan\u010dios knygoms, dekoracijoms ar organizatoriams eksponuoti. Apa\u010dioje yra rakinama spintel\u0117 su dviem durel\u0117mis, puikiai tinkanti laikyti daiktus, kuriuos norite pasl\u0117pti. Plonos kojel\u0117s suteikia visai konstrukcijai lengvumo, o klasikin\u0117 juoda apdaila leid\u017eia lentynai lengvai pritaikyti \u012fvairius interjerus \u2013 nuo svetaini\u0173 iki biur\u0173 ir paaugli\u0173 kambari\u0173.<br \/>\nMed\u017eiaga:<br \/>\nKorpusas: 16 mm laminuota plok\u0161t\u0117<br \/>\nFasadas: 16 mm MDF su matomu frezavimu<br \/>\nRankenos: n\u0117ra, PUSH-OREN sistema<br \/>\nKojel\u0117s: metalin\u0117s, baldo spalvos, 20 cm auk\u0161\u010dio<br \/>\nProdukto apra\u0161ymas:<br \/>\n\u00a0\u00a0\u00a0\u00a0\u00a0\u00a0\u00a0<br \/>\nMatin\u0117s juodos spalvos fasadai atsiveria \u012f \u0161onus<br \/>\nViena lentyna viduje<br \/>\nLentyn\u0173 blokas<br \/>\nISLA kolekcija pagyvins j\u016bs\u0173 interjer\u0105 ir suardys monotonij\u0105 dekoratyviniais grioveliais fasaduose. Grioveliais dekoruoti fasadai yra did\u017eiul\u0117 bald\u0173 dizaino tendencija. Paprasta bald\u0173 forma ir klasikiniai atspalviai daro kolekcij\u0105 universalia, papildan\u010dia daugel\u012f interjero stili\u0173.<\/p>","protected":false},"excerpt":{"rendered":"<p>Kolekcija: ISLA<br \/>\nPlotis: 100<br \/>\n\u016agis: 174,5<br \/>\nGylis: 40<br \/>\nDur\u0173 tipas: Varstomos (atidaromos)<br \/>\nDur\u0173 skai\u010dius: 2<\/p>","protected":false},"featured_media":231741,"comment_status":"open","ping_status":"open","template":"","meta":[],"product_brand":[],"product_cat":[8388,1987],"product_tag":[],"class_list":{"0":"post-231740","1":"product","2":"type-product","3":"status-publish","4":"has-post-thumbnail","6":"product_cat-cama-meble","7":"product_cat-shelving-units","9":"first","10":"instock","11":"purchasable","12":"product-type-simple"},"_links":{"self":[{"href":"https:\/\/baldumarket.lt\/lt\/wp-json\/wp\/v2\/product\/231740","targetHints":{"allow":["GET"]}}],"collection":[{"href":"https:\/\/baldumarket.lt\/lt\/wp-json\/wp\/v2\/product"}],"about":[{"href":"https:\/\/baldumarket.lt\/lt\/wp-json\/wp\/v2\/types\/product"}],"replies":[{"embeddable":true,"href":"https:\/\/baldumarket.lt\/lt\/wp-json\/wp\/v2\/comments?post=231740"}],"wp:featuredmedia":[{"embeddable":true,"href":"https:\/\/baldumarket.lt\/lt\/wp-json\/wp\/v2\/media\/231741"}],"wp:attachment":[{"href":"https:\/\/baldumarket.lt\/lt\/wp-json\/wp\/v2\/media?parent=231740"}],"wp:term":[{"taxonomy":"product_brand","embeddable":true,"href":"https:\/\/baldumarket.lt\/lt\/wp-json\/wp\/v2\/product_brand?post=231740"},{"taxonomy":"product_cat","embeddable":true,"href":"https:\/\/baldumarket.lt\/lt\/wp-json\/wp\/v2\/product_cat?post=231740"},{"taxonomy":"product_tag","embeddable":true,"href":"https:\/\/baldumarket.lt\/lt\/wp-json\/wp\/v2\/product_tag?post=231740"}],"curies":[{"name":"wp","href":"https:\/\/api.w.org\/{rel}","templated":true}]}}