{"id":231736,"date":"2025-12-29T01:49:59","date_gmt":"2025-12-28T22:49:59","guid":{"rendered":"https:\/\/baldumarket.lt\/product\/isla-regal-100-bez-mat\/"},"modified":"2026-02-11T18:36:09","modified_gmt":"2026-02-11T15:36:09","slug":"isla-regal-100-bez-mat","status":"publish","type":"product","link":"https:\/\/baldumarket.lt\/lt\/product\/isla-regal-100-bez-mat\/","title":{"rendered":"ISLA LENTYNA 100 MATIN\u0116 SM\u0116LIO SPALVA"},"content":{"rendered":"<p>ISLA LENTYNOS 100 MATIN\u0116S SM\u0116LIO SPALVOS<br \/>\nNuotraukoje pavaizduota lentyn\u0173 sistema yra modernus, sm\u0117lio spalvos baldas, pasi\u017eymintis paprastu ir eleganti\u0161ku dizainu. Joje yra devynios atviros lentynos, puikiai tinkan\u010dios knygoms, dekoracijoms ar organizatoriams eksponuoti. Apatin\u0117je dalyje yra u\u017erakinama spintel\u0117 su dviem durel\u0117mis, kurioje galite laikyti daiktus, kuri\u0173 nenorite pasl\u0117pti. Plonos kojel\u0117s suteikia visai konstrukcijai lengvumo poj\u016bt\u012f, o neutrali spalva leid\u017eia lentyn\u0173 sistem\u0105 lengvai pritaikyti \u012fvairiuose interjeruose \u2013 nuo svetain\u0117s iki biuro ar paauglio kambario.<br \/>\nMed\u017eiaga:<br \/>\nKorpusas: 16 mm laminuota plok\u0161t\u0117<br \/>\nPriekin\u0117s dalys: 16 mm MDF plok\u0161t\u0117s su matomais grioveliais<br \/>\nRankenos: n\u0117ra, PUSH-OREN sistema<br \/>\nKojel\u0117s: metalin\u0117s, baldo spalvos, 20 cm auk\u0161\u010dio<br \/>\nProdukto apra\u0161ymas:<br \/>\n\u00a0\u00a0\u00a0\u00a0\u00a0\u00a0\u00a0<br \/>\nMatin\u0117s sm\u0117lio spalvos, priekis atviras \u012f \u0161onus<br \/>\nViena lentyna viduje<br \/>\nLentyna<br \/>\nISLA kolekcija pagyvins j\u016bs\u0173 interjer\u0105 ir suardys monotonij\u0105 dekoratyviniais grioveliais fasaduose. Grioveliais dekoruoti fasadai yra did\u017eiausia bald\u0173 dizaino tendencija. Paprasta bald\u0173 forma ir klasikiniai atspalviai daro kolekcij\u0105 universalia, tinkan\u010dia daugeliui interjero stili\u0173.<\/p>","protected":false},"excerpt":{"rendered":"<p>Kolekcija: ISLA<br \/>\nPlotis: 100<br \/>\n\u016agis: 174,5<br \/>\nGylis: 40<br \/>\nDur\u0173 tipas: Varstomos (atidaromos)<br \/>\nDur\u0173 skai\u010dius: 2<\/p>","protected":false},"featured_media":231737,"comment_status":"open","ping_status":"open","template":"","meta":[],"product_brand":[],"product_cat":[8388,1987],"product_tag":[],"class_list":{"0":"post-231736","1":"product","2":"type-product","3":"status-publish","4":"has-post-thumbnail","6":"product_cat-cama-meble","7":"product_cat-shelving-units","9":"first","10":"instock","11":"purchasable","12":"product-type-simple"},"_links":{"self":[{"href":"https:\/\/baldumarket.lt\/lt\/wp-json\/wp\/v2\/product\/231736","targetHints":{"allow":["GET"]}}],"collection":[{"href":"https:\/\/baldumarket.lt\/lt\/wp-json\/wp\/v2\/product"}],"about":[{"href":"https:\/\/baldumarket.lt\/lt\/wp-json\/wp\/v2\/types\/product"}],"replies":[{"embeddable":true,"href":"https:\/\/baldumarket.lt\/lt\/wp-json\/wp\/v2\/comments?post=231736"}],"wp:featuredmedia":[{"embeddable":true,"href":"https:\/\/baldumarket.lt\/lt\/wp-json\/wp\/v2\/media\/231737"}],"wp:attachment":[{"href":"https:\/\/baldumarket.lt\/lt\/wp-json\/wp\/v2\/media?parent=231736"}],"wp:term":[{"taxonomy":"product_brand","embeddable":true,"href":"https:\/\/baldumarket.lt\/lt\/wp-json\/wp\/v2\/product_brand?post=231736"},{"taxonomy":"product_cat","embeddable":true,"href":"https:\/\/baldumarket.lt\/lt\/wp-json\/wp\/v2\/product_cat?post=231736"},{"taxonomy":"product_tag","embeddable":true,"href":"https:\/\/baldumarket.lt\/lt\/wp-json\/wp\/v2\/product_tag?post=231736"}],"curies":[{"name":"wp","href":"https:\/\/api.w.org\/{rel}","templated":true}]}}