{"id":231733,"date":"2025-12-29T01:49:55","date_gmt":"2025-12-28T22:49:55","guid":{"rendered":"https:\/\/baldumarket.lt\/product\/isla-lawa-czarny-mat\/"},"modified":"2026-02-11T18:36:09","modified_gmt":"2026-02-11T15:36:09","slug":"isla-lawa-czarny-mat","status":"publish","type":"product","link":"https:\/\/baldumarket.lt\/lt\/product\/isla-lawa-czarny-mat\/","title":{"rendered":"ISLA SUOLAS JUODA MATIN\u0116"},"content":{"rendered":"<p>ISLA kavos staliukas, matin\u0117 juoda spalva<br \/>\n\u0160is sta\u010diakampis kavos staliukas su eleganti\u0161ka juoda apdaila derina modern\u0173 stili\u0173 su funkcionalumu. I\u0161skirtinis bruo\u017eas \u2013 subtil\u016bs, dekoratyviniai grioveliai \u0161onuose, suteikiantys rafinuotumo. Prakti\u0161ka apatin\u0117 lentyna suteikia papildomos vietos knygoms, \u017eurnalams ir nieku\u010diams, tod\u0117l stalvir\u0161is i\u0161lieka tvarkingas. Paprastas dizainas ir tamsios spalvos daro kavos staliuk\u0105 puikiai tinkant\u012f modernaus, industrinio ar klasikinio stiliaus svetain\u0117ms.<br \/>\nProdukto apra\u0161ymas:<br \/>\n\u00a0\u00a0\u00a0\u00a0\u00a0\u00a0\u00a0<br \/>\nmatinis juodas kavos staliukas su lentyna<br \/>\nISLA kolekcija pagyvins j\u016bs\u0173 interjer\u0105 ir suardys monotonij\u0105 dekoratyviniais grioveliais fasaduose. Grioveliais dekoruoti fasadai yra did\u017eiul\u0117 bald\u0173 dizaino tendencija. Paprasta bald\u0173 forma ir klasikiniai atspalviai daro kolekcij\u0105 universalia, papildan\u010dia daugel\u012f interjero stili\u0173.<\/p>","protected":false},"excerpt":{"rendered":"<p>ISLA KAVOS STALIUKAS, MATIN\u0116 JUODA. \u0160is sta\u010diakampis kavos staliukas su eleganti\u0161ka juoda apdaila derina modern\u0173 stili\u0173 su funkcionalumu. I\u0161skirtinis bruo\u017eas \u2013 subtil\u016bs, dekoratyviniai grioveliai \u0161onuose, suteikiantys rafinuotumo. Prakti\u0161ka apatin\u0117 lentyna suteikia papildomos vietos knygoms, \u017eurnalams ir kitiems nieku\u010diams, tod\u0117l stalvir\u0161is i\u0161lieka tvarkingas. Paprastas dizainas ir [\u2026]<\/p>","protected":false},"featured_media":231734,"comment_status":"open","ping_status":"open","template":"","meta":[],"product_brand":[],"product_cat":[8388,866],"product_tag":[],"class_list":{"0":"post-231733","1":"product","2":"type-product","3":"status-publish","4":"has-post-thumbnail","6":"product_cat-cama-meble","7":"product_cat-coffee-tables","9":"first","10":"instock","11":"purchasable","12":"product-type-simple"},"_links":{"self":[{"href":"https:\/\/baldumarket.lt\/lt\/wp-json\/wp\/v2\/product\/231733","targetHints":{"allow":["GET"]}}],"collection":[{"href":"https:\/\/baldumarket.lt\/lt\/wp-json\/wp\/v2\/product"}],"about":[{"href":"https:\/\/baldumarket.lt\/lt\/wp-json\/wp\/v2\/types\/product"}],"replies":[{"embeddable":true,"href":"https:\/\/baldumarket.lt\/lt\/wp-json\/wp\/v2\/comments?post=231733"}],"wp:featuredmedia":[{"embeddable":true,"href":"https:\/\/baldumarket.lt\/lt\/wp-json\/wp\/v2\/media\/231734"}],"wp:attachment":[{"href":"https:\/\/baldumarket.lt\/lt\/wp-json\/wp\/v2\/media?parent=231733"}],"wp:term":[{"taxonomy":"product_brand","embeddable":true,"href":"https:\/\/baldumarket.lt\/lt\/wp-json\/wp\/v2\/product_brand?post=231733"},{"taxonomy":"product_cat","embeddable":true,"href":"https:\/\/baldumarket.lt\/lt\/wp-json\/wp\/v2\/product_cat?post=231733"},{"taxonomy":"product_tag","embeddable":true,"href":"https:\/\/baldumarket.lt\/lt\/wp-json\/wp\/v2\/product_tag?post=231733"}],"curies":[{"name":"wp","href":"https:\/\/api.w.org\/{rel}","templated":true}]}}