{"id":231707,"date":"2025-12-29T01:49:19","date_gmt":"2025-12-28T22:49:19","guid":{"rendered":"https:\/\/baldumarket.lt\/product\/inserto-szafki-nocne-1d-kpl-2szt\/"},"modified":"2026-02-11T18:36:09","modified_gmt":"2026-02-11T15:36:09","slug":"inserto-szafki-nocne-1d-kpl-2szt","status":"publish","type":"product","link":"https:\/\/baldumarket.lt\/lt\/product\/inserto-szafki-nocne-1d-kpl-2szt\/","title":{"rendered":"\u012ededamos naktin\u0117s spintel\u0117s, 1D, 2 vnt. komplektas"},"content":{"rendered":"<p>Naktinis staliukas ant metalini\u0173 koj\u0173 \u2013 elegancija ir funkcionalumas<br \/>\n\u0160is modernus naktinis staliukas derina stili\u0173 ir prakti\u0161kum\u0105. Pagamintas i\u0161 auk\u0161tos kokyb\u0117s MDF plok\u0161t\u0117s, jis pasi\u017eymi subtiliais frezavimais, suteikian\u010diais jam unikal\u0173 charakter\u012f. Metalin\u0117s kojel\u0117s u\u017etikrina stabilum\u0105 ir lengv\u0105, aptak\u0173 dizain\u0105, puikiai papildant\u012f modern\u0173 interjer\u0105.<br \/>\nD\u0117l \u201ePUSH-to-open\u201c sistemos naktinis staliukas yra be ranken\u0117li\u0173, tod\u0117l pabr\u0117\u017eiamas minimalistinis jo dizainas ir u\u017etikrinamas paprastas naudojimas.<br \/>\nNaktinis staliukas yra dviej\u0173 spalv\u0173:<br \/>\nKa\u0161tonas su Wotano \u0105\u017euolu \u2013 \u0161ilti, nat\u016bral\u016bs medienos tonai, kurie sustiprina jauki\u0105 bet kokio interjero atmosfer\u0105.<br \/>\nJuoda su Wotano \u0105\u017euolu \u2013 eleganti\u0161kas tamsiai juodos spalvos ir nat\u016bralios medienos derinys, puikiai tinkantis moderniam interjerui.<br \/>\nTai puikus pasirinkimas tiems, kurie vertina stilingus ir funkcionalius baldus!<\/p>","protected":false},"excerpt":{"rendered":"<p>Kolekcija: INSERTO<br \/>\nPlotis: 50<br \/>\n\u016agis: 61,50<br \/>\nGylis: 40<br \/>\nDur\u0173 skai\u010dius: 1<\/p>","protected":false},"featured_media":231708,"comment_status":"open","ping_status":"open","template":"","meta":[],"product_brand":[],"product_cat":[1176,8388],"product_tag":[],"class_list":{"0":"post-231707","1":"product","2":"type-product","3":"status-publish","4":"has-post-thumbnail","6":"product_cat-bedside-tables","7":"product_cat-cama-meble","9":"first","10":"instock","11":"purchasable","12":"product-type-simple"},"_links":{"self":[{"href":"https:\/\/baldumarket.lt\/lt\/wp-json\/wp\/v2\/product\/231707","targetHints":{"allow":["GET"]}}],"collection":[{"href":"https:\/\/baldumarket.lt\/lt\/wp-json\/wp\/v2\/product"}],"about":[{"href":"https:\/\/baldumarket.lt\/lt\/wp-json\/wp\/v2\/types\/product"}],"replies":[{"embeddable":true,"href":"https:\/\/baldumarket.lt\/lt\/wp-json\/wp\/v2\/comments?post=231707"}],"wp:featuredmedia":[{"embeddable":true,"href":"https:\/\/baldumarket.lt\/lt\/wp-json\/wp\/v2\/media\/231708"}],"wp:attachment":[{"href":"https:\/\/baldumarket.lt\/lt\/wp-json\/wp\/v2\/media?parent=231707"}],"wp:term":[{"taxonomy":"product_brand","embeddable":true,"href":"https:\/\/baldumarket.lt\/lt\/wp-json\/wp\/v2\/product_brand?post=231707"},{"taxonomy":"product_cat","embeddable":true,"href":"https:\/\/baldumarket.lt\/lt\/wp-json\/wp\/v2\/product_cat?post=231707"},{"taxonomy":"product_tag","embeddable":true,"href":"https:\/\/baldumarket.lt\/lt\/wp-json\/wp\/v2\/product_tag?post=231707"}],"curies":[{"name":"wp","href":"https:\/\/api.w.org\/{rel}","templated":true}]}}