{"id":231700,"date":"2025-12-29T01:49:10","date_gmt":"2025-12-28T22:49:10","guid":{"rendered":"https:\/\/baldumarket.lt\/product\/inserto-szafka-rtv-3d1w\/"},"modified":"2026-02-11T18:36:09","modified_gmt":"2026-02-11T15:36:09","slug":"inserto-szafka-rtv-3d1w","status":"publish","type":"product","link":"https:\/\/baldumarket.lt\/lt\/product\/inserto-szafka-rtv-3d1w\/","title":{"rendered":"\u012ededama televizoriaus spintel\u0117 3D1W"},"content":{"rendered":"<p>INSERTO 3D 1W TV SPINTEL\u0116<br \/>\nINSERTO TV SPINTEL\u0116 \u2013 modernus dizainas ir funkcionalumas<br \/>\n\u201eINSERTO\u201c TV SPINTEL\u0116 \u2013 tai tobulas elegancijos ir prakti\u0161kumo derinys, puikiai papildantis modern\u0173 interjer\u0105. Galima rinktis i\u0161 dviej\u0173 mading\u0173 spalv\u0173 \u2013 ka\u0161myro ir juodos \u2013 tod\u0117l ji tinka \u012fvairiems interjero dizainams.<br \/>\nPagrindin\u0117s savyb\u0117s:<br \/>\n\u2714 Stilingi frezuoti fasadai \u2013 pagaminti i\u0161 auk\u0161tos kokyb\u0117s MDF, suteikia spintelei unikalumo ir pabr\u0117\u017eia jos dizainerin\u0119 i\u0161vaizd\u0105.<br \/>\n\u2714 Atidarymo spustel\u0117jus funkcija \u2013 ranken\u0117li\u0173 nebuvimas leid\u017eia patogiai ir minimalisti\u0161kai atidaryti spintel\u0119.<br \/>\n\u2714 Metalin\u0117s kojel\u0117s \u2013 garantuoja stabilum\u0105 ir pabr\u0117\u017eia modern\u0173 baldo stili\u0173.<br \/>\n\u2714 LED foninis ap\u0161vietimas \u2013 subtili \u0161viesa palei nat\u016bral\u0173 dekor\u0105 sukuria jauki\u0105 atmosfer\u0105.<br \/>\nINSERTO spintel\u0117 \u2013 puikus pasirinkimas stilingo dizaino ir funkcionali\u0173 sprendim\u0173 m\u0117g\u0117jams. Ji bus idealus multimedijos centras svetain\u0117je!<\/p>","protected":false},"excerpt":{"rendered":"<p>Kolekcija: INSERTO<br \/>\nPlotis: 190<br \/>\n\u016agis: 61,5<br \/>\nGylis: 40<br \/>\nAp\u0161vietimas: standartinis<\/p>","protected":false},"featured_media":231701,"comment_status":"open","ping_status":"open","template":"","meta":[],"product_brand":[],"product_cat":[8388,1175],"product_tag":[],"class_list":{"0":"post-231700","1":"product","2":"type-product","3":"status-publish","4":"has-post-thumbnail","6":"product_cat-cama-meble","7":"product_cat-tv-stands","9":"first","10":"instock","11":"purchasable","12":"product-type-simple"},"_links":{"self":[{"href":"https:\/\/baldumarket.lt\/lt\/wp-json\/wp\/v2\/product\/231700","targetHints":{"allow":["GET"]}}],"collection":[{"href":"https:\/\/baldumarket.lt\/lt\/wp-json\/wp\/v2\/product"}],"about":[{"href":"https:\/\/baldumarket.lt\/lt\/wp-json\/wp\/v2\/types\/product"}],"replies":[{"embeddable":true,"href":"https:\/\/baldumarket.lt\/lt\/wp-json\/wp\/v2\/comments?post=231700"}],"wp:featuredmedia":[{"embeddable":true,"href":"https:\/\/baldumarket.lt\/lt\/wp-json\/wp\/v2\/media\/231701"}],"wp:attachment":[{"href":"https:\/\/baldumarket.lt\/lt\/wp-json\/wp\/v2\/media?parent=231700"}],"wp:term":[{"taxonomy":"product_brand","embeddable":true,"href":"https:\/\/baldumarket.lt\/lt\/wp-json\/wp\/v2\/product_brand?post=231700"},{"taxonomy":"product_cat","embeddable":true,"href":"https:\/\/baldumarket.lt\/lt\/wp-json\/wp\/v2\/product_cat?post=231700"},{"taxonomy":"product_tag","embeddable":true,"href":"https:\/\/baldumarket.lt\/lt\/wp-json\/wp\/v2\/product_tag?post=231700"}],"curies":[{"name":"wp","href":"https:\/\/api.w.org\/{rel}","templated":true}]}}