{"id":231693,"date":"2025-12-29T01:49:02","date_gmt":"2025-12-28T22:49:02","guid":{"rendered":"https:\/\/baldumarket.lt\/product\/inserto-szafka-rtv-3d\/"},"modified":"2026-02-11T18:36:09","modified_gmt":"2026-02-11T15:36:09","slug":"inserto-szafka-rtv-3d","status":"publish","type":"product","link":"https:\/\/baldumarket.lt\/lt\/product\/inserto-szafka-rtv-3d\/","title":{"rendered":"\u012eD\u0116KITE 3D TV SPINTEL\u0116"},"content":{"rendered":"<p>INSERTO 3D televizoriaus spintel\u0117 \u2013 modernus dizainas ir funkcionalumas<br \/>\nINSERTO 3D televizoriaus spintel\u0117 \u2013 eleganti\u0161kas ir modernus baldas, i\u0161siskiriantis unikaliu dizainu ir auk\u0161tos kokyb\u0117s meistri\u0161kumu. Galima rinktis i\u0161 dviej\u0173 unikali\u0173 spalv\u0173: ka\u0161myro ir wotano derinio bei juodos ir wotano derinio, tod\u0117l puikiai dera prie \u012fvairi\u0173 interjero dizain\u0173 \u2013 nuo minimalistinio iki lofto stiliaus.<br \/>\nSpintel\u0117s fasadai pagaminti i\u0161 MDF plok\u0161t\u0117s su matomu frezavimu, suteikian\u010diu baldui unikal\u0173 charakter\u012f ir pabr\u0117\u017eiant\u012f modern\u0173 stili\u0173. D\u0117l atidarymo spustel\u0117jus sistemos spintel\u0117 yra be ranken\u0117li\u0173, tod\u0117l ji esteti\u0161kai patraukli ir patogesn\u0117 naudoti. Metalin\u0117s kojel\u0117s suteikia lengvumo poj\u016bt\u012f ir u\u017etikrina stabilum\u0105.<br \/>\nINSERTO 3D \u2013 puikus pasirinkimas tiems, kurie vertina modern\u0173 dizain\u0105 ir funkcionalum\u0105. Jis puikiai tiks tiek svetain\u0117je, tiek darbo kambaryje, suteikdamas bet kokiam interjerui unikal\u0173 charakter\u012f.<\/p>","protected":false},"excerpt":{"rendered":"<p>Kolekcija: INSERTO<br \/>\nPlotis: 143,5<br \/>\n\u016agis: 61,5<br \/>\nGylis: 40<br \/>\nDur\u0173 skai\u010dius: 3<\/p>","protected":false},"featured_media":231694,"comment_status":"open","ping_status":"open","template":"","meta":[],"product_brand":[],"product_cat":[8388,1175],"product_tag":[],"class_list":{"0":"post-231693","1":"product","2":"type-product","3":"status-publish","4":"has-post-thumbnail","6":"product_cat-cama-meble","7":"product_cat-tv-stands","9":"first","10":"instock","11":"purchasable","12":"product-type-simple"},"_links":{"self":[{"href":"https:\/\/baldumarket.lt\/lt\/wp-json\/wp\/v2\/product\/231693","targetHints":{"allow":["GET"]}}],"collection":[{"href":"https:\/\/baldumarket.lt\/lt\/wp-json\/wp\/v2\/product"}],"about":[{"href":"https:\/\/baldumarket.lt\/lt\/wp-json\/wp\/v2\/types\/product"}],"replies":[{"embeddable":true,"href":"https:\/\/baldumarket.lt\/lt\/wp-json\/wp\/v2\/comments?post=231693"}],"wp:featuredmedia":[{"embeddable":true,"href":"https:\/\/baldumarket.lt\/lt\/wp-json\/wp\/v2\/media\/231694"}],"wp:attachment":[{"href":"https:\/\/baldumarket.lt\/lt\/wp-json\/wp\/v2\/media?parent=231693"}],"wp:term":[{"taxonomy":"product_brand","embeddable":true,"href":"https:\/\/baldumarket.lt\/lt\/wp-json\/wp\/v2\/product_brand?post=231693"},{"taxonomy":"product_cat","embeddable":true,"href":"https:\/\/baldumarket.lt\/lt\/wp-json\/wp\/v2\/product_cat?post=231693"},{"taxonomy":"product_tag","embeddable":true,"href":"https:\/\/baldumarket.lt\/lt\/wp-json\/wp\/v2\/product_tag?post=231693"}],"curies":[{"name":"wp","href":"https:\/\/api.w.org\/{rel}","templated":true}]}}