{"id":231686,"date":"2025-12-29T01:48:52","date_gmt":"2025-12-28T22:48:52","guid":{"rendered":"https:\/\/baldumarket.lt\/product\/inserto-komoda-3d1w\/"},"modified":"2026-02-11T18:36:09","modified_gmt":"2026-02-11T15:36:09","slug":"inserto-komoda-3d1w","status":"publish","type":"product","link":"https:\/\/baldumarket.lt\/lt\/product\/inserto-komoda-3d1w\/","title":{"rendered":"\u012ededama komoda su stal\u010diais 3 matmenys 1 plotis"},"content":{"rendered":"<p>Moderni INSERTO 3D komoda \u2013 stilius ir funkcionalumas viename<br \/>\nIe\u0161kote unikalaus baldo, kuriame der\u0117t\u0173 eleganti\u0161kas dizainas ir funkcionalumas? INSERTO 3D komoda \u2013 puikus pasirinkimas!<br \/>\n\u00a0 Galima rinktis i\u0161 dviej\u0173 spalv\u0173:<br \/>\n\u00a0 Ka\u0161myras kartu su Wotano \u0105\u017euolu<br \/>\n\u00a0 Juoda kartu su Wotano \u0105\u017euolu<br \/>\nModernus dizainas:<br \/>\nMDF fasadai su dekoratyviniais frezavimais suteikia baldui unikal\u0173 charakter\u012f. Lygaus pavir\u0161iaus ir nat\u016bralios medienos i\u0161vaizdos derinys sukuria unikal\u0173 vizualin\u012f efekt\u0105.<br \/>\n\u00a0 Be ranken\u0117li\u0173 \u2013 atidarymo spustel\u0117jus sistema:<br \/>\nD\u0117l modernios atidarymo spustel\u0117jus sistemos komoda yra be ranken\u0117li\u0173, pabr\u0117\u017eianti minimalistin\u012f jos stili\u0173 ir palengvinanti kasdien\u012f naudojim\u0105.<br \/>\n\u00a0 Metalin\u0117s kojos:<br \/>\nTvirtos metalin\u0117s kojel\u0117s suteikia baldui stabilumo ir lengvumo, puikiai papildydamos modern\u0173 ir lofto stiliaus interjer\u0105. Apgalvotas i\u0161d\u0117stymas:<br \/>\n\u0160i indauja turi tris rakinamas spinteles ir funkcionali\u0105 ni\u0161\u0105, puikiai tinkan\u010di\u0105 knygoms, dekoracijoms ar elektronikai laikyti.<br \/>\n\u00a0 Auk\u0161tos kokyb\u0117s darbas<br \/>\n\u00a0 Universalus stilius, tinkantis tiek moderniam, tiek klasikiniam interjerui<br \/>\n\u00a0 \u012esp\u016bdingas LED ap\u0161vietimas<br \/>\nRinkit\u0117s INSERTO 3D ir m\u0117gaukit\u0117s eleganti\u0161ku bei prakti\u0161ku sprendimu savo interjerui!<\/p>","protected":false},"excerpt":{"rendered":"<p>Kolekcija: INSERTO<br \/>\nPlotis: 190<br \/>\n\u016agis: 80<br \/>\nGylis: 40<br \/>\nDur\u0173 skai\u010dius: 3<br \/>\nAp\u0161vietimas: standartinis<\/p>","protected":false},"featured_media":231687,"comment_status":"open","ping_status":"open","template":"","meta":[],"product_brand":[],"product_cat":[8388,1173],"product_tag":[],"class_list":{"0":"post-231686","1":"product","2":"type-product","3":"status-publish","4":"has-post-thumbnail","6":"product_cat-cama-meble","7":"product_cat-chests-of-drawers","9":"first","10":"instock","11":"purchasable","12":"product-type-simple"},"_links":{"self":[{"href":"https:\/\/baldumarket.lt\/lt\/wp-json\/wp\/v2\/product\/231686","targetHints":{"allow":["GET"]}}],"collection":[{"href":"https:\/\/baldumarket.lt\/lt\/wp-json\/wp\/v2\/product"}],"about":[{"href":"https:\/\/baldumarket.lt\/lt\/wp-json\/wp\/v2\/types\/product"}],"replies":[{"embeddable":true,"href":"https:\/\/baldumarket.lt\/lt\/wp-json\/wp\/v2\/comments?post=231686"}],"wp:featuredmedia":[{"embeddable":true,"href":"https:\/\/baldumarket.lt\/lt\/wp-json\/wp\/v2\/media\/231687"}],"wp:attachment":[{"href":"https:\/\/baldumarket.lt\/lt\/wp-json\/wp\/v2\/media?parent=231686"}],"wp:term":[{"taxonomy":"product_brand","embeddable":true,"href":"https:\/\/baldumarket.lt\/lt\/wp-json\/wp\/v2\/product_brand?post=231686"},{"taxonomy":"product_cat","embeddable":true,"href":"https:\/\/baldumarket.lt\/lt\/wp-json\/wp\/v2\/product_cat?post=231686"},{"taxonomy":"product_tag","embeddable":true,"href":"https:\/\/baldumarket.lt\/lt\/wp-json\/wp\/v2\/product_tag?post=231686"}],"curies":[{"name":"wp","href":"https:\/\/api.w.org\/{rel}","templated":true}]}}