{"id":231679,"date":"2025-12-29T01:48:43","date_gmt":"2025-12-28T22:48:43","guid":{"rendered":"https:\/\/baldumarket.lt\/product\/inserto-komoda-3d\/"},"modified":"2026-02-11T18:36:09","modified_gmt":"2026-02-11T15:36:09","slug":"inserto-komoda-3d","status":"publish","type":"product","link":"https:\/\/baldumarket.lt\/lt\/product\/inserto-komoda-3d\/","title":{"rendered":"\u012ededama 3D komoda"},"content":{"rendered":"<p>Moderni 3D komoda \u2013 elegancija ir funkcionalumas<br \/>\nIe\u0161kote stilingos ir prakti\u0161kos komodos savo interjerui? INSERTO trij\u0173 dur\u0173 komoda \u2013 puikus pasirinkimas! Modernus dizainas ir kruop\u0161tus meistri\u0161kumas paver\u010dia j\u0105 unikaliu bet kurio kambario akcentu.<br \/>\nPagrindin\u0117s produkto savyb\u0117s:<br \/>\n\u00a0Galima rinktis i\u0161 dviej\u0173 spalv\u0173:<br \/>\n\u00a0 Ka\u0161myras kartu su Wotano \u0105\u017euolu<br \/>\n\u00a0 Juoda kartu su Wotano \u0105\u017euolu<br \/>\n\u00a0 MDF fasadai su dekoratyviniais frezavimais \u2013 eleganti\u0161ka i\u0161vaizda ir unikalus dizainas<br \/>\n\u00a0 Be ranken\u0117li\u0173 \u2013 atidarymo stumiant sistema \u2013 patogus ir modernus atidarymas<br \/>\n\u00a0 Tvirtos, juodos metalin\u0117s kojel\u0117s \u2013 lofto stilius ir ilgaam\u017ei\u0161kumas<br \/>\n\u00a0 Erdvus interjeras \u2013 trys u\u017erakinamos spintel\u0117s suteikia daug vietos daiktams susid\u0117ti<br \/>\nStilius ir kokyb\u0117, kurie \u017eavi!<br \/>\n\u0160i komoda puikiai papildys modern\u0173, industrin\u012f ir minimalistin\u012f interjerus. Auk\u0161tos kokyb\u0117s med\u017eiagos garantuoja patvarum\u0105 ir komfort\u0105 ilgus metus.<\/p>","protected":false},"excerpt":{"rendered":"<p>Kolekcija: INSERTO<br \/>\nPlotis: 142,5<br \/>\n\u016agis: 80<br \/>\nGylis: 40<br \/>\nAp\u0161vietimas: standartinis<\/p>","protected":false},"featured_media":231680,"comment_status":"open","ping_status":"open","template":"","meta":[],"product_brand":[],"product_cat":[8388,1173],"product_tag":[],"class_list":{"0":"post-231679","1":"product","2":"type-product","3":"status-publish","4":"has-post-thumbnail","6":"product_cat-cama-meble","7":"product_cat-chests-of-drawers","9":"first","10":"instock","11":"purchasable","12":"product-type-simple"},"_links":{"self":[{"href":"https:\/\/baldumarket.lt\/lt\/wp-json\/wp\/v2\/product\/231679","targetHints":{"allow":["GET"]}}],"collection":[{"href":"https:\/\/baldumarket.lt\/lt\/wp-json\/wp\/v2\/product"}],"about":[{"href":"https:\/\/baldumarket.lt\/lt\/wp-json\/wp\/v2\/types\/product"}],"replies":[{"embeddable":true,"href":"https:\/\/baldumarket.lt\/lt\/wp-json\/wp\/v2\/comments?post=231679"}],"wp:featuredmedia":[{"embeddable":true,"href":"https:\/\/baldumarket.lt\/lt\/wp-json\/wp\/v2\/media\/231680"}],"wp:attachment":[{"href":"https:\/\/baldumarket.lt\/lt\/wp-json\/wp\/v2\/media?parent=231679"}],"wp:term":[{"taxonomy":"product_brand","embeddable":true,"href":"https:\/\/baldumarket.lt\/lt\/wp-json\/wp\/v2\/product_brand?post=231679"},{"taxonomy":"product_cat","embeddable":true,"href":"https:\/\/baldumarket.lt\/lt\/wp-json\/wp\/v2\/product_cat?post=231679"},{"taxonomy":"product_tag","embeddable":true,"href":"https:\/\/baldumarket.lt\/lt\/wp-json\/wp\/v2\/product_tag?post=231679"}],"curies":[{"name":"wp","href":"https:\/\/api.w.org\/{rel}","templated":true}]}}