{"id":231672,"date":"2025-12-29T01:48:33","date_gmt":"2025-12-28T22:48:33","guid":{"rendered":"https:\/\/baldumarket.lt\/product\/haga-szafka-z-kominkiem\/"},"modified":"2026-02-11T18:36:10","modified_gmt":"2026-02-11T15:36:10","slug":"haga-szafka-z-kominkiem","status":"publish","type":"product","link":"https:\/\/baldumarket.lt\/lt\/product\/haga-szafka-z-kominkiem\/","title":{"rendered":"HAGA spintel\u0117 su \u017eidiniu"},"content":{"rendered":"<p>\u201eHaga\u201c spintel\u0117 su \u017eidiniu \u2013 tai eleganti\u0161kas sprendimas, apjungiantis televizoriaus staliuko funkcionalum\u0105 su unikalia modernaus elektrinio \u017eidinio atmosfera. Tai puikus pasirinkimas tiems, kurie vertina stili\u0173, komfort\u0105 ir \u0161ilt\u0105 atmosfer\u0105 savo namuose.<br \/>\nBaltos arba ka\u0161myro spalvos puikiai dera prie modernaus ir minimalistinio interjero, o paprastas dizainas puikiai tinka tiek svetain\u0117ms, tiek darbo erdv\u0117ms.<br \/>\nSpintel\u0119 galima pakabinti ant sienos arba tradici\u0161kai pastatyti ant grind\u0173, taip lanks\u010diai i\u0161d\u0117stant erdv\u0119. \u012emontuotas elektrinis \u017eidinys ne tik sukuria atmosferin\u012f ap\u0161vietim\u0105, imituojant\u012f liepsnas, bet ir veikia kaip \u0161ildymo elementas, suteikiantis maloni\u0105 \u0161ilum\u0105 \u0161altesn\u0117mis dienomis. Pagrindin\u0117s savyb\u0117s:<br \/>\nModernus televizoriaus staliukas su elektriniu \u017eidiniu<br \/>\nSpalvos: balta arba ka\u0161myro<br \/>\nTvirtinimo variantai: pakabinamas ant sienos arba pastatomas ant grind\u0173<br \/>\nEfektyvus liepsn\u0105 imituojantis ap\u0161vietimas<br \/>\n\u0160ildymo funkcija papildomam komfortui<br \/>\nPuikus prakti\u0161kumo ir stiliaus derinys<br \/>\n\u201eHaga\u201c televizoriaus staliukas su \u017eidiniu yra ne tik funkcionalus baldas, bet ir unikalus dekoratyvinis elementas, suteikiantis jaukumo ir modernaus eleganti\u0161kumo bet kokiam interjerui.<br \/>\n\u017didinio parametrai:<br \/>\n\u201eHaga\u201c \u017eidinio specifikacijos:<br \/>\nElektrinis \u017eidinys, skirtas montuoti prie sienos ir pastatyti po televizoriumi<br \/>\nTemperat\u016bros nustatymai: 1000 W \/ 2000 W<br \/>\n7 spalv\u0173 liepsnos efektai<br \/>\n7 spalv\u0173 \u017earij\u0173 efektai<br \/>\n\u012etraukta \u0161ilumin\u0117 apsauga<br \/>\n\u012etrauktas nuotolinis temperat\u016bros valdymas<br \/>\nSavaitinis laikmatis (lang\u0173 atidarymas \/ ERP funkcija)<br \/>\nLCD nuotolinio valdymo pultas (duomenys rodomi nuotolinio valdymo pulte)<br \/>\nJutiklinis valdymas ant stiklinio priekinio skydelio<br \/>\nDervos medienos efektas<\/p>","protected":false},"excerpt":{"rendered":"<p>\u016agis cm: 56<br \/>\nPlotis cm: 120<br \/>\nGylis cm: 23<\/p>","protected":false},"featured_media":231673,"comment_status":"open","ping_status":"open","template":"","meta":[],"product_brand":[],"product_cat":[8388,1174],"product_tag":[],"class_list":{"0":"post-231672","1":"product","2":"type-product","3":"status-publish","4":"has-post-thumbnail","6":"product_cat-cama-meble","7":"product_cat-hanging-shelves","9":"first","10":"instock","11":"purchasable","12":"product-type-simple"},"_links":{"self":[{"href":"https:\/\/baldumarket.lt\/lt\/wp-json\/wp\/v2\/product\/231672","targetHints":{"allow":["GET"]}}],"collection":[{"href":"https:\/\/baldumarket.lt\/lt\/wp-json\/wp\/v2\/product"}],"about":[{"href":"https:\/\/baldumarket.lt\/lt\/wp-json\/wp\/v2\/types\/product"}],"replies":[{"embeddable":true,"href":"https:\/\/baldumarket.lt\/lt\/wp-json\/wp\/v2\/comments?post=231672"}],"wp:featuredmedia":[{"embeddable":true,"href":"https:\/\/baldumarket.lt\/lt\/wp-json\/wp\/v2\/media\/231673"}],"wp:attachment":[{"href":"https:\/\/baldumarket.lt\/lt\/wp-json\/wp\/v2\/media?parent=231672"}],"wp:term":[{"taxonomy":"product_brand","embeddable":true,"href":"https:\/\/baldumarket.lt\/lt\/wp-json\/wp\/v2\/product_brand?post=231672"},{"taxonomy":"product_cat","embeddable":true,"href":"https:\/\/baldumarket.lt\/lt\/wp-json\/wp\/v2\/product_cat?post=231672"},{"taxonomy":"product_tag","embeddable":true,"href":"https:\/\/baldumarket.lt\/lt\/wp-json\/wp\/v2\/product_tag?post=231672"}],"curies":[{"name":"wp","href":"https:\/\/api.w.org\/{rel}","templated":true}]}}