{"id":231666,"date":"2025-12-29T01:48:26","date_gmt":"2025-12-28T22:48:26","guid":{"rendered":"https:\/\/baldumarket.lt\/product\/granero-szafka-rtv-wotan\/"},"modified":"2026-02-11T18:36:10","modified_gmt":"2026-02-11T15:36:10","slug":"granero-szafka-rtv-wotan","status":"publish","type":"product","link":"https:\/\/baldumarket.lt\/lt\/product\/granero-szafka-rtv-wotan\/","title":{"rendered":"GRANERO Wotan TV spintel\u0117"},"content":{"rendered":"<p>GRANERO televizoriaus spintel\u0117 su stumdomomis durel\u0117mis i\u0161 Wotan \u0105\u017euolo<br \/>\nGRANERO televizoriaus spintel\u0117 pasi\u017eymi gra\u017eiai frezuotais fasadais, kuriuos galite i\u0161d\u0117styti kaip norite. Jos i\u0161vaizda primena \u017eaving\u0105 kaln\u0173 namel\u012f.<br \/>\nMed\u017eiaga:<br \/>\nKorpusas: 16 mm laminuota med\u017eio dro\u017eli\u0173 plok\u0161t\u0117<br \/>\nPriekin\u0117s dalys: 16 mm MDF plok\u0161t\u0117 su frezuota PVC folija<br \/>\nRankenos: n\u0117ra, LOFT LAGUNA stumdoma sistema<br \/>\nProdukto apra\u0161ymas:<br \/>\nDu stumdomi fasadai<br \/>\nBlizg\u016bs fasadai<br \/>\nViena lentyna viduje<br \/>\nViena atvira erdv\u0117<\/p>","protected":false},"excerpt":{"rendered":"<p>\u016agis cm: 56,7<br \/>\nPlotis cm: 200<br \/>\nGylis cm: 35<br \/>\nDur\u0173 skai\u010dius: 2<\/p>","protected":false},"featured_media":231667,"comment_status":"open","ping_status":"open","template":"","meta":[],"product_brand":[],"product_cat":[8388,1175],"product_tag":[],"class_list":{"0":"post-231666","1":"product","2":"type-product","3":"status-publish","4":"has-post-thumbnail","6":"product_cat-cama-meble","7":"product_cat-tv-stands","9":"first","10":"instock","11":"purchasable","12":"product-type-simple"},"_links":{"self":[{"href":"https:\/\/baldumarket.lt\/lt\/wp-json\/wp\/v2\/product\/231666","targetHints":{"allow":["GET"]}}],"collection":[{"href":"https:\/\/baldumarket.lt\/lt\/wp-json\/wp\/v2\/product"}],"about":[{"href":"https:\/\/baldumarket.lt\/lt\/wp-json\/wp\/v2\/types\/product"}],"replies":[{"embeddable":true,"href":"https:\/\/baldumarket.lt\/lt\/wp-json\/wp\/v2\/comments?post=231666"}],"wp:featuredmedia":[{"embeddable":true,"href":"https:\/\/baldumarket.lt\/lt\/wp-json\/wp\/v2\/media\/231667"}],"wp:attachment":[{"href":"https:\/\/baldumarket.lt\/lt\/wp-json\/wp\/v2\/media?parent=231666"}],"wp:term":[{"taxonomy":"product_brand","embeddable":true,"href":"https:\/\/baldumarket.lt\/lt\/wp-json\/wp\/v2\/product_brand?post=231666"},{"taxonomy":"product_cat","embeddable":true,"href":"https:\/\/baldumarket.lt\/lt\/wp-json\/wp\/v2\/product_cat?post=231666"},{"taxonomy":"product_tag","embeddable":true,"href":"https:\/\/baldumarket.lt\/lt\/wp-json\/wp\/v2\/product_tag?post=231666"}],"curies":[{"name":"wp","href":"https:\/\/api.w.org\/{rel}","templated":true}]}}