{"id":231644,"date":"2025-12-29T01:47:59","date_gmt":"2025-12-28T22:47:59","guid":{"rendered":"https:\/\/baldumarket.lt\/product\/granero-komoda-wotan\/"},"modified":"2026-02-11T18:36:10","modified_gmt":"2026-02-11T15:36:10","slug":"granero-komoda-wotan","status":"publish","type":"product","link":"https:\/\/baldumarket.lt\/lt\/product\/granero-komoda-wotan\/","title":{"rendered":"GRANERO Wotano komoda"},"content":{"rendered":"<p>GRANERO komoda 160 cm su stumdomomis durimis<br \/>\nGRANERO DEKORO KOMODA \u2013 tai spintel\u0117 su gra\u017eiai frezuotais fasadais, kuri\u0105 galite i\u0161d\u0117styti kaip norite. Jos i\u0161vaizda primena \u017eaving\u0105 kaln\u0173 namel\u012f. Komoda gali b\u016bti pagaminta i\u0161 Wotan \u0105\u017euolo.<br \/>\nMed\u017eiaga:<br \/>\nKorpusas: 16 mm laminuota med\u017eio dro\u017eli\u0173 plok\u0161t\u0117<br \/>\nPriekin\u0117s dalys: 16 mm matin\u0117 laminuota plok\u0161t\u0117<br \/>\nRankenos: n\u0117ra, LOFT LAGUNA stumdoma sistema<br \/>\nProdukto apra\u0161ymas:<br \/>\nDu stumdomi fasadai<br \/>\nMatiniai fasadai<br \/>\nViena lentyna viduje<br \/>\nDvi lentynos viduryje<\/p>","protected":false},"excerpt":{"rendered":"<p>Auk\u0161tis cm: 80<br \/>\nPlotis cm: 160<br \/>\nGylis cm: 35<br \/>\nDur\u0173 skai\u010dius: 2<\/p>","protected":false},"featured_media":231645,"comment_status":"open","ping_status":"open","template":"","meta":[],"product_brand":[],"product_cat":[8388,1173],"product_tag":[],"class_list":{"0":"post-231644","1":"product","2":"type-product","3":"status-publish","4":"has-post-thumbnail","6":"product_cat-cama-meble","7":"product_cat-chests-of-drawers","9":"first","10":"instock","11":"purchasable","12":"product-type-simple"},"_links":{"self":[{"href":"https:\/\/baldumarket.lt\/lt\/wp-json\/wp\/v2\/product\/231644","targetHints":{"allow":["GET"]}}],"collection":[{"href":"https:\/\/baldumarket.lt\/lt\/wp-json\/wp\/v2\/product"}],"about":[{"href":"https:\/\/baldumarket.lt\/lt\/wp-json\/wp\/v2\/types\/product"}],"replies":[{"embeddable":true,"href":"https:\/\/baldumarket.lt\/lt\/wp-json\/wp\/v2\/comments?post=231644"}],"wp:featuredmedia":[{"embeddable":true,"href":"https:\/\/baldumarket.lt\/lt\/wp-json\/wp\/v2\/media\/231645"}],"wp:attachment":[{"href":"https:\/\/baldumarket.lt\/lt\/wp-json\/wp\/v2\/media?parent=231644"}],"wp:term":[{"taxonomy":"product_brand","embeddable":true,"href":"https:\/\/baldumarket.lt\/lt\/wp-json\/wp\/v2\/product_brand?post=231644"},{"taxonomy":"product_cat","embeddable":true,"href":"https:\/\/baldumarket.lt\/lt\/wp-json\/wp\/v2\/product_cat?post=231644"},{"taxonomy":"product_tag","embeddable":true,"href":"https:\/\/baldumarket.lt\/lt\/wp-json\/wp\/v2\/product_tag?post=231644"}],"curies":[{"name":"wp","href":"https:\/\/api.w.org\/{rel}","templated":true}]}}