{"id":231639,"date":"2025-12-29T01:47:52","date_gmt":"2025-12-28T22:47:52","guid":{"rendered":"https:\/\/baldumarket.lt\/product\/glamour-180-komoda-czarna\/"},"modified":"2026-02-11T18:36:10","modified_gmt":"2026-02-11T15:36:10","slug":"glamour-180-komoda-czarna","status":"publish","type":"product","link":"https:\/\/baldumarket.lt\/lt\/product\/glamour-180-komoda-czarna\/","title":{"rendered":"GLAMOUR 180 juoda komoda"},"content":{"rendered":"<p>GLAMOUR komoda 180 juodos spalvos su auksin\u0117mis kojel\u0117mis<br \/>\n\u0160\u012f kart\u0105 daugiausia d\u0117mesio skiriame modernumui, derinamam su elegancija. GLAMOUR komoda sukurta taip, kad papildyt\u0173 bet kok\u012f interjer\u0105. Did\u017eiausias jos privalumas \u2013 auksiniai akcentai, suteikiantys charakterio.<br \/>\nMed\u017eiaga:<br \/>\nPriekin\u0117 ir \u0161onin\u0117 dalys: 16 mm matin\u0117 MDF plok\u0161t\u0117 su matomu frezavimu<br \/>\nVir\u0161us: 16 mm matin\u0117 laminuota plok\u0161t\u0117, \u0161lifuoto aukso spalvos kra\u0161tas<br \/>\nRankenos: aukso spalvos metalas<br \/>\nKojel\u0117s: aukso spalvos metalas<br \/>\nProdukto apra\u0161ymas:<br \/>\nTrys fasadai, atsiveriantys \u012f \u0161onus<br \/>\nViena lentyna viduje<\/p>","protected":false},"excerpt":{"rendered":"<p>\u016agis cm: 75,5<br \/>\nPlotis cm: 180<br \/>\nGylis cm: 40<br \/>\nDur\u0173 skai\u010dius: 3<\/p>","protected":false},"featured_media":231640,"comment_status":"open","ping_status":"open","template":"","meta":[],"product_brand":[],"product_cat":[8388,1173],"product_tag":[],"class_list":{"0":"post-231639","1":"product","2":"type-product","3":"status-publish","4":"has-post-thumbnail","6":"product_cat-cama-meble","7":"product_cat-chests-of-drawers","9":"first","10":"instock","11":"purchasable","12":"product-type-simple"},"_links":{"self":[{"href":"https:\/\/baldumarket.lt\/lt\/wp-json\/wp\/v2\/product\/231639","targetHints":{"allow":["GET"]}}],"collection":[{"href":"https:\/\/baldumarket.lt\/lt\/wp-json\/wp\/v2\/product"}],"about":[{"href":"https:\/\/baldumarket.lt\/lt\/wp-json\/wp\/v2\/types\/product"}],"replies":[{"embeddable":true,"href":"https:\/\/baldumarket.lt\/lt\/wp-json\/wp\/v2\/comments?post=231639"}],"wp:featuredmedia":[{"embeddable":true,"href":"https:\/\/baldumarket.lt\/lt\/wp-json\/wp\/v2\/media\/231640"}],"wp:attachment":[{"href":"https:\/\/baldumarket.lt\/lt\/wp-json\/wp\/v2\/media?parent=231639"}],"wp:term":[{"taxonomy":"product_brand","embeddable":true,"href":"https:\/\/baldumarket.lt\/lt\/wp-json\/wp\/v2\/product_brand?post=231639"},{"taxonomy":"product_cat","embeddable":true,"href":"https:\/\/baldumarket.lt\/lt\/wp-json\/wp\/v2\/product_cat?post=231639"},{"taxonomy":"product_tag","embeddable":true,"href":"https:\/\/baldumarket.lt\/lt\/wp-json\/wp\/v2\/product_tag?post=231639"}],"curies":[{"name":"wp","href":"https:\/\/api.w.org\/{rel}","templated":true}]}}