{"id":231635,"date":"2025-12-29T01:47:47","date_gmt":"2025-12-28T22:47:47","guid":{"rendered":"https:\/\/baldumarket.lt\/product\/fellini-szafki-nocne-oliwka\/"},"modified":"2026-02-11T18:36:10","modified_gmt":"2026-02-11T15:36:10","slug":"fellini-szafki-nocne-oliwka","status":"publish","type":"product","link":"https:\/\/baldumarket.lt\/lt\/product\/fellini-szafki-nocne-oliwka\/","title":{"rendered":"FELLINI OLIVE naktin\u0117s spintel\u0117s"},"content":{"rendered":"<p>FELLINI naktinis staliukas \u2013 alyvuogi\u0173 spalvos su aliejuotu \u0105\u017euolo stalvir\u0161iu<br \/>\nSuteikite savo miegamajam modernumo su FELLINI naktiniu staliuku. Paprastumo ir elegancijos derinys kompakti\u0161kame balde, kuris puikiai dera su funkcionalumu ir minimalistiniu dizainu.<br \/>\nProdukto savyb\u0117s:<br \/>\nSpalva: alyvuogi\u0173 spalvos priekin\u0117 dalis, puikiai deranti prie nat\u016bralaus alyvuoto \u0105\u017euolo stalvir\u0161io.<br \/>\nDizainas: Be ranken\u0117li\u0173 \u2013 priekin\u0117s dalys i\u0161siki\u0161usios vir\u0161 vir\u0161utin\u0117s dalies, suteikia spintelei subtil\u0173, modern\u0173 vaizd\u0105.<br \/>\nMed\u017eiaga: pagaminta i\u0161 patvarios laminuotos plok\u0161t\u0117s, pritvirtinta ant tvirt\u0173, juod\u0173 metalini\u0173 kojeli\u0173, 20 cm auk\u0161\u010dio.<br \/>\nKonstrukcija: stabili ir patvari, idealiai tinka kasdieniam naudojimui.<br \/>\nFunkcionalumas: Puikiai tinka laikyti b\u016btiniausius daiktus lengvai pasiekiamoje vietoje.<br \/>\nSurinkimas: Greita ir lengva surinkti.<br \/>\nPaskirtis:<br \/>\nFELLINI naktinis staliukas puikiai tinka:<br \/>\nMiegamieji su moderniu arba minimalistiniu dekoru,<br \/>\nPaaugli\u0173 kambariai, suteikiantys elegancijos ir funkcionalumo.<\/p>","protected":false},"excerpt":{"rendered":"<p>Kolekcija: Fellini<br \/>\nPlotis: 40<br \/>\n\u016agis: 60<br \/>\nGylis: 41<\/p>","protected":false},"featured_media":231636,"comment_status":"open","ping_status":"open","template":"","meta":[],"product_brand":[],"product_cat":[1176,8388],"product_tag":[],"class_list":{"0":"post-231635","1":"product","2":"type-product","3":"status-publish","4":"has-post-thumbnail","6":"product_cat-bedside-tables","7":"product_cat-cama-meble","9":"first","10":"instock","11":"purchasable","12":"product-type-simple"},"_links":{"self":[{"href":"https:\/\/baldumarket.lt\/lt\/wp-json\/wp\/v2\/product\/231635","targetHints":{"allow":["GET"]}}],"collection":[{"href":"https:\/\/baldumarket.lt\/lt\/wp-json\/wp\/v2\/product"}],"about":[{"href":"https:\/\/baldumarket.lt\/lt\/wp-json\/wp\/v2\/types\/product"}],"replies":[{"embeddable":true,"href":"https:\/\/baldumarket.lt\/lt\/wp-json\/wp\/v2\/comments?post=231635"}],"wp:featuredmedia":[{"embeddable":true,"href":"https:\/\/baldumarket.lt\/lt\/wp-json\/wp\/v2\/media\/231636"}],"wp:attachment":[{"href":"https:\/\/baldumarket.lt\/lt\/wp-json\/wp\/v2\/media?parent=231635"}],"wp:term":[{"taxonomy":"product_brand","embeddable":true,"href":"https:\/\/baldumarket.lt\/lt\/wp-json\/wp\/v2\/product_brand?post=231635"},{"taxonomy":"product_cat","embeddable":true,"href":"https:\/\/baldumarket.lt\/lt\/wp-json\/wp\/v2\/product_cat?post=231635"},{"taxonomy":"product_tag","embeddable":true,"href":"https:\/\/baldumarket.lt\/lt\/wp-json\/wp\/v2\/product_tag?post=231635"}],"curies":[{"name":"wp","href":"https:\/\/api.w.org\/{rel}","templated":true}]}}