{"id":231631,"date":"2025-12-29T01:47:42","date_gmt":"2025-12-28T22:47:42","guid":{"rendered":"https:\/\/baldumarket.lt\/product\/fellini-szafki-nocne-kaszmir\/"},"modified":"2026-02-11T18:36:10","modified_gmt":"2026-02-11T15:36:10","slug":"fellini-szafki-nocne-kaszmir","status":"publish","type":"product","link":"https:\/\/baldumarket.lt\/lt\/product\/fellini-szafki-nocne-kaszmir\/","title":{"rendered":"FELLINI KA\u0160MYRO NAKTINIS STILTELIS"},"content":{"rendered":"<p>FELLINI KA\u0160MYRO NAKTIN\u0116S SPINTEL\u0116S<br \/>\nModerni FELLINI naktin\u0117 spintel\u0117 \u2013 elegancija ir funkcionalumas<br \/>\nStilinga naktin\u0117 spintel\u0117, kuri puikiai tiks bet kokiam interjerui. Minimalistinis dizainas, ka\u0161myro spalva su med\u017eio imitacijos elementu ir tvirtos metalin\u0117s kojel\u0117s suteikia jai modernumo. Puikiai tinka miegamajam ar paauglio kambariui.<br \/>\nProdukto savyb\u0117s:<br \/>\nSpalva: ka\u0161myras \/ alyvuotas \u0105\u017euolo stalvir\u0161is<br \/>\nBe ranken\u0173; priekin\u0117s dalys i\u0161siki\u0161a vir\u0161 vir\u0161aus<br \/>\nMed\u017eiaga: laminuota plok\u0161t\u0117 + 20 cm metalin\u0117s kojel\u0117s<br \/>\nStabili ir patvari konstrukcija<br \/>\nLengvas surinkimas<\/p>","protected":false},"excerpt":{"rendered":"<p>Kolekcija: Fellini<br \/>\nPlotis: 40<br \/>\n\u016agis: 60<br \/>\nGylis: 41<\/p>","protected":false},"featured_media":231632,"comment_status":"open","ping_status":"open","template":"","meta":[],"product_brand":[],"product_cat":[1176,8388],"product_tag":[],"class_list":{"0":"post-231631","1":"product","2":"type-product","3":"status-publish","4":"has-post-thumbnail","6":"product_cat-bedside-tables","7":"product_cat-cama-meble","9":"first","10":"instock","11":"purchasable","12":"product-type-simple"},"_links":{"self":[{"href":"https:\/\/baldumarket.lt\/lt\/wp-json\/wp\/v2\/product\/231631","targetHints":{"allow":["GET"]}}],"collection":[{"href":"https:\/\/baldumarket.lt\/lt\/wp-json\/wp\/v2\/product"}],"about":[{"href":"https:\/\/baldumarket.lt\/lt\/wp-json\/wp\/v2\/types\/product"}],"replies":[{"embeddable":true,"href":"https:\/\/baldumarket.lt\/lt\/wp-json\/wp\/v2\/comments?post=231631"}],"wp:featuredmedia":[{"embeddable":true,"href":"https:\/\/baldumarket.lt\/lt\/wp-json\/wp\/v2\/media\/231632"}],"wp:attachment":[{"href":"https:\/\/baldumarket.lt\/lt\/wp-json\/wp\/v2\/media?parent=231631"}],"wp:term":[{"taxonomy":"product_brand","embeddable":true,"href":"https:\/\/baldumarket.lt\/lt\/wp-json\/wp\/v2\/product_brand?post=231631"},{"taxonomy":"product_cat","embeddable":true,"href":"https:\/\/baldumarket.lt\/lt\/wp-json\/wp\/v2\/product_cat?post=231631"},{"taxonomy":"product_tag","embeddable":true,"href":"https:\/\/baldumarket.lt\/lt\/wp-json\/wp\/v2\/product_tag?post=231631"}],"curies":[{"name":"wp","href":"https:\/\/api.w.org\/{rel}","templated":true}]}}