{"id":231623,"date":"2025-12-29T01:47:29","date_gmt":"2025-12-28T22:47:29","guid":{"rendered":"https:\/\/baldumarket.lt\/product\/fellini-szafka-rtv-200-kaszmir\/"},"modified":"2026-02-11T18:36:10","modified_gmt":"2026-02-11T15:36:10","slug":"fellini-szafka-rtv-200-kaszmir","status":"publish","type":"product","link":"https:\/\/baldumarket.lt\/lt\/product\/fellini-szafka-rtv-200-kaszmir\/","title":{"rendered":"FELLINI TV SPINTEL\u0116 200 KA\u0160MYRO"},"content":{"rendered":"<p>FELLINI TV SPINTEL\u0116 200 KA\u0160MYRO<br \/>\n\u0160i eleganti\u0161ka televizoriaus spintel\u0117 pasi\u017eymi moderniu dizainu, padengta ka\u0161myru ir alyvuotu \u0105\u017euolo stalvir\u0161iu, suteikian\u010diu jai \u0161ilt\u0105 charakter\u012f. \u0160is modelis pasi\u017eymi plonomis kojel\u0117mis ir dizainu be ranken\u0117li\u0173, kurie sustiprina minimalistin\u012f dizain\u0105. Ji puikiai papildys bet kok\u012f interjer\u0105, suteikdama klas\u0117s ir funkcionalumo.<br \/>\nMed\u017eiaga:<br \/>\nlakuotos MDF \u0161onai<br \/>\nlakuotos MDF fasadai<br \/>\nmetalin\u0117s kojel\u0117s, auk\u0161tis 20 cm<br \/>\nSpalvos:<br \/>\nka\u0161myras \/ ka\u0161myras + alyvuotas \u0105\u017euolo stalvir\u0161is<\/p>","protected":false},"excerpt":{"rendered":"<p>Kolekcija: Fellini<br \/>\nPlotis: 200<br \/>\n\u016agis: 52<br \/>\nGylis: 40<br \/>\nDur\u0173 skai\u010dius: 4<\/p>","protected":false},"featured_media":231624,"comment_status":"open","ping_status":"open","template":"","meta":[],"product_brand":[],"product_cat":[8388,1175],"product_tag":[],"class_list":{"0":"post-231623","1":"product","2":"type-product","3":"status-publish","4":"has-post-thumbnail","6":"product_cat-cama-meble","7":"product_cat-tv-stands","9":"first","10":"instock","11":"purchasable","12":"product-type-simple"},"_links":{"self":[{"href":"https:\/\/baldumarket.lt\/lt\/wp-json\/wp\/v2\/product\/231623","targetHints":{"allow":["GET"]}}],"collection":[{"href":"https:\/\/baldumarket.lt\/lt\/wp-json\/wp\/v2\/product"}],"about":[{"href":"https:\/\/baldumarket.lt\/lt\/wp-json\/wp\/v2\/types\/product"}],"replies":[{"embeddable":true,"href":"https:\/\/baldumarket.lt\/lt\/wp-json\/wp\/v2\/comments?post=231623"}],"wp:featuredmedia":[{"embeddable":true,"href":"https:\/\/baldumarket.lt\/lt\/wp-json\/wp\/v2\/media\/231624"}],"wp:attachment":[{"href":"https:\/\/baldumarket.lt\/lt\/wp-json\/wp\/v2\/media?parent=231623"}],"wp:term":[{"taxonomy":"product_brand","embeddable":true,"href":"https:\/\/baldumarket.lt\/lt\/wp-json\/wp\/v2\/product_brand?post=231623"},{"taxonomy":"product_cat","embeddable":true,"href":"https:\/\/baldumarket.lt\/lt\/wp-json\/wp\/v2\/product_cat?post=231623"},{"taxonomy":"product_tag","embeddable":true,"href":"https:\/\/baldumarket.lt\/lt\/wp-json\/wp\/v2\/product_tag?post=231623"}],"curies":[{"name":"wp","href":"https:\/\/api.w.org\/{rel}","templated":true}]}}