{"id":231618,"date":"2025-12-29T01:47:22","date_gmt":"2025-12-28T22:47:22","guid":{"rendered":"https:\/\/baldumarket.lt\/product\/fellini-szafka-rtv-150-oliwka\/"},"modified":"2026-02-11T18:36:10","modified_gmt":"2026-02-11T15:36:10","slug":"fellini-szafka-rtv-150-oliwka","status":"publish","type":"product","link":"https:\/\/baldumarket.lt\/lt\/product\/fellini-szafka-rtv-150-oliwka\/","title":{"rendered":"FELLINI TV SPINTEL\u0116 150 ALYV\u0172"},"content":{"rendered":"<p>Fellini 150 cm alyvuogi\u0173 spalvos televizoriaus staliukas su alyvuotu \u0105\u017euolo stalvir\u0161iu<br \/>\nStilingas ir funkcionalus televizoriaus staliukas, kuris puikiai tiks tiek moderniame, tiek klasikiniame interjere.<br \/>\nDizainas:<br \/>\n\u0160onin\u0117s ir priekin\u0117s dalys pagamintos i\u0161 MDF plok\u0161t\u0117s su matiniu laku.<br \/>\nTvirtos 20 cm metalin\u0117s kojel\u0117s u\u017etikrina stabilum\u0105 ir modern\u0173 dizain\u0105.<br \/>\nSpalvos:<br \/>\nPriekin\u0117 dalis ir korpusas eleganti\u0161kos alyvuogi\u0173 spalvos.<br \/>\nVir\u0161utin\u0117 dalis pagaminta i\u0161 alyvuoto \u0105\u017euolo, suteikian\u010dio \u0161ilumos ir nat\u016bralumo.<br \/>\nMatmenys:<br \/>\nIlgis: 150 cm<br \/>\nIdealiai tinka televizijos \u012frangai, dekoracijoms ar knygoms laikyti, suteikiant interjerui elegancijos ir harmonijos.<\/p>","protected":false},"excerpt":{"rendered":"<p>Kolekcija: Fellini<br \/>\nPlotis: 150<br \/>\n\u016agis: 52<br \/>\nGylis: 40<br \/>\nDur\u0173 skai\u010dius: 3<\/p>","protected":false},"featured_media":231619,"comment_status":"open","ping_status":"open","template":"","meta":[],"product_brand":[],"product_cat":[8388,1175],"product_tag":[],"class_list":{"0":"post-231618","1":"product","2":"type-product","3":"status-publish","4":"has-post-thumbnail","6":"product_cat-cama-meble","7":"product_cat-tv-stands","9":"first","10":"instock","11":"purchasable","12":"product-type-simple"},"_links":{"self":[{"href":"https:\/\/baldumarket.lt\/lt\/wp-json\/wp\/v2\/product\/231618","targetHints":{"allow":["GET"]}}],"collection":[{"href":"https:\/\/baldumarket.lt\/lt\/wp-json\/wp\/v2\/product"}],"about":[{"href":"https:\/\/baldumarket.lt\/lt\/wp-json\/wp\/v2\/types\/product"}],"replies":[{"embeddable":true,"href":"https:\/\/baldumarket.lt\/lt\/wp-json\/wp\/v2\/comments?post=231618"}],"wp:featuredmedia":[{"embeddable":true,"href":"https:\/\/baldumarket.lt\/lt\/wp-json\/wp\/v2\/media\/231619"}],"wp:attachment":[{"href":"https:\/\/baldumarket.lt\/lt\/wp-json\/wp\/v2\/media?parent=231618"}],"wp:term":[{"taxonomy":"product_brand","embeddable":true,"href":"https:\/\/baldumarket.lt\/lt\/wp-json\/wp\/v2\/product_brand?post=231618"},{"taxonomy":"product_cat","embeddable":true,"href":"https:\/\/baldumarket.lt\/lt\/wp-json\/wp\/v2\/product_cat?post=231618"},{"taxonomy":"product_tag","embeddable":true,"href":"https:\/\/baldumarket.lt\/lt\/wp-json\/wp\/v2\/product_tag?post=231618"}],"curies":[{"name":"wp","href":"https:\/\/api.w.org\/{rel}","templated":true}]}}