{"id":231609,"date":"2025-12-29T01:47:07","date_gmt":"2025-12-28T22:47:07","guid":{"rendered":"https:\/\/baldumarket.lt\/product\/fellini-komoda-200-oliwka\/"},"modified":"2026-02-11T18:36:10","modified_gmt":"2026-02-11T15:36:10","slug":"fellini-komoda-200-oliwka","status":"publish","type":"product","link":"https:\/\/baldumarket.lt\/lt\/product\/fellini-komoda-200-oliwka\/","title":{"rendered":"FELLINI komoda 200 alyvuogi\u0173 spalvos"},"content":{"rendered":"<p>Moderni FELLINI komoda 200 cm \u2013 alyvuogi\u0173 spalvos lakuoti fasadai, alyvuotas \u0105\u017euolo stalvir\u0161is<br \/>\nSuteikite savo interjerui stiliaus ir funkcionalumo su m\u016bs\u0173 unikalia komoda. Puikiai tinkanti moderniems dizainams, ji derina elegancij\u0105 ir prakti\u0161kum\u0105.<br \/>\nProdukto specifikacijos:<br \/>\nPriekin\u0117s dalys: alyvuogi\u0173 spalvos lakuotos, matin\u0117s apdailos, suteikian\u010dios prabangos efekt\u0105.<br \/>\nVir\u0161us: Nat\u016bralus alyvuotas \u0105\u017euolas \u2013 tvirtas, patvarus ir gra\u017eiai kontrastuojantis su alyvuogi\u0173 spalvos fasadais.<br \/>\nKojel\u0117s: tvirtos, juodo metalo kojel\u0117s suteikia lengvumo ir modernumo poj\u016bt\u012f.<br \/>\nDizainas be ranken\u0117li\u0173: priekin\u0117s dalys i\u0161siki\u0161usios vir\u0161 vir\u0161aus, sukuria minimalistin\u012f ir esteti\u0161kai patraukl\u0173 vaizd\u0105.<br \/>\nParai\u0161kos:<br \/>\n\u0160i komoda puikiai tinka:<br \/>\nSvetain\u0117s kaip eleganti\u0161kas baldas dekoravimui ir daikt\u0173 laikymui,<br \/>\nMiegamieji kaip stilingas elementas ir prakti\u0161ka daikt\u0173 laikymo vieta,<br \/>\nBiurai, kuriuose yra vietos dokumentams ir kurie pritraukia d\u0117mes\u012f.<br \/>\nMatmenys: 200 cm (plotis)<br \/>\nKod\u0117l verta?<br \/>\nModernaus dizaino ir auk\u0161tos kokyb\u0117s med\u017eiag\u0173 derinys.<br \/>\nPrakti\u0161ka ir erdvi \u2013 puikiai tinka daiktams susid\u0117ti.<br \/>\nSukurta kruop\u0161\u010diai apgalvojant kiekvien\u0105 detal\u0119, kad patenkint\u0173 net reikliausi\u0173 klient\u0173 l\u016bkes\u010dius.<\/p>","protected":false},"excerpt":{"rendered":"<p>Moderni FELLINI komoda 200 cm \u2013 alyvuogi\u0173 spalvos lakuoti fasadai, alyvuoto \u0105\u017euolo stalvir\u0161is. Su m\u016bs\u0173 unikalia komoda suteikite savo interjerui stiliaus ir funkcionalumo. Puikiai tinka moderniems dizainams, ji derina elegancij\u0105 ir prakti\u0161kum\u0105. Produkto specifikacijos: Fasadai: alyvuogi\u0173 spalvos lakuoti, matiniai, suteikiantys prabangos efekt\u0105. Vir\u0161us: nat\u016bralus alyvuotas \u0105\u017euolas \u2013 tvirtas, patvarus ir gra\u017eiai [\u2026]<\/p>","protected":false},"featured_media":231610,"comment_status":"open","ping_status":"open","template":"","meta":[],"product_brand":[],"product_cat":[8388,1173],"product_tag":[],"class_list":{"0":"post-231609","1":"product","2":"type-product","3":"status-publish","4":"has-post-thumbnail","6":"product_cat-cama-meble","7":"product_cat-chests-of-drawers","9":"first","10":"instock","11":"purchasable","12":"product-type-simple"},"_links":{"self":[{"href":"https:\/\/baldumarket.lt\/lt\/wp-json\/wp\/v2\/product\/231609","targetHints":{"allow":["GET"]}}],"collection":[{"href":"https:\/\/baldumarket.lt\/lt\/wp-json\/wp\/v2\/product"}],"about":[{"href":"https:\/\/baldumarket.lt\/lt\/wp-json\/wp\/v2\/types\/product"}],"replies":[{"embeddable":true,"href":"https:\/\/baldumarket.lt\/lt\/wp-json\/wp\/v2\/comments?post=231609"}],"wp:featuredmedia":[{"embeddable":true,"href":"https:\/\/baldumarket.lt\/lt\/wp-json\/wp\/v2\/media\/231610"}],"wp:attachment":[{"href":"https:\/\/baldumarket.lt\/lt\/wp-json\/wp\/v2\/media?parent=231609"}],"wp:term":[{"taxonomy":"product_brand","embeddable":true,"href":"https:\/\/baldumarket.lt\/lt\/wp-json\/wp\/v2\/product_brand?post=231609"},{"taxonomy":"product_cat","embeddable":true,"href":"https:\/\/baldumarket.lt\/lt\/wp-json\/wp\/v2\/product_cat?post=231609"},{"taxonomy":"product_tag","embeddable":true,"href":"https:\/\/baldumarket.lt\/lt\/wp-json\/wp\/v2\/product_tag?post=231609"}],"curies":[{"name":"wp","href":"https:\/\/api.w.org\/{rel}","templated":true}]}}