{"id":231591,"date":"2025-12-29T01:46:41","date_gmt":"2025-12-28T22:46:41","guid":{"rendered":"https:\/\/baldumarket.lt\/product\/fellini-komoda-150-kaszmir\/"},"modified":"2026-02-11T18:36:11","modified_gmt":"2026-02-11T15:36:11","slug":"fellini-komoda-150-kaszmir","status":"publish","type":"product","link":"https:\/\/baldumarket.lt\/lt\/product\/fellini-komoda-150-kaszmir\/","title":{"rendered":"FELLINI komoda 150 ka\u0161myro"},"content":{"rendered":"<p>Moderni FELLINI komoda 150 cm \u2013 lakuoti ka\u0161myro fasadai, alyvuotas \u0105\u017euolo stalvir\u0161is<br \/>\nParduodame eleganti\u0161k\u0105 ir funkcionali\u0105 komod\u0105, kuri puikiai papildys bet kok\u012f modern\u0173 interjer\u0105.<br \/>\n\u010cia pateikiama i\u0161sami informacija:<br \/>\nPriekin\u0117s dalys: ka\u0161myro spalvos su matiniu laku, suteikian\u010diu baldui prabangi\u0105 i\u0161vaizd\u0105.<br \/>\nVir\u0161us: Tvirtas nat\u016bralios alyvuotos \u0105\u017euolo spalvos vir\u0161us, puikiai kontrastuojantis su \u0161viesiais fasadais.<br \/>\nKojel\u0117s: Komoda stovi ant tvirt\u0173, juod\u0173 metalini\u0173 kojeli\u0173, kurios suteikia visam baldui lengvumo ir modernumo.<br \/>\nBe ranken\u0117li\u0173: minimalistinis dizainas be matom\u0173 ranken\u0117li\u0173 \u2013 priekin\u0117 dalis i\u0161siki\u0161a u\u017e vir\u0161aus.<br \/>\n\u0160i komoda puikiai atrodys svetain\u0117je, miegamajame ar biure, nes suteiks daug vietos daiktams susid\u0117ti ir bus stilingas dizaino elementas.<\/p>","protected":false},"excerpt":{"rendered":"<p>Kolekcija: Fellini<br \/>\nPlotis: 150<br \/>\n\u016agis: 70<br \/>\nGylis: 40<\/p>","protected":false},"featured_media":231592,"comment_status":"open","ping_status":"open","template":"","meta":[],"product_brand":[],"product_cat":[8388,1173],"product_tag":[],"class_list":{"0":"post-231591","1":"product","2":"type-product","3":"status-publish","4":"has-post-thumbnail","6":"product_cat-cama-meble","7":"product_cat-chests-of-drawers","9":"first","10":"instock","11":"purchasable","12":"product-type-simple"},"_links":{"self":[{"href":"https:\/\/baldumarket.lt\/lt\/wp-json\/wp\/v2\/product\/231591","targetHints":{"allow":["GET"]}}],"collection":[{"href":"https:\/\/baldumarket.lt\/lt\/wp-json\/wp\/v2\/product"}],"about":[{"href":"https:\/\/baldumarket.lt\/lt\/wp-json\/wp\/v2\/types\/product"}],"replies":[{"embeddable":true,"href":"https:\/\/baldumarket.lt\/lt\/wp-json\/wp\/v2\/comments?post=231591"}],"wp:featuredmedia":[{"embeddable":true,"href":"https:\/\/baldumarket.lt\/lt\/wp-json\/wp\/v2\/media\/231592"}],"wp:attachment":[{"href":"https:\/\/baldumarket.lt\/lt\/wp-json\/wp\/v2\/media?parent=231591"}],"wp:term":[{"taxonomy":"product_brand","embeddable":true,"href":"https:\/\/baldumarket.lt\/lt\/wp-json\/wp\/v2\/product_brand?post=231591"},{"taxonomy":"product_cat","embeddable":true,"href":"https:\/\/baldumarket.lt\/lt\/wp-json\/wp\/v2\/product_cat?post=231591"},{"taxonomy":"product_tag","embeddable":true,"href":"https:\/\/baldumarket.lt\/lt\/wp-json\/wp\/v2\/product_tag?post=231591"}],"curies":[{"name":"wp","href":"https:\/\/api.w.org\/{rel}","templated":true}]}}