{"id":231586,"date":"2025-12-29T01:46:35","date_gmt":"2025-12-28T22:46:35","guid":{"rendered":"https:\/\/baldumarket.lt\/product\/eva-szafka-rtv\/"},"modified":"2026-02-11T18:36:11","modified_gmt":"2026-02-11T15:36:11","slug":"eva-szafka-rtv","status":"publish","type":"product","link":"https:\/\/baldumarket.lt\/lt\/product\/eva-szafka-rtv\/","title":{"rendered":"EVA televizoriaus spintel\u0117"},"content":{"rendered":"<p>EVA televizoriaus staliukas yra modernus, ta\u010diau eleganti\u0161kas baldas. Galima rinktis i\u0161 keli\u0173 spalv\u0173, tod\u0117l gal\u0117site j\u012f priderinti prie savo svetain\u0117s.<br \/>\nStiklin\u0117 lentyna ir ni\u0161os su papildomu LED ap\u0161vietimu puikiai pabr\u0117\u0161 modern\u0173 j\u016bs\u0173 interjero vaizd\u0105.<br \/>\nMed\u017eiaga:<br \/>\nKorpusas: 16 mm matin\u0117 laminuota plok\u0161t\u0117<br \/>\nPriekin\u0117s dalys: 16 mm MDF plok\u0161t\u0117 su blizgia PVC pl\u0117vele<br \/>\nVir\u0161us: 32 mm MDF plok\u0161t\u0117 su blizgia PVC pl\u0117vele<br \/>\nRankenos: n\u0117ra, priekin\u0117s dalys i\u0161siki\u0161usios u\u017e korpuso vir\u0161aus<br \/>\nProdukto apra\u0161ymas:<br \/>\nDu \u0161oniniai atvartai<br \/>\nViena vidin\u0117 erdv\u0117<br \/>\nCentrin\u0117 stiklin\u0117 lentyna<\/p>","protected":false},"excerpt":{"rendered":"<p>\u016agis cm: 56<br \/>\nPlotis cm: 180<br \/>\nGylis cm: 40<br \/>\nDur\u0173 skai\u010dius: 2<br \/>\nAp\u0161vietimas: Pasirinktinai u\u017e papildom\u0105 mokest\u012f<\/p>","protected":false},"featured_media":231587,"comment_status":"open","ping_status":"open","template":"","meta":[],"product_brand":[],"product_cat":[8388,1175],"product_tag":[],"class_list":{"0":"post-231586","1":"product","2":"type-product","3":"status-publish","4":"has-post-thumbnail","6":"product_cat-cama-meble","7":"product_cat-tv-stands","9":"first","10":"instock","11":"purchasable","12":"product-type-simple"},"_links":{"self":[{"href":"https:\/\/baldumarket.lt\/lt\/wp-json\/wp\/v2\/product\/231586","targetHints":{"allow":["GET"]}}],"collection":[{"href":"https:\/\/baldumarket.lt\/lt\/wp-json\/wp\/v2\/product"}],"about":[{"href":"https:\/\/baldumarket.lt\/lt\/wp-json\/wp\/v2\/types\/product"}],"replies":[{"embeddable":true,"href":"https:\/\/baldumarket.lt\/lt\/wp-json\/wp\/v2\/comments?post=231586"}],"wp:featuredmedia":[{"embeddable":true,"href":"https:\/\/baldumarket.lt\/lt\/wp-json\/wp\/v2\/media\/231587"}],"wp:attachment":[{"href":"https:\/\/baldumarket.lt\/lt\/wp-json\/wp\/v2\/media?parent=231586"}],"wp:term":[{"taxonomy":"product_brand","embeddable":true,"href":"https:\/\/baldumarket.lt\/lt\/wp-json\/wp\/v2\/product_brand?post=231586"},{"taxonomy":"product_cat","embeddable":true,"href":"https:\/\/baldumarket.lt\/lt\/wp-json\/wp\/v2\/product_cat?post=231586"},{"taxonomy":"product_tag","embeddable":true,"href":"https:\/\/baldumarket.lt\/lt\/wp-json\/wp\/v2\/product_tag?post=231586"}],"curies":[{"name":"wp","href":"https:\/\/api.w.org\/{rel}","templated":true}]}}