{"id":231566,"date":"2025-12-29T01:46:09","date_gmt":"2025-12-28T22:46:09","guid":{"rendered":"https:\/\/baldumarket.lt\/product\/domi-rtv-180-2d\/"},"modified":"2026-02-11T18:36:11","modified_gmt":"2026-02-11T15:36:11","slug":"domi-rtv-180-2d","status":"publish","type":"product","link":"https:\/\/baldumarket.lt\/lt\/product\/domi-rtv-180-2d\/","title":{"rendered":"DOMI RTV 180 2D"},"content":{"rendered":"<p>Surinktas blokas: DOMI Plotis: 180 cm Auk\u0161tis: 59,5 cm Gylis: 40 cm Dur\u0173 skai\u010dius: 2<br \/>\nDOMI RTV 180 2D<br \/>\n\u0160is modernus \u201eDomi\u201c kolekcijos televizoriaus spintel\u0117 turi dvi duris, kurios u\u017etikrina prakti\u0161k\u0105 \u012frangos ir pried\u0173 laikym\u0105. Paprastas dizainas, eleganti\u0161ka apdaila ir atidarymo spustel\u0117jus sistema suteikia jai minimalistinio, ta\u010diau stilingo charakterio. 180 cm plo\u010dio ji yra idealus stabilus televizoriaus pagrindas svetain\u0117je.<br \/>\nSistema apima:<br \/>\nTelevizorius su \u017eidiniu \u2013 suteikia interjerui unikali\u0105 ir jauki\u0105 atmosfer\u0105.<br \/>\nTV spintel\u0117 100 1D2S \u2013 kompakti\u0161ka televizoriaus spintel\u0117 su vienomis durel\u0117mis ir dviem stal\u010diais, idealiai tinka ma\u017eesn\u0117ms erdv\u0117ms.<br \/>\nTV spintel\u0117 200 3D \u2013 eleganti\u0161ka ir funkcionali televizoriaus spintel\u0117, kurioje dera dizainas ir prakti\u0161ka daikt\u0173 laikymo vieta.<br \/>\nKomoda 150 3D \u2013 didesn\u0117, erdvi komoda su trimis durel\u0117mis, kurioje tilps visi reikalingi j\u016bs\u0173 reikmenys.<br \/>\nKomoda 200 4D \u2013 erdvi komoda su keturiomis durel\u0117mis, suteikianti dar daugiau vietos daiktams susid\u0117ti.<br \/>\nVitrina \u201eVitrina 60\u201c \u2013 plona ir eleganti\u0161ka vitrina, puikiai tinkanti m\u0117gstamoms dekoracijoms ir aksesuarams eksponuoti.<br \/>\nKolekcijos akcentai:<br \/>\ntvirta konstrukcija, pagaminta i\u0161 16 mm laminuotos plok\u0161t\u0117s,<br \/>\neleganti\u0161ki fasadai su aliuminio r\u0117mais,<br \/>\npatogi atidarymo spustel\u0117jimu sistema \u2013 n\u0117ra ranken\u0117li\u0173, tod\u0117l dizainas \u0161varus ir modernus,<br \/>\nmetalin\u0117s kojel\u0117s (20 cm) juodos spalvos,<br \/>\nGalimos spalvos:<br \/>\nKremona<br \/>\nKa\u0161myras<br \/>\n\u0160i kolekcija \u2013 tobulas dizaino ir funkcionalumo derinys \u2013 ji \u012fne\u0161 harmonijos, tvarkos ir jaukios atmosferos \u012f j\u016bs\u0173 namus.<\/p>","protected":false},"excerpt":{"rendered":"<p>Surinkti baldai: DOMI<br \/>\nPlotis: 180<br \/>\n\u016agis: 59,5<br \/>\nGylis: 40<br \/>\nDur\u0173 skai\u010dius: 2<\/p>","protected":false},"featured_media":231567,"comment_status":"open","ping_status":"open","template":"","meta":[],"product_brand":[],"product_cat":[8388,1175],"product_tag":[],"class_list":{"0":"post-231566","1":"product","2":"type-product","3":"status-publish","4":"has-post-thumbnail","6":"product_cat-cama-meble","7":"product_cat-tv-stands","9":"first","10":"instock","11":"purchasable","12":"product-type-simple"},"_links":{"self":[{"href":"https:\/\/baldumarket.lt\/lt\/wp-json\/wp\/v2\/product\/231566","targetHints":{"allow":["GET"]}}],"collection":[{"href":"https:\/\/baldumarket.lt\/lt\/wp-json\/wp\/v2\/product"}],"about":[{"href":"https:\/\/baldumarket.lt\/lt\/wp-json\/wp\/v2\/types\/product"}],"replies":[{"embeddable":true,"href":"https:\/\/baldumarket.lt\/lt\/wp-json\/wp\/v2\/comments?post=231566"}],"wp:featuredmedia":[{"embeddable":true,"href":"https:\/\/baldumarket.lt\/lt\/wp-json\/wp\/v2\/media\/231567"}],"wp:attachment":[{"href":"https:\/\/baldumarket.lt\/lt\/wp-json\/wp\/v2\/media?parent=231566"}],"wp:term":[{"taxonomy":"product_brand","embeddable":true,"href":"https:\/\/baldumarket.lt\/lt\/wp-json\/wp\/v2\/product_brand?post=231566"},{"taxonomy":"product_cat","embeddable":true,"href":"https:\/\/baldumarket.lt\/lt\/wp-json\/wp\/v2\/product_cat?post=231566"},{"taxonomy":"product_tag","embeddable":true,"href":"https:\/\/baldumarket.lt\/lt\/wp-json\/wp\/v2\/product_tag?post=231566"}],"curies":[{"name":"wp","href":"https:\/\/api.w.org\/{rel}","templated":true}]}}