{"id":231561,"date":"2025-12-29T01:46:02","date_gmt":"2025-12-28T22:46:02","guid":{"rendered":"https:\/\/baldumarket.lt\/product\/domi-komoda-200-4d\/"},"modified":"2026-02-11T18:36:11","modified_gmt":"2026-02-11T15:36:11","slug":"domi-komoda-200-4d","status":"publish","type":"product","link":"https:\/\/baldumarket.lt\/lt\/product\/domi-komoda-200-4d\/","title":{"rendered":"DOMI komoda 200 4D"},"content":{"rendered":"<p>Kolekcija: DOMI Surinkti baldai: Ne Plotis: 200 Auk\u0161tis: 75 Gylis: 40 Dur\u0173 skai\u010dius: 4<br \/>\nDOMI 200 4D komoda<br \/>\n\u0160i erdvi ir eleganti\u0161ka \u201eDomi\u201c sistemos komoda turi keturias dureles, kurios suteikia dar daugiau vietos daiktams susid\u0117ti. Minimalistinis dizainas, atidarymo spustel\u0117jus sistema ir tvirta konstrukcija daro \u0161\u012f bald\u0105 puikiu modernaus ir stilingo interjero papildymu.<br \/>\nSistema apima:<br \/>\nTelevizorius su \u017eidiniu \u2013 suteikia bet kokiam interjerui unikali\u0105 ir jauki\u0105 atmosfer\u0105.<br \/>\nTV 100 1D2S komoda \u2013 kompakti\u0161ka televizoriaus spintel\u0117 su vienomis durel\u0117mis ir dviem stal\u010diais, idealiai tinka ma\u017eesn\u0117ms erdv\u0117ms.<br \/>\nTV 200 3D komoda \u2013 eleganti\u0161kas ir funkcionalus televizoriaus spintelis, kuriame dera dizainas ir prakti\u0161ka daikt\u0173 laikymo vieta.<br \/>\nKomoda 150 3D \u2013 didesn\u0117, erdvi komoda su trimis durel\u0117mis, kurioje tilps visi reikalingi j\u016bs\u0173 reikmenys.<br \/>\nKomoda 200 4D \u2013 erdvi komoda su keturiomis durel\u0117mis, suteikianti dar daugiau vietos daiktams susid\u0117ti.<br \/>\nVitrina \u201eVitrina 60\u201c \u2013 plona ir eleganti\u0161ka vitrina, puikiai tinkanti m\u0117gstamoms dekoracijoms ir aksesuarams eksponuoti.<br \/>\nKolekcijos akcentai:<br \/>\ntvirta konstrukcija, pagaminta i\u0161 16 mm laminuotos plok\u0161t\u0117s,<br \/>\neleganti\u0161ki fasadai su aliuminio r\u0117mais,<br \/>\npatogi atidarymo spustel\u0117jimu sistema \u2013 n\u0117ra ranken\u0117li\u0173, kad b\u016bt\u0173 u\u017etikrintas \u0161varus ir modernus vaizdas,<br \/>\nmetalin\u0117s kojel\u0117s (20 cm), juodos.<br \/>\nGalimos spalvos:<br \/>\nKremona<br \/>\nKa\u0161myras<br \/>\n\u0160i kolekcija \u2013 tobulas dizaino ir funkcionalumo derinys \u2013 ji \u012fne\u0161 harmonijos, tvarkos ir jaukios atmosferos \u012f j\u016bs\u0173 namus.<\/p>","protected":false},"excerpt":{"rendered":"<p>Kolekcija: DOMI<br \/>\nPlotis: 200<br \/>\n\u016agis: 75<br \/>\nGylis: 40<br \/>\nDur\u0173 skai\u010dius: 4<\/p>","protected":false},"featured_media":231562,"comment_status":"open","ping_status":"open","template":"","meta":[],"product_brand":[],"product_cat":[8388,1173],"product_tag":[],"class_list":{"0":"post-231561","1":"product","2":"type-product","3":"status-publish","4":"has-post-thumbnail","6":"product_cat-cama-meble","7":"product_cat-chests-of-drawers","9":"first","10":"instock","11":"purchasable","12":"product-type-simple"},"_links":{"self":[{"href":"https:\/\/baldumarket.lt\/lt\/wp-json\/wp\/v2\/product\/231561","targetHints":{"allow":["GET"]}}],"collection":[{"href":"https:\/\/baldumarket.lt\/lt\/wp-json\/wp\/v2\/product"}],"about":[{"href":"https:\/\/baldumarket.lt\/lt\/wp-json\/wp\/v2\/types\/product"}],"replies":[{"embeddable":true,"href":"https:\/\/baldumarket.lt\/lt\/wp-json\/wp\/v2\/comments?post=231561"}],"wp:featuredmedia":[{"embeddable":true,"href":"https:\/\/baldumarket.lt\/lt\/wp-json\/wp\/v2\/media\/231562"}],"wp:attachment":[{"href":"https:\/\/baldumarket.lt\/lt\/wp-json\/wp\/v2\/media?parent=231561"}],"wp:term":[{"taxonomy":"product_brand","embeddable":true,"href":"https:\/\/baldumarket.lt\/lt\/wp-json\/wp\/v2\/product_brand?post=231561"},{"taxonomy":"product_cat","embeddable":true,"href":"https:\/\/baldumarket.lt\/lt\/wp-json\/wp\/v2\/product_cat?post=231561"},{"taxonomy":"product_tag","embeddable":true,"href":"https:\/\/baldumarket.lt\/lt\/wp-json\/wp\/v2\/product_tag?post=231561"}],"curies":[{"name":"wp","href":"https:\/\/api.w.org\/{rel}","templated":true}]}}