{"id":231537,"date":"2025-12-29T01:45:26","date_gmt":"2025-12-28T22:45:26","guid":{"rendered":"https:\/\/baldumarket.lt\/product\/cortina-szafki-nocne-kpl\/"},"modified":"2026-02-11T18:36:12","modified_gmt":"2026-02-11T15:36:12","slug":"cortina-szafki-nocne-kpl","status":"publish","type":"product","link":"https:\/\/baldumarket.lt\/lt\/product\/cortina-szafki-nocne-kpl\/","title":{"rendered":"CORTINA naktin\u0117s spintel\u0117s komplektas"},"content":{"rendered":"<p>CORTINA naktin\u0117s spintel\u0117s komplektas<br \/>\nCORTINA naktini\u0173 spinteli\u0173 komplektas \u2013 elegancija ir funkcionalumas moderniame dizaine<br \/>\nCORTINA naktini\u0173 spinteli\u0173 komplektas \u2013 puikus pasirinkimas tiems, kurie vertina minimalistin\u012f dizain\u0105 ir auk\u0161tos kokyb\u0117s meistri\u0161kum\u0105. Matin\u0117s juodos ir \u0161iltos rie\u0161utmed\u017eio spalvos derinys suteikia interjerui jaukumo ir modernumo. Paprasta, geometrin\u0117 forma puikiai tinka tiek klasikiniam, tiek lofto interjerui.<br \/>\nPagrindin\u0117s savyb\u0117s:<br \/>\n\u2714 Modernus dizainas \u2013 eleganti\u0161kas juodos ir rie\u0161utmed\u017eio spalvos apdailos derinys puikiai dera prie bet kurio miegamojo.<br \/>\n\u2714 Pagaminta i\u0161 MDF \u2013 patvarus ir atsparus pa\u017eeidimams pavir\u0161ius u\u017etikrina bald\u0173 ilgaam\u017ei\u0161kum\u0105.<br \/>\n\u2714 Atidarymo spustel\u0117jus sistema \u2013 ranken\u0117li\u0173 nebuvimas pabr\u0117\u017eia minimalistin\u012f stili\u0173 ir u\u017etikrina lengv\u0105 atidarym\u0105.<br \/>\n\u2714 Prakti\u0161ka daikt\u0173 laikymo vieta \u2013 spintel\u0117je prie lovos yra vietos svarbiausiems daiktams.<br \/>\n\u2714 20 cm auk\u0161\u010dio metalin\u0117s kojel\u0117s \u2013 stabili konstrukcija ir lengvas valymas po baldais. CORTINA naktiniai staleliai puikiai papildo bet kur\u012f modern\u0173 miegam\u0105j\u012f. D\u0117l universalaus dizaino jie puikiai dera tiek su mink\u0161tomis, tiek su medin\u0117mis lovomis, sukurdami harmoning\u0105 ir eleganti\u0161k\u0105 erdv\u0119 poilsiui.<br \/>\nCORTINA kolekcija sukurta tiems, kurie vertina modern\u0173 stili\u0173, elegancij\u0105 ir auk\u0161\u010diausio lygio funkcionalum\u0105. Baldai si\u016blomi dviej\u0173 unikali\u0173 apdailos variant\u0173 \u2013 matin\u0117s juodos ir matin\u0117s juodos su nat\u016bralaus rie\u0161utmed\u017eio apdaila. Abi versijos suteikia interjerui \u0161ilumos, harmonijos ir rafinuoto charakterio.<br \/>\nTvirti MDF fasadai \u017eavi tiksliais grioveliais, kurie suteikia baldams gylio ir unikalios strukt\u016bros. Kolekcija pastatyta ant auk\u0161t\u0173, 20 cm metalini\u0173 kojeli\u0173, kurios suteikia baldams lengvumo ir modernumo, o valym\u0105 irgi palengvina.<br \/>\nAtidarymo spustel\u0117jus sistema u\u017etikrina funkcionalum\u0105, d\u0117l kurios baldai i\u0161laiko \u0161vari\u0105, minimalistin\u0119 form\u0105 \u2013 be ranken\u0117li\u0173 ir vizualiai netvarking\u0173 viet\u0173. Kiekvieno vieneto vidus yra erdvus ir prakti\u0161kas, puikiai tinka dokumentams, stalo \u012frankiams, aksesuarams ar elektronikai laikyti. Kolekcij\u0105 sudaro: \u012fvairaus plo\u010dio komodos, vitrinos su eleganti\u0161komis stiklo plok\u0161t\u0117mis, televizoriaus spintel\u0117s ir televizoriaus spintel\u0117s su elektriniais \u017eidiniais \u2013 puikiai tinka jaukiai atmosferai svetain\u0117je sukurti. CORTINA puikiai dera prie modernaus, lofto, minimalistinio ir eleganti\u0161ko auk\u0161\u010diausios klas\u0117s interjero. \u0160i kolekcija pagerina kambario estetik\u0105 ir suteikia prabangos.<\/p>","protected":false},"excerpt":{"rendered":"<p>Kolekcija: CORTINA<br \/>\nSpalva: matin\u0117 juoda, rie\u0161uto spalvos<br \/>\nPriekin\u0117 med\u017eiaga: laminuota MDF plok\u0161t\u0117, laminuota plok\u0161t\u0117<br \/>\n\u016agis cm: 51<br \/>\nPlotis cm: 45<br \/>\nGylis cm: 40<br \/>\nDur\u0173 skai\u010dius: 1<\/p>","protected":false},"featured_media":231538,"comment_status":"open","ping_status":"open","template":"","meta":[],"product_brand":[],"product_cat":[1176,8388],"product_tag":[],"class_list":{"0":"post-231537","1":"product","2":"type-product","3":"status-publish","4":"has-post-thumbnail","6":"product_cat-bedside-tables","7":"product_cat-cama-meble","9":"first","10":"instock","11":"purchasable","12":"product-type-simple"},"_links":{"self":[{"href":"https:\/\/baldumarket.lt\/lt\/wp-json\/wp\/v2\/product\/231537","targetHints":{"allow":["GET"]}}],"collection":[{"href":"https:\/\/baldumarket.lt\/lt\/wp-json\/wp\/v2\/product"}],"about":[{"href":"https:\/\/baldumarket.lt\/lt\/wp-json\/wp\/v2\/types\/product"}],"replies":[{"embeddable":true,"href":"https:\/\/baldumarket.lt\/lt\/wp-json\/wp\/v2\/comments?post=231537"}],"wp:featuredmedia":[{"embeddable":true,"href":"https:\/\/baldumarket.lt\/lt\/wp-json\/wp\/v2\/media\/231538"}],"wp:attachment":[{"href":"https:\/\/baldumarket.lt\/lt\/wp-json\/wp\/v2\/media?parent=231537"}],"wp:term":[{"taxonomy":"product_brand","embeddable":true,"href":"https:\/\/baldumarket.lt\/lt\/wp-json\/wp\/v2\/product_brand?post=231537"},{"taxonomy":"product_cat","embeddable":true,"href":"https:\/\/baldumarket.lt\/lt\/wp-json\/wp\/v2\/product_cat?post=231537"},{"taxonomy":"product_tag","embeddable":true,"href":"https:\/\/baldumarket.lt\/lt\/wp-json\/wp\/v2\/product_tag?post=231537"}],"curies":[{"name":"wp","href":"https:\/\/api.w.org\/{rel}","templated":true}]}}