{"id":231482,"date":"2025-12-29T01:44:10","date_gmt":"2025-12-28T22:44:10","guid":{"rendered":"https:\/\/baldumarket.lt\/product\/biurko-moon-z-elektryczna-regulacja-wysokosci\/"},"modified":"2026-02-11T18:36:12","modified_gmt":"2026-02-11T15:36:12","slug":"biurko-moon-z-elektryczna-regulacja-wysokosci","status":"publish","type":"product","link":"https:\/\/baldumarket.lt\/lt\/product\/biurko-moon-z-elektryczna-regulacja-wysokosci\/","title":{"rendered":"MOON stalas su elektriniu auk\u0161\u010dio reguliavimu"},"content":{"rendered":"<p>MOON ra\u0161omasis stalas, juodos kojos, \u012fvairi\u0173 spalv\u0173 stalvir\u0161is<br \/>\nApra\u0161ymas ir specifikacijos<br \/>\nMOON stalas yra modernus ir funkcionalus stalas, leid\u017eiantis reguliuoti auk\u0161t\u012f pagal savo poreikius. Naudodami maitinimo laid\u0105, galite reguliuoti stalo auk\u0161t\u012f j\u012f pakeldami arba nuleisdami. Tai puikus sprendimas, leid\u017eiantis pritaikyti stal\u0105 pagal savo patogum\u0105 ir pageidavimus dirbant ar mokantis. Ar jus domina \u0161io stalo \u012fsigijimas?<br \/>\nMed\u017eiaga:<br \/>\nVir\u0161us: 22 mm laminuota med\u017eio dro\u017eli\u0173 plok\u0161t\u0117<br \/>\nKojel\u0117s: reguliuojamas r\u0117mas<br \/>\nProdukto apra\u0161ymas:<br \/>\nApval\u016bs vir\u0161utiniai kra\u0161tai<br \/>\nApsaugos nuo susid\u016brimo sistema<br \/>\n3 pad\u0117\u010di\u0173 atmintis (auk\u0161\u010dio)<\/p>","protected":false},"excerpt":{"rendered":"<p>\u016agis cm: 72,2\u2013120,2<br \/>\nPlotis cm: 121<br \/>\nGylis cm: 67<\/p>","protected":false},"featured_media":231483,"comment_status":"open","ping_status":"open","template":"","meta":[],"product_brand":[],"product_cat":[8388,1312],"product_tag":[],"class_list":{"0":"post-231482","1":"product","2":"type-product","3":"status-publish","4":"has-post-thumbnail","6":"product_cat-cama-meble","7":"product_cat-desks","9":"first","10":"instock","11":"purchasable","12":"product-type-simple"},"_links":{"self":[{"href":"https:\/\/baldumarket.lt\/lt\/wp-json\/wp\/v2\/product\/231482","targetHints":{"allow":["GET"]}}],"collection":[{"href":"https:\/\/baldumarket.lt\/lt\/wp-json\/wp\/v2\/product"}],"about":[{"href":"https:\/\/baldumarket.lt\/lt\/wp-json\/wp\/v2\/types\/product"}],"replies":[{"embeddable":true,"href":"https:\/\/baldumarket.lt\/lt\/wp-json\/wp\/v2\/comments?post=231482"}],"wp:featuredmedia":[{"embeddable":true,"href":"https:\/\/baldumarket.lt\/lt\/wp-json\/wp\/v2\/media\/231483"}],"wp:attachment":[{"href":"https:\/\/baldumarket.lt\/lt\/wp-json\/wp\/v2\/media?parent=231482"}],"wp:term":[{"taxonomy":"product_brand","embeddable":true,"href":"https:\/\/baldumarket.lt\/lt\/wp-json\/wp\/v2\/product_brand?post=231482"},{"taxonomy":"product_cat","embeddable":true,"href":"https:\/\/baldumarket.lt\/lt\/wp-json\/wp\/v2\/product_cat?post=231482"},{"taxonomy":"product_tag","embeddable":true,"href":"https:\/\/baldumarket.lt\/lt\/wp-json\/wp\/v2\/product_tag?post=231482"}],"curies":[{"name":"wp","href":"https:\/\/api.w.org\/{rel}","templated":true}]}}