{"id":231472,"date":"2025-12-29T01:43:56","date_gmt":"2025-12-28T22:43:56","guid":{"rendered":"https:\/\/baldumarket.lt\/product\/almera-szafki-nocne-kpl-typ-7\/"},"modified":"2026-02-11T18:36:12","modified_gmt":"2026-02-11T15:36:12","slug":"almera-szafki-nocne-kpl-typ-7","status":"publish","type":"product","link":"https:\/\/baldumarket.lt\/lt\/product\/almera-szafki-nocne-kpl-typ-7\/","title":{"rendered":"ALMERA naktini\u0173 staliuk\u0173 komplektas, 7 tipas"},"content":{"rendered":"<p>\u201eAlmera\u201c naktini\u0173 staliuk\u0173 komplektas \u2013 elegancija ir funkcionalumas prie lovos<br \/>\n\u012ene\u0161kite harmonijos ir stiliaus \u012f savo miegam\u0105j\u012f su \u201eAlmera\u201c naktini\u0173 staliuk\u0173 komplektu, kuris puikiai derina modern\u0173 dizain\u0105 su nat\u016brali\u0173 apdailos med\u017eiag\u0173 \u0161iluma. Jie puikiai dera su lova ir kitais tos pa\u010dios linijos baldais.<br \/>\nR\u0117mas, pagamintas i\u0161 patvarios bald\u0173 plok\u0161t\u0117s su \u201eWarmia Walnut\u201c apdaila, suteikia naktiniams staliukams nat\u016bralumo ir jaukumo.<br \/>\nFrezuoti fasadai, eleganti\u0161kos ka\u0161myro spalvos, suteikia subtil\u0173 dekoratyvum\u0105 ir modern\u0173 akcent\u0105.<br \/>\nJuodos metalin\u0117s ranken\u0117l\u0117s yra minimalistin\u0117s ir prakti\u0161kos, puikiai papildan\u010dios bendr\u0105 bald\u0173 stili\u0173.<br \/>\n15 cm auk\u0161\u010dio kojel\u0117s, taip pat juodos, sukuria lengvumo poj\u016bt\u012f, palengvina valym\u0105 ir suteikia modern\u0173, industrin\u012f charakter\u012f.<br \/>\n\u201eAlmera\u201c naktiniai staleliai yra ne tik estetinis papildymas, bet ir funkcionali vieta naktinei lempai, knygai ar kitiems smulkiems daiktams, kuriuos norite laikyti po ranka. Jie puikiai tinka tiek moderniam, tiek skandinavi\u0161kam, tiek japoni\u0161kam interjerui.<\/p>","protected":false},"excerpt":{"rendered":"<p>Almera Bedside Table Set \u2013 Elegance and Functionality by the Bed Introduce harmony and style to your bedroom with the Almera bedside table set, which perfectly combines modern design with the warmth of natural finishes. They complement the bed and other furniture from the same line. The frame, made of durable furniture board in a [&hellip;]<\/p>","protected":false},"featured_media":231473,"comment_status":"open","ping_status":"open","template":"","meta":[],"product_brand":[],"product_cat":[1176,8388],"product_tag":[],"class_list":{"0":"post-231472","1":"product","2":"type-product","3":"status-publish","4":"has-post-thumbnail","6":"product_cat-bedside-tables","7":"product_cat-cama-meble","9":"first","10":"instock","11":"purchasable","12":"product-type-simple"},"_links":{"self":[{"href":"https:\/\/baldumarket.lt\/lt\/wp-json\/wp\/v2\/product\/231472","targetHints":{"allow":["GET"]}}],"collection":[{"href":"https:\/\/baldumarket.lt\/lt\/wp-json\/wp\/v2\/product"}],"about":[{"href":"https:\/\/baldumarket.lt\/lt\/wp-json\/wp\/v2\/types\/product"}],"replies":[{"embeddable":true,"href":"https:\/\/baldumarket.lt\/lt\/wp-json\/wp\/v2\/comments?post=231472"}],"wp:featuredmedia":[{"embeddable":true,"href":"https:\/\/baldumarket.lt\/lt\/wp-json\/wp\/v2\/media\/231473"}],"wp:attachment":[{"href":"https:\/\/baldumarket.lt\/lt\/wp-json\/wp\/v2\/media?parent=231472"}],"wp:term":[{"taxonomy":"product_brand","embeddable":true,"href":"https:\/\/baldumarket.lt\/lt\/wp-json\/wp\/v2\/product_brand?post=231472"},{"taxonomy":"product_cat","embeddable":true,"href":"https:\/\/baldumarket.lt\/lt\/wp-json\/wp\/v2\/product_cat?post=231472"},{"taxonomy":"product_tag","embeddable":true,"href":"https:\/\/baldumarket.lt\/lt\/wp-json\/wp\/v2\/product_tag?post=231472"}],"curies":[{"name":"wp","href":"https:\/\/api.w.org\/{rel}","templated":true}]}}