{"id":231467,"date":"2025-12-29T01:43:50","date_gmt":"2025-12-28T22:43:50","guid":{"rendered":"https:\/\/baldumarket.lt\/product\/almera-szafka-wysoka-typ-3\/"},"modified":"2026-02-11T18:36:12","modified_gmt":"2026-02-11T15:36:12","slug":"almera-szafka-wysoka-typ-3","status":"publish","type":"product","link":"https:\/\/baldumarket.lt\/lt\/product\/almera-szafka-wysoka-typ-3\/","title":{"rendered":"ALMERA auk\u0161ta spintel\u0117, 3 tipas"},"content":{"rendered":"<p>Kolekcija: ALMERA Surinkti baldai: Ne Plotis: 90 Auk\u0161tis: 185 Gylis: 42<br \/>\n\u201eAlmera\u201c vitrina \u2013 elegancija ir modernus stilius j\u016bs\u0173 interjere<br \/>\n\u00a0Stilinga \u201eAlmera\u201c vitrina derina modern\u0173 dizain\u0105 ir funkcionalum\u0105. D\u0117l unikalaus \u0161ilto Varmijos rie\u0161utmed\u017eio ir eleganti\u0161ko ka\u0161myro derinio \u0161is baldas puikiai tiks tiek moderniame, tiek klasikiniame interjere.<br \/>\nSpecifikacijos:<br \/>\nKorpusas: pagamintas i\u0161 patvarios Varmijos rie\u0161utmed\u017eio plok\u0161t\u0117s, suteikian\u010dios baldams nat\u016bralumo ir \u0161ilumos.<br \/>\nFasadai: eleganti\u0161kai frezuoti i\u0161 ka\u0161myro, pabr\u0117\u017eiantys subtil\u0173, ta\u010diau rafinuot\u0105 vitrinos stili\u0173.<br \/>\nKojel\u0117s: vientisas juodas metalas, u\u017etikrinantis stabilum\u0105, lengvum\u0105 ir industrin\u012f stili\u0173.<br \/>\nRankenos: Minimalistinio juodo metalo, puikiai papildan\u010dios bendr\u0105 dizain\u0105 ir u\u017etikrinan\u010dios lengv\u0105 atidarym\u0105.<br \/>\nFunkcionalumas:<br \/>\n\u201eAlmera\u201c vitrinoje yra erdvios lentynos, puikiai tinkan\u010dios m\u0117gstamiems porcelianams, knygoms ar dekoratyviniams daiktams eksponuoti. Papildomi u\u017edari skyriai leid\u017eia laikyti daiktus, kuriuos norite laikyti po ranka, bet nematomus.<br \/>\n\u201eAlmera\u201c vitrina \u2013 tai tobulas estetikos ir funkcionalumo derinys, pary\u0161kinantis bet kokio interjero charakter\u012f.<br \/>\nKvie\u010diame \u012fsigyti! Jei turite klausim\u0173, mielai suteiksime papildomos informacijos.<\/p>","protected":false},"excerpt":{"rendered":"<p>Kolekcija: ALMERA<br \/>\nPlotis: 90<br \/>\n\u016agis: 185<br \/>\nGylis: 42<\/p>","protected":false},"featured_media":231468,"comment_status":"open","ping_status":"open","template":"","meta":[],"product_brand":[],"product_cat":[8388,1177],"product_tag":[],"class_list":{"0":"post-231467","1":"product","2":"type-product","3":"status-publish","4":"has-post-thumbnail","6":"product_cat-cama-meble","7":"product_cat-wardrobes","9":"first","10":"instock","11":"purchasable","12":"product-type-simple"},"_links":{"self":[{"href":"https:\/\/baldumarket.lt\/lt\/wp-json\/wp\/v2\/product\/231467","targetHints":{"allow":["GET"]}}],"collection":[{"href":"https:\/\/baldumarket.lt\/lt\/wp-json\/wp\/v2\/product"}],"about":[{"href":"https:\/\/baldumarket.lt\/lt\/wp-json\/wp\/v2\/types\/product"}],"replies":[{"embeddable":true,"href":"https:\/\/baldumarket.lt\/lt\/wp-json\/wp\/v2\/comments?post=231467"}],"wp:featuredmedia":[{"embeddable":true,"href":"https:\/\/baldumarket.lt\/lt\/wp-json\/wp\/v2\/media\/231468"}],"wp:attachment":[{"href":"https:\/\/baldumarket.lt\/lt\/wp-json\/wp\/v2\/media?parent=231467"}],"wp:term":[{"taxonomy":"product_brand","embeddable":true,"href":"https:\/\/baldumarket.lt\/lt\/wp-json\/wp\/v2\/product_brand?post=231467"},{"taxonomy":"product_cat","embeddable":true,"href":"https:\/\/baldumarket.lt\/lt\/wp-json\/wp\/v2\/product_cat?post=231467"},{"taxonomy":"product_tag","embeddable":true,"href":"https:\/\/baldumarket.lt\/lt\/wp-json\/wp\/v2\/product_tag?post=231467"}],"curies":[{"name":"wp","href":"https:\/\/api.w.org\/{rel}","templated":true}]}}