{"id":231463,"date":"2025-12-29T01:43:45","date_gmt":"2025-12-28T22:43:45","guid":{"rendered":"https:\/\/baldumarket.lt\/product\/almera-szafka-rtv-z-kominkiem-typ-6\/"},"modified":"2026-02-11T18:36:12","modified_gmt":"2026-02-11T15:36:12","slug":"almera-szafka-rtv-z-kominkiem-typ-6","status":"publish","type":"product","link":"https:\/\/baldumarket.lt\/lt\/product\/almera-szafka-rtv-z-kominkiem-typ-6\/","title":{"rendered":"ALMERA TV spintel\u0117 su \u017eidiniu, 6 tipo"},"content":{"rendered":"<p>Kolekcija: Almera Surinkti baldai: Ne Plotis: 180,5 Auk\u0161tis: 52,2 Gylis: 42 Dur\u0173 skai\u010dius: 2 Rankena: Juoda<br \/>\n\u201eAlmera\u201c televizoriaus staliukas su \u017eidiniu \u2013 \u0161iluma, stilius ir funkcionalumas viename<br \/>\nSukurkite unikali\u0105 atmosfer\u0105 savo svetain\u0117je su \u201eAlmera\u201c televizoriaus staliuku su \u012fmontuotu elektriniu \u017eidiniu. Jame dera eleganti\u0161kas dizainas, nat\u016bralios med\u017eiagos ir jauki \u0161iluma, sukuriant unikali\u0105 atmosfer\u0105.<br \/>\nKorpusas, pagamintas i\u0161 patvarios, eleganti\u0161ko Varmijos rie\u0161utmed\u017eio atspalvio plok\u0161t\u0117s, pabr\u0117\u017eia nat\u016bral\u0173, \u0161ilt\u0105 baldo charakter\u012f.<br \/>\nFrezuoti fasadai, stilingos ka\u0161myro spalvos, suteikia subtilios elegancijos ir modernumo.<br \/>\nElektrinis \u017eidinys, diskreti\u0161kai integruotas \u012f spintel\u0117s centr\u0105, atlieka ir dekoratyvinio, ir \u0161ildymo elemento funkcij\u0105 \u2013 sukuria tobul\u0105 aplink\u0105 poilsiui.<br \/>\nJuodos metalin\u0117s kojel\u0117s suteikia lengvumo ir stabilumo, o j\u0173 industrinis stilius puikiai papildo bendr\u0105 dizain\u0105.<br \/>\nMinimalistin\u0117s ranken\u0117l\u0117s, taip pat pagamintos i\u0161 juodo metalo, papildo harmoning\u0105 bald\u0173 dizain\u0105.<br \/>\n\u201eAlmera\u201c spintel\u0117 su \u017eidiniu \u2013 puikus sprendimas tiems, kurie vertina dizaineri\u0173 kurt\u0105 interjer\u0105 ir nam\u0173 jaukum\u0105. Ji puikiai papildys skandinavi\u0161k\u0105, modern\u0173 ir japoni\u0161ko stiliaus interjerus, sukurdama unikali\u0105 poilsio erdv\u0119 svetain\u0117je.<\/p>","protected":false},"excerpt":{"rendered":"<p>Kolekcija: Almera<br \/>\nPlotis: 180,5<br \/>\n\u016agis: 52,2<br \/>\nGylis: 42<br \/>\nDur\u0173 skai\u010dius: 2<br \/>\nJuoda rankena<\/p>","protected":false},"featured_media":231464,"comment_status":"open","ping_status":"open","template":"","meta":[],"product_brand":[],"product_cat":[8388,1175],"product_tag":[],"class_list":{"0":"post-231463","1":"product","2":"type-product","3":"status-publish","4":"has-post-thumbnail","6":"product_cat-cama-meble","7":"product_cat-tv-stands","9":"first","10":"instock","11":"purchasable","12":"product-type-simple"},"_links":{"self":[{"href":"https:\/\/baldumarket.lt\/lt\/wp-json\/wp\/v2\/product\/231463","targetHints":{"allow":["GET"]}}],"collection":[{"href":"https:\/\/baldumarket.lt\/lt\/wp-json\/wp\/v2\/product"}],"about":[{"href":"https:\/\/baldumarket.lt\/lt\/wp-json\/wp\/v2\/types\/product"}],"replies":[{"embeddable":true,"href":"https:\/\/baldumarket.lt\/lt\/wp-json\/wp\/v2\/comments?post=231463"}],"wp:featuredmedia":[{"embeddable":true,"href":"https:\/\/baldumarket.lt\/lt\/wp-json\/wp\/v2\/media\/231464"}],"wp:attachment":[{"href":"https:\/\/baldumarket.lt\/lt\/wp-json\/wp\/v2\/media?parent=231463"}],"wp:term":[{"taxonomy":"product_brand","embeddable":true,"href":"https:\/\/baldumarket.lt\/lt\/wp-json\/wp\/v2\/product_brand?post=231463"},{"taxonomy":"product_cat","embeddable":true,"href":"https:\/\/baldumarket.lt\/lt\/wp-json\/wp\/v2\/product_cat?post=231463"},{"taxonomy":"product_tag","embeddable":true,"href":"https:\/\/baldumarket.lt\/lt\/wp-json\/wp\/v2\/product_tag?post=231463"}],"curies":[{"name":"wp","href":"https:\/\/api.w.org\/{rel}","templated":true}]}}