{"id":231453,"date":"2025-12-29T01:43:32","date_gmt":"2025-12-28T22:43:32","guid":{"rendered":"https:\/\/baldumarket.lt\/product\/almera-szafka-niska-typ-4\/"},"modified":"2026-02-11T18:36:12","modified_gmt":"2026-02-11T15:36:12","slug":"almera-szafka-niska-typ-4","status":"publish","type":"product","link":"https:\/\/baldumarket.lt\/lt\/product\/almera-szafka-niska-typ-4\/","title":{"rendered":"\u017dema ALMERA spintel\u0117, 4 tipas"},"content":{"rendered":"<p>Kolekcija: ALMERA Surinkti baldai: Ne Plotis: 90 Auk\u0161tis: 165 Gylis: 42<br \/>\n\u201eAlmera Low\u201c vitrina \u2013 elegancija ir funkcionalumas kompakti\u0161koje formoje<br \/>\n\u0160iame pasi\u016blyme pristatoma stilinga \u017eema \u201eAlmera\u201c vitrina, kuri \u017eavi moderniu dizainu ir puikiu meistri\u0161kumu. \u0160ilto Varmijos rie\u0161utmed\u017eio atspalvio ir eleganti\u0161ko ka\u0161myro derinys daro \u0161\u012f bald\u0105 puikiai tinkant\u012f \u012fvairiems interjero dizainams \u2013 nuo modernaus iki klasikinio.<br \/>\nSpecifikacijos:<br \/>\nKorpusas: pagamintas i\u0161 patvarios Varmijos rie\u0161utmed\u017eio plok\u0161t\u0117s, suteikian\u010dios baldams nat\u016bralumo ir \u0161ilumos.<br \/>\nPriekin\u0117s dalys: eleganti\u0161kai frezuotos i\u0161 ka\u0161myro, pabr\u0117\u017eian\u010dios subtil\u0173, ta\u010diau rafinuot\u0105 spintel\u0117s stili\u0173.<br \/>\nKojel\u0117s: tvirtos, pagamintos i\u0161 juodo metalo, u\u017etikrinan\u010dios stabilum\u0105 ir suteikian\u010dios konstrukcijai lengvumo bei industrinio charakterio.<br \/>\nRankenos: Minimalistin\u0117s, juodo metalo, puikiai papildan\u010dios bendr\u0105 dizain\u0105, palengvinan\u010dios atidarym\u0105.<br \/>\nFunkcionalumas:<br \/>\n\u017dema \u201eAlmera\u201c vitrina \u2013 puikus sprendimas daikt\u0173 laikymui ir eksponavimui. Erdvios lentynos ir u\u017erakinami skyriai leid\u017eia tvarkingai susid\u0117ti kasdienius daiktus. Ji puikiai tinka svetainei, valgomajam, miegamajam ar biurui.<br \/>\nPrivalumai:<br \/>\nKompakti\u0161ki matmenys, idealiai tinka ma\u017eesn\u0117ms erdv\u0117ms<br \/>\nStabili konstrukcija ant metalini\u0173 koj\u0173<br \/>\nUniversalus dizainas, tinkantis daugeliui interjero stili\u0173<br \/>\n\u017dema vitrina \u201eAlmera\u201c \u2013 tai elegancijos ir prakti\u0161kumo derinys, kuris j\u016bs\u0173 interjerui suteiks harmonijos ir stiliaus.<\/p>","protected":false},"excerpt":{"rendered":"<p>Kolekcija: ALMERA<br \/>\nPlotis: 90<br \/>\n\u016agis: 165<br \/>\nGylis: 42<\/p>","protected":false},"featured_media":231454,"comment_status":"open","ping_status":"open","template":"","meta":[],"product_brand":[],"product_cat":[8388,1177],"product_tag":[],"class_list":{"0":"post-231453","1":"product","2":"type-product","3":"status-publish","4":"has-post-thumbnail","6":"product_cat-cama-meble","7":"product_cat-wardrobes","9":"first","10":"instock","11":"purchasable","12":"product-type-simple"},"_links":{"self":[{"href":"https:\/\/baldumarket.lt\/lt\/wp-json\/wp\/v2\/product\/231453","targetHints":{"allow":["GET"]}}],"collection":[{"href":"https:\/\/baldumarket.lt\/lt\/wp-json\/wp\/v2\/product"}],"about":[{"href":"https:\/\/baldumarket.lt\/lt\/wp-json\/wp\/v2\/types\/product"}],"replies":[{"embeddable":true,"href":"https:\/\/baldumarket.lt\/lt\/wp-json\/wp\/v2\/comments?post=231453"}],"wp:featuredmedia":[{"embeddable":true,"href":"https:\/\/baldumarket.lt\/lt\/wp-json\/wp\/v2\/media\/231454"}],"wp:attachment":[{"href":"https:\/\/baldumarket.lt\/lt\/wp-json\/wp\/v2\/media?parent=231453"}],"wp:term":[{"taxonomy":"product_brand","embeddable":true,"href":"https:\/\/baldumarket.lt\/lt\/wp-json\/wp\/v2\/product_brand?post=231453"},{"taxonomy":"product_cat","embeddable":true,"href":"https:\/\/baldumarket.lt\/lt\/wp-json\/wp\/v2\/product_cat?post=231453"},{"taxonomy":"product_tag","embeddable":true,"href":"https:\/\/baldumarket.lt\/lt\/wp-json\/wp\/v2\/product_tag?post=231453"}],"curies":[{"name":"wp","href":"https:\/\/api.w.org\/{rel}","templated":true}]}}