{"id":231443,"date":"2025-12-29T01:43:19","date_gmt":"2025-12-28T22:43:19","guid":{"rendered":"https:\/\/baldumarket.lt\/product\/almera-komoda-typ-2\/"},"modified":"2026-02-11T18:36:13","modified_gmt":"2026-02-11T15:36:13","slug":"almera-komoda-typ-2","status":"publish","type":"product","link":"https:\/\/baldumarket.lt\/lt\/product\/almera-komoda-typ-2\/","title":{"rendered":"ALMERA komoda, 2 tipas"},"content":{"rendered":"<p>Kolekcija: ALMERA Surinkta: Ne Plotis: 104 Auk\u0161tis: 75 Gylis: 42 Dureli\u0173 skai\u010dius: 1 Stal\u010di\u0173 skai\u010dius: 3<br \/>\nModerni komoda \u201eAlmera\u201c \u2013 elegancija minimalistiniame stiliuje<br \/>\n\u201eAlmera\u201c \u2013 tai unikali komoda, kurioje puikiai dera modernus dizainas ir funkcionalumas. D\u0117l stilingos i\u0161vaizdos ji puikiai tinka tiek moderniam, tiek klasikiniam interjerui.<br \/>\nSpecifikacijos:<br \/>\nKorpusas: pagamintas i\u0161 patvarios plok\u0161t\u0117s, \u0161ilto Varmijos rie\u0161utmed\u017eio atspalvio, suteikian\u010dio baldams nat\u016bralaus \u017eavesio.<br \/>\nPriekin\u0117s dalys: eleganti\u0161kai frezuotos i\u0161 ka\u0161myro, pabr\u0117\u017eian\u010dios subtil\u0173, ta\u010diau rafinuot\u0105 komodos charakter\u012f.<br \/>\nKojel\u0117s: tvirtos, pagamintos i\u0161 juodo metalo, kuris suteikia baldams lengvumo ir stabilumo, kartu suteikdamas industrin\u012f atspalv\u012f.<br \/>\nRankenos: minimalistin\u0117s, juodo metalo, puikiai papildan\u010dios bendr\u0105 dizain\u0105 ir palengvinan\u010dios atidarym\u0105.<br \/>\nFunkcionalumas:<br \/>\n\u0160i komoda turi erdvius stal\u010dius ir rakinam\u0105 spintel\u0119, leid\u017eian\u010di\u0105 prakti\u0161kai laikyti \u012fvairius daiktus \u2013 nuo drabu\u017ei\u0173 iki dokument\u0173. Ji puikiai tinka svetainei, miegamajam, prie\u0161kambariui ar biurui.<br \/>\nPaprastas dizainas, eleganti\u0161kos detal\u0117s ir auk\u0161tos kokyb\u0117s meistri\u0161kumas paver\u010dia \u201eAlmera\u201c komod\u0105 baldu, kuris pabr\u0117\u0161 bet kokio interjero charakter\u012f.<\/p>","protected":false},"excerpt":{"rendered":"<p>Kolekcija: ALMERA<br \/>\nPlotis: 104<br \/>\n\u016agis: 75<br \/>\nGylis: 42<br \/>\nDur\u0173 skai\u010dius: 1<br \/>\nStal\u010di\u0173 skai\u010dius: 3<\/p>","protected":false},"featured_media":231444,"comment_status":"open","ping_status":"open","template":"","meta":[],"product_brand":[],"product_cat":[8388,1173],"product_tag":[],"class_list":{"0":"post-231443","1":"product","2":"type-product","3":"status-publish","4":"has-post-thumbnail","6":"product_cat-cama-meble","7":"product_cat-chests-of-drawers","9":"first","10":"instock","11":"purchasable","12":"product-type-simple"},"_links":{"self":[{"href":"https:\/\/baldumarket.lt\/lt\/wp-json\/wp\/v2\/product\/231443","targetHints":{"allow":["GET"]}}],"collection":[{"href":"https:\/\/baldumarket.lt\/lt\/wp-json\/wp\/v2\/product"}],"about":[{"href":"https:\/\/baldumarket.lt\/lt\/wp-json\/wp\/v2\/types\/product"}],"replies":[{"embeddable":true,"href":"https:\/\/baldumarket.lt\/lt\/wp-json\/wp\/v2\/comments?post=231443"}],"wp:featuredmedia":[{"embeddable":true,"href":"https:\/\/baldumarket.lt\/lt\/wp-json\/wp\/v2\/media\/231444"}],"wp:attachment":[{"href":"https:\/\/baldumarket.lt\/lt\/wp-json\/wp\/v2\/media?parent=231443"}],"wp:term":[{"taxonomy":"product_brand","embeddable":true,"href":"https:\/\/baldumarket.lt\/lt\/wp-json\/wp\/v2\/product_brand?post=231443"},{"taxonomy":"product_cat","embeddable":true,"href":"https:\/\/baldumarket.lt\/lt\/wp-json\/wp\/v2\/product_cat?post=231443"},{"taxonomy":"product_tag","embeddable":true,"href":"https:\/\/baldumarket.lt\/lt\/wp-json\/wp\/v2\/product_tag?post=231443"}],"curies":[{"name":"wp","href":"https:\/\/api.w.org\/{rel}","templated":true}]}}