{"id":231438,"date":"2025-12-29T01:43:12","date_gmt":"2025-12-28T22:43:12","guid":{"rendered":"https:\/\/baldumarket.lt\/product\/almera-komoda-typ-1\/"},"modified":"2026-02-11T18:36:13","modified_gmt":"2026-02-11T15:36:13","slug":"almera-komoda-typ-1","status":"publish","type":"product","link":"https:\/\/baldumarket.lt\/lt\/product\/almera-komoda-typ-1\/","title":{"rendered":"ALMERA komoda, 1 tipas"},"content":{"rendered":"<p>Kolekcija: ALMERA Surinkti baldai: Ne Plotis: 60 Auk\u0161tis: 185 Gylis: 42 Dur\u0173 skai\u010dius: 2 Stal\u010di\u0173 skai\u010dius: 3<br \/>\nModerni, eleganti\u0161ka komoda \u2013 Warmia rie\u0161utmed\u017eio ir ka\u0161myro spalvos<br \/>\nParduodama stilinga komoda, kuri puikiai papildys tiek modern\u0173, tiek klasikin\u012f interjer\u0105.<br \/>\nSpecifikacijos:<br \/>\nKorpusas: pagamintas i\u0161 masyvios plok\u0161t\u0117s, eleganti\u0161kos Varmijos rie\u0161uto spalvos, suteikian\u010dios baldams \u0161ilt\u0105, nat\u016bral\u0173 charakter\u012f.<br \/>\nFasadai: frezuoti, madingo ka\u0161myro atspalvio, kurie pabr\u0117\u017eia subtili\u0105 komodos elegancij\u0105.<br \/>\nKojel\u0117s: stabilios, pagamintos i\u0161 juodo metalo, suteikian\u010dio lengvumo ir industrinio stiliaus.<br \/>\nRankenos: minimalistin\u0117s, juodo metalo, puikiai papildan\u010dios bendr\u0105 dizain\u0105.<br \/>\n\u0160i komoda yra ne tik esteti\u0161kai patraukli, bet ir funkcionali \u2013 joje yra daug vietos daiktams susid\u0117ti, tod\u0117l ji puikiai tinka svetainei, miegamajam ar prie\u0161kambariui.<\/p>","protected":false},"excerpt":{"rendered":"<p>Kolekcija: ALMERA<br \/>\nPlotis: 60<br \/>\n\u016agis: 185<br \/>\nGylis: 42<br \/>\nDur\u0173 skai\u010dius: 2<br \/>\nStal\u010di\u0173 skai\u010dius: 3<\/p>","protected":false},"featured_media":231439,"comment_status":"open","ping_status":"open","template":"","meta":[],"product_brand":[],"product_cat":[8388,1173],"product_tag":[],"class_list":{"0":"post-231438","1":"product","2":"type-product","3":"status-publish","4":"has-post-thumbnail","6":"product_cat-cama-meble","7":"product_cat-chests-of-drawers","9":"first","10":"instock","11":"purchasable","12":"product-type-simple"},"_links":{"self":[{"href":"https:\/\/baldumarket.lt\/lt\/wp-json\/wp\/v2\/product\/231438","targetHints":{"allow":["GET"]}}],"collection":[{"href":"https:\/\/baldumarket.lt\/lt\/wp-json\/wp\/v2\/product"}],"about":[{"href":"https:\/\/baldumarket.lt\/lt\/wp-json\/wp\/v2\/types\/product"}],"replies":[{"embeddable":true,"href":"https:\/\/baldumarket.lt\/lt\/wp-json\/wp\/v2\/comments?post=231438"}],"wp:featuredmedia":[{"embeddable":true,"href":"https:\/\/baldumarket.lt\/lt\/wp-json\/wp\/v2\/media\/231439"}],"wp:attachment":[{"href":"https:\/\/baldumarket.lt\/lt\/wp-json\/wp\/v2\/media?parent=231438"}],"wp:term":[{"taxonomy":"product_brand","embeddable":true,"href":"https:\/\/baldumarket.lt\/lt\/wp-json\/wp\/v2\/product_brand?post=231438"},{"taxonomy":"product_cat","embeddable":true,"href":"https:\/\/baldumarket.lt\/lt\/wp-json\/wp\/v2\/product_cat?post=231438"},{"taxonomy":"product_tag","embeddable":true,"href":"https:\/\/baldumarket.lt\/lt\/wp-json\/wp\/v2\/product_tag?post=231438"}],"curies":[{"name":"wp","href":"https:\/\/api.w.org\/{rel}","templated":true}]}}