{"id":231434,"date":"2025-12-29T01:43:06","date_gmt":"2025-12-28T22:43:06","guid":{"rendered":"https:\/\/baldumarket.lt\/product\/alma-witryna-kaszmir\/"},"modified":"2026-02-11T18:36:13","modified_gmt":"2026-02-11T15:36:13","slug":"alma-witryna-kaszmir","status":"publish","type":"product","link":"https:\/\/baldumarket.lt\/lt\/product\/alma-witryna-kaszmir\/","title":{"rendered":"ALMA VITRINA KA\u0160MYRE"},"content":{"rendered":"<p>ALMA KA\u0160MYRO VITRIN\u0116 SPINTEL\u0116<br \/>\nJei ie\u0161kote vitrinos su stiklin\u0117mis durel\u0117mis ir stal\u010diais, \u201eAlma\u201c vitrina gali pateisinti j\u016bs\u0173 l\u016bkes\u010dius tiek funkcionalumo, tiek estetikos po\u017ei\u016briu.<br \/>\nVitrinos su stiklin\u0117mis durel\u0117mis yra populiarios d\u0117l savo elegancijos ir galimyb\u0117s eksponuoti daiktus viduje.<br \/>\nKa\u0161myro vitrina gali b\u016bti puikus j\u016bs\u0173 interjero papildymas. Ka\u0161myro spalva yra subtili ir eleganti\u0161ka, dera prie \u012fvairi\u0173 interjero stili\u0173.<br \/>\nRankenos: juodos Hexi 150<br \/>\nKojos: Slysta vinimi<br \/>\nVyriai: \u0160velniai u\u017esidarantys<\/p>","protected":false},"excerpt":{"rendered":"<p>Kolekcija: ALMA<br \/>\nPlotis: 90<br \/>\n\u016agis: 170<br \/>\nGylis: 41,5<br \/>\nDur\u0173 skai\u010dius: 2<br \/>\nStal\u010di\u0173 skai\u010dius: 2<\/p>","protected":false},"featured_media":231435,"comment_status":"open","ping_status":"open","template":"","meta":[],"product_brand":[],"product_cat":[8388,2006],"product_tag":[],"class_list":{"0":"post-231434","1":"product","2":"type-product","3":"status-publish","4":"has-post-thumbnail","6":"product_cat-cama-meble","7":"product_cat-vitrines","9":"first","10":"instock","11":"purchasable","12":"product-type-simple"},"_links":{"self":[{"href":"https:\/\/baldumarket.lt\/lt\/wp-json\/wp\/v2\/product\/231434","targetHints":{"allow":["GET"]}}],"collection":[{"href":"https:\/\/baldumarket.lt\/lt\/wp-json\/wp\/v2\/product"}],"about":[{"href":"https:\/\/baldumarket.lt\/lt\/wp-json\/wp\/v2\/types\/product"}],"replies":[{"embeddable":true,"href":"https:\/\/baldumarket.lt\/lt\/wp-json\/wp\/v2\/comments?post=231434"}],"wp:featuredmedia":[{"embeddable":true,"href":"https:\/\/baldumarket.lt\/lt\/wp-json\/wp\/v2\/media\/231435"}],"wp:attachment":[{"href":"https:\/\/baldumarket.lt\/lt\/wp-json\/wp\/v2\/media?parent=231434"}],"wp:term":[{"taxonomy":"product_brand","embeddable":true,"href":"https:\/\/baldumarket.lt\/lt\/wp-json\/wp\/v2\/product_brand?post=231434"},{"taxonomy":"product_cat","embeddable":true,"href":"https:\/\/baldumarket.lt\/lt\/wp-json\/wp\/v2\/product_cat?post=231434"},{"taxonomy":"product_tag","embeddable":true,"href":"https:\/\/baldumarket.lt\/lt\/wp-json\/wp\/v2\/product_tag?post=231434"}],"curies":[{"name":"wp","href":"https:\/\/api.w.org\/{rel}","templated":true}]}}