{"id":231430,"date":"2025-12-29T01:42:59","date_gmt":"2025-12-28T22:42:59","guid":{"rendered":"https:\/\/baldumarket.lt\/product\/alma-szafka-rtv-3d-waska-kaszmir\/"},"modified":"2026-02-11T18:36:13","modified_gmt":"2026-02-11T15:36:13","slug":"alma-szafka-rtv-3d-waska-kaszmir","status":"publish","type":"product","link":"https:\/\/baldumarket.lt\/lt\/product\/alma-szafka-rtv-3d-waska-kaszmir\/","title":{"rendered":"ALMA 3D TV SPINTEL\u0116, SIAURA KA\u0160MYRO MED\u017dIAGA"},"content":{"rendered":"<p>ALMA 3D SIAURA TV SPINTEL\u0116 \u2013 KA\u0160MYRO<br \/>\n\u0160i unikali ka\u0161myro televizoriaus spintel\u0117 puikiai papildys j\u016bs\u0173 svetain\u0119. \u201eAlma\u201c ka\u0161myro televizoriaus spintel\u0117 yra trij\u0173 variant\u0173, tod\u0117l galite rinktis i\u0161 \u012fvairi\u0173 apdailos variant\u0173, atitinkan\u010di\u0173 j\u016bs\u0173 pageidavimus.<br \/>\nJei ie\u0161kote minimalistinio dizaino, \u201eAlma\u201c televizoriaus spintel\u0117s pirmiausia yra funkcionalios ir prakti\u0161kos. Jos pasi\u017eymi paprastu, rafinuotu dizainu, sant\u016briomis spalvomis ir be puo\u0161men\u0173, tod\u0117l puikiai tinka minimalistiniam interjerui.<br \/>\nTaip pat verta atsi\u017evelgti \u012f televizoriaus spintel\u0117s plot\u012f, kad ji atitikt\u0173 turim\u0105 erdv\u0119. Jei svetain\u0117je turite daug vietos, galite pasirinkti pla\u010di\u0105 televizoriaus spintel\u0119, kad televizori\u0173 pastatytum\u0117te patogioje vietoje, pavyzd\u017eiui, prie\u0161ais sof\u0105 ar mink\u0161tasuol\u012f, arba siaur\u0105 spintel\u0119.<br \/>\nRankenos: juodos Hexi 150<br \/>\nKojos: Slyskite vinimi<br \/>\nVyriai: \u0160velniai u\u017esidarantys<\/p>","protected":false},"excerpt":{"rendered":"<p>Kolekcija: ALMA<br \/>\nPlotis: 150<br \/>\n\u016agis: 55<br \/>\nGylis: 41,5<br \/>\nDur\u0173 skai\u010dius: 3<\/p>","protected":false},"featured_media":231431,"comment_status":"open","ping_status":"open","template":"","meta":[],"product_brand":[],"product_cat":[8388,1175],"product_tag":[],"class_list":{"0":"post-231430","1":"product","2":"type-product","3":"status-publish","4":"has-post-thumbnail","6":"product_cat-cama-meble","7":"product_cat-tv-stands","9":"first","10":"instock","11":"purchasable","12":"product-type-simple"},"_links":{"self":[{"href":"https:\/\/baldumarket.lt\/lt\/wp-json\/wp\/v2\/product\/231430","targetHints":{"allow":["GET"]}}],"collection":[{"href":"https:\/\/baldumarket.lt\/lt\/wp-json\/wp\/v2\/product"}],"about":[{"href":"https:\/\/baldumarket.lt\/lt\/wp-json\/wp\/v2\/types\/product"}],"replies":[{"embeddable":true,"href":"https:\/\/baldumarket.lt\/lt\/wp-json\/wp\/v2\/comments?post=231430"}],"wp:featuredmedia":[{"embeddable":true,"href":"https:\/\/baldumarket.lt\/lt\/wp-json\/wp\/v2\/media\/231431"}],"wp:attachment":[{"href":"https:\/\/baldumarket.lt\/lt\/wp-json\/wp\/v2\/media?parent=231430"}],"wp:term":[{"taxonomy":"product_brand","embeddable":true,"href":"https:\/\/baldumarket.lt\/lt\/wp-json\/wp\/v2\/product_brand?post=231430"},{"taxonomy":"product_cat","embeddable":true,"href":"https:\/\/baldumarket.lt\/lt\/wp-json\/wp\/v2\/product_cat?post=231430"},{"taxonomy":"product_tag","embeddable":true,"href":"https:\/\/baldumarket.lt\/lt\/wp-json\/wp\/v2\/product_tag?post=231430"}],"curies":[{"name":"wp","href":"https:\/\/api.w.org\/{rel}","templated":true}]}}