{"id":231418,"date":"2025-12-29T01:42:39","date_gmt":"2025-12-28T22:42:39","guid":{"rendered":"https:\/\/baldumarket.lt\/product\/alma-lawa-kaszmir\/"},"modified":"2026-02-11T18:36:13","modified_gmt":"2026-02-11T15:36:13","slug":"alma-lawa-kaszmir","status":"publish","type":"product","link":"https:\/\/baldumarket.lt\/lt\/product\/alma-lawa-kaszmir\/","title":{"rendered":"ALMA LAWA KA\u0160MYRAS"},"content":{"rendered":"<p>ALMA KA\u0160MYRO KAVOS STALIUKAS<br \/>\n\u0160is sta\u010diakampis ka\u0161myro kavos staliukas yra funkcionalus ir stilingas baldas, kuris puikiai papildys j\u016bs\u0173 svetain\u0117s interjer\u0105. Kavos staliukas yra labai prakti\u0161kas, leisdamas patogiai m\u0117gautis kava ar arbata svetain\u0117je ar darbo kambaryje. Tai puiki alternatyva tradiciniam kavos staliukui, pagerinanti j\u016bs\u0173 interjero i\u0161vaizd\u0105, suteikianti charakterio.<br \/>\n\u00a0 \u0160is kavos staliukas yra didesnio svetain\u0117s bald\u0173 komplekto dalis ir pasi\u017eymi sta\u010diakampe forma, kuri puikiai dera prie \u012fvairi\u0173 interjero dizain\u0173.<br \/>\nRenkantis sta\u010diakamp\u012f ka\u0161myro kavos staliuk\u0105, verta atsi\u017evelgti \u012f jo dyd\u012f, med\u017eiag\u0105 ir stili\u0173, kuris geriausiai papildyt\u0173 likus\u012f j\u016bs\u0173 svetain\u0117s dekor\u0105.<br \/>\n\u0160is sta\u010diakampis ka\u0161myro kavos staliukas yra prakti\u0161kas ir stilingas baldas, kuris puikiai papildys j\u016bs\u0173 svetain\u0117s interjer\u0105.<br \/>\nRankenos: juodos Hexi 150<br \/>\nKojos: Slyskite vinimi<br \/>\nVyriai: \u0160velniai u\u017esidarantys<\/p>","protected":false},"excerpt":{"rendered":"<p>Kolekcija: ALMA<br \/>\nPlotis: 100<br \/>\n\u016agis: 55<br \/>\nGylis: 55<\/p>","protected":false},"featured_media":231419,"comment_status":"open","ping_status":"open","template":"","meta":[],"product_brand":[],"product_cat":[8388,866],"product_tag":[],"class_list":{"0":"post-231418","1":"product","2":"type-product","3":"status-publish","4":"has-post-thumbnail","6":"product_cat-cama-meble","7":"product_cat-coffee-tables","9":"first","10":"instock","11":"purchasable","12":"product-type-simple"},"_links":{"self":[{"href":"https:\/\/baldumarket.lt\/lt\/wp-json\/wp\/v2\/product\/231418","targetHints":{"allow":["GET"]}}],"collection":[{"href":"https:\/\/baldumarket.lt\/lt\/wp-json\/wp\/v2\/product"}],"about":[{"href":"https:\/\/baldumarket.lt\/lt\/wp-json\/wp\/v2\/types\/product"}],"replies":[{"embeddable":true,"href":"https:\/\/baldumarket.lt\/lt\/wp-json\/wp\/v2\/comments?post=231418"}],"wp:featuredmedia":[{"embeddable":true,"href":"https:\/\/baldumarket.lt\/lt\/wp-json\/wp\/v2\/media\/231419"}],"wp:attachment":[{"href":"https:\/\/baldumarket.lt\/lt\/wp-json\/wp\/v2\/media?parent=231418"}],"wp:term":[{"taxonomy":"product_brand","embeddable":true,"href":"https:\/\/baldumarket.lt\/lt\/wp-json\/wp\/v2\/product_brand?post=231418"},{"taxonomy":"product_cat","embeddable":true,"href":"https:\/\/baldumarket.lt\/lt\/wp-json\/wp\/v2\/product_cat?post=231418"},{"taxonomy":"product_tag","embeddable":true,"href":"https:\/\/baldumarket.lt\/lt\/wp-json\/wp\/v2\/product_tag?post=231418"}],"curies":[{"name":"wp","href":"https:\/\/api.w.org\/{rel}","templated":true}]}}