{"id":231410,"date":"2025-12-29T01:42:26","date_gmt":"2025-12-28T22:42:26","guid":{"rendered":"https:\/\/baldumarket.lt\/product\/alma-komoda-3d-kaszmir\/"},"modified":"2026-02-11T18:36:13","modified_gmt":"2026-02-11T15:36:13","slug":"alma-komoda-3d-kaszmir","status":"publish","type":"product","link":"https:\/\/baldumarket.lt\/lt\/product\/alma-komoda-3d-kaszmir\/","title":{"rendered":"ALMA 3D KA\u0160MYRO SKRYNIA"},"content":{"rendered":"<p>ALMA 3D KA\u0160MYRO KOMODA<br \/>\n\u0160i trij\u0173 dur\u0173 ka\u0161myro komoda yra prakti\u0161kas ir stilingas sprendimas j\u016bs\u0173 svetainei. \u0160is baldas suteikia daug vietos \u012fvairiems daiktams, tokiems kaip knygos, aksesuarai ir kiti smulk\u016bs daiktai, susid\u0117ti.<br \/>\nVienas i\u0161 si\u016blom\u0173 modeli\u0173 \u2013 trij\u0173 dur\u0173 komoda \u201eAlma\u201c su ka\u0161myro lentynomis. \u0160is modernus baldas dera prie \u012fvairi\u0173 interjer\u0173 ir stili\u0173.<br \/>\nSvarbu i\u0161sirinkti komod\u0105, kuri geriausiai papildyt\u0173 j\u016bs\u0173 interjer\u0105 stiliaus, dyd\u017eio ir funkcionalumo po\u017ei\u016briu. \u201eAlma\u201c kolekcijoje si\u016blomos \u012fvairi\u0173 dyd\u017ei\u0173 komodos.<br \/>\n\u00a0 \u0160i trij\u0173 dur\u0173 ka\u0161myro komoda yra prakti\u0161kas ir stilingas sprendimas j\u016bs\u0173 svetainei ar valgomajam.<br \/>\nRankenos: juodos Hexi 150<br \/>\nKojos: Slyskite vinimi<br \/>\nVyriai: \u0160velniai u\u017esidarantys<\/p>","protected":false},"excerpt":{"rendered":"<p>Kolekcija: ALMA<br \/>\nPlotis: 180<br \/>\nAuk\u0161tis: 90<br \/>\nGylis: 41,5<br \/>\nDur\u0173 skai\u010dius: 3<\/p>","protected":false},"featured_media":231411,"comment_status":"open","ping_status":"open","template":"","meta":[],"product_brand":[],"product_cat":[8388,1173],"product_tag":[],"class_list":{"0":"post-231410","1":"product","2":"type-product","3":"status-publish","4":"has-post-thumbnail","6":"product_cat-cama-meble","7":"product_cat-chests-of-drawers","9":"first","10":"instock","11":"purchasable","12":"product-type-simple"},"_links":{"self":[{"href":"https:\/\/baldumarket.lt\/lt\/wp-json\/wp\/v2\/product\/231410","targetHints":{"allow":["GET"]}}],"collection":[{"href":"https:\/\/baldumarket.lt\/lt\/wp-json\/wp\/v2\/product"}],"about":[{"href":"https:\/\/baldumarket.lt\/lt\/wp-json\/wp\/v2\/types\/product"}],"replies":[{"embeddable":true,"href":"https:\/\/baldumarket.lt\/lt\/wp-json\/wp\/v2\/comments?post=231410"}],"wp:featuredmedia":[{"embeddable":true,"href":"https:\/\/baldumarket.lt\/lt\/wp-json\/wp\/v2\/media\/231411"}],"wp:attachment":[{"href":"https:\/\/baldumarket.lt\/lt\/wp-json\/wp\/v2\/media?parent=231410"}],"wp:term":[{"taxonomy":"product_brand","embeddable":true,"href":"https:\/\/baldumarket.lt\/lt\/wp-json\/wp\/v2\/product_brand?post=231410"},{"taxonomy":"product_cat","embeddable":true,"href":"https:\/\/baldumarket.lt\/lt\/wp-json\/wp\/v2\/product_cat?post=231410"},{"taxonomy":"product_tag","embeddable":true,"href":"https:\/\/baldumarket.lt\/lt\/wp-json\/wp\/v2\/product_tag?post=231410"}],"curies":[{"name":"wp","href":"https:\/\/api.w.org\/{rel}","templated":true}]}}