{"id":231406,"date":"2025-12-29T01:42:20","date_gmt":"2025-12-28T22:42:20","guid":{"rendered":"https:\/\/baldumarket.lt\/product\/alma-komoda-2d3s-kaszmir\/"},"modified":"2026-02-11T18:36:13","modified_gmt":"2026-02-11T15:36:13","slug":"alma-komoda-2d3s-kaszmir","status":"publish","type":"product","link":"https:\/\/baldumarket.lt\/lt\/product\/alma-komoda-2d3s-kaszmir\/","title":{"rendered":"ALMA komoda su 2 stal\u010diais, 3 stal\u010diais, ka\u0161myro spalvos"},"content":{"rendered":"<p>ALMA komoda su 2 stal\u010diais ir 3 stal\u010diais i\u0161 ka\u0161myro<br \/>\n\u0160i ka\u0161myro spalvos dviej\u0173 dur\u0173 komoda su trimis stal\u010diais yra prakti\u0161kas ir eleganti\u0161kas sprendimas j\u016bs\u0173 svetainei. \u0160is baldas suteikia daug vietos \u012fvairiems daiktams, pavyzd\u017eiui, knygoms, aksesuarams ir kitiems smulkiems daiktams, laikyti.<br \/>\nVienas i\u0161 si\u016blom\u0173 modeli\u0173 \u2013 dviej\u0173 dur\u0173 komoda \u201eAlma\u201c su trimis stal\u010diais i\u0161 ka\u0161myro. \u0160is modernus baldas puikiai tinka moderniai svetainei arba industrinio stiliaus valgomajam.<br \/>\nSvarbu i\u0161sirinkti toki\u0105 komod\u0105, kuri geriausiai papildyt\u0173 j\u016bs\u0173 interjer\u0105 stiliaus, dyd\u017eio ir funkcionalumo po\u017ei\u016briu.<br \/>\nTrumpai tariant, ka\u0161myro spalvos, dviej\u0173 dur\u0173 komoda su trimis stal\u010diais yra prakti\u0161kas ir eleganti\u0161kas sprendimas j\u016bs\u0173 svetainei.<br \/>\nRankenos: juodos Hexi 150<br \/>\nKojos: Slysta vinimi<br \/>\nVyriai: \u0160velniai u\u017esidarantys<\/p>","protected":false},"excerpt":{"rendered":"<p>Kolekcija: ALMA<br \/>\nPlotis: 180<br \/>\nAuk\u0161tis: 90<br \/>\nGylis: 41,5<br \/>\nBaldo tipas: Laisvai pastatomas<br \/>\nDur\u0173 skai\u010dius: 2<\/p>","protected":false},"featured_media":231407,"comment_status":"open","ping_status":"open","template":"","meta":[],"product_brand":[],"product_cat":[8388,1173],"product_tag":[],"class_list":{"0":"post-231406","1":"product","2":"type-product","3":"status-publish","4":"has-post-thumbnail","6":"product_cat-cama-meble","7":"product_cat-chests-of-drawers","9":"first","10":"instock","11":"purchasable","12":"product-type-simple"},"_links":{"self":[{"href":"https:\/\/baldumarket.lt\/lt\/wp-json\/wp\/v2\/product\/231406","targetHints":{"allow":["GET"]}}],"collection":[{"href":"https:\/\/baldumarket.lt\/lt\/wp-json\/wp\/v2\/product"}],"about":[{"href":"https:\/\/baldumarket.lt\/lt\/wp-json\/wp\/v2\/types\/product"}],"replies":[{"embeddable":true,"href":"https:\/\/baldumarket.lt\/lt\/wp-json\/wp\/v2\/comments?post=231406"}],"wp:featuredmedia":[{"embeddable":true,"href":"https:\/\/baldumarket.lt\/lt\/wp-json\/wp\/v2\/media\/231407"}],"wp:attachment":[{"href":"https:\/\/baldumarket.lt\/lt\/wp-json\/wp\/v2\/media?parent=231406"}],"wp:term":[{"taxonomy":"product_brand","embeddable":true,"href":"https:\/\/baldumarket.lt\/lt\/wp-json\/wp\/v2\/product_brand?post=231406"},{"taxonomy":"product_cat","embeddable":true,"href":"https:\/\/baldumarket.lt\/lt\/wp-json\/wp\/v2\/product_cat?post=231406"},{"taxonomy":"product_tag","embeddable":true,"href":"https:\/\/baldumarket.lt\/lt\/wp-json\/wp\/v2\/product_tag?post=231406"}],"curies":[{"name":"wp","href":"https:\/\/api.w.org\/{rel}","templated":true}]}}