{"id":231400,"date":"2025-12-29T01:42:12","date_gmt":"2025-12-28T22:42:12","guid":{"rendered":"https:\/\/baldumarket.lt\/product\/alma-komoda-1d3s-kaszmir\/"},"modified":"2026-02-11T18:36:13","modified_gmt":"2026-02-11T15:36:13","slug":"alma-komoda-1d3s-kaszmir","status":"publish","type":"product","link":"https:\/\/baldumarket.lt\/lt\/product\/alma-komoda-1d3s-kaszmir\/","title":{"rendered":"ALMA komoda su stal\u010diais, 1,3 dyd\u017eio, ka\u0161myro spalvos"},"content":{"rendered":"<p>ALMA 1D3S KA\u0160MYRO KOMODA<br \/>\nJei ie\u0161kote ka\u0161myro komodos su durel\u0117mis, galite rinktis i\u0161 daugyb\u0117s variant\u0173. \u0160ios komodos yra \u012fvairi\u0173 stili\u0173, dyd\u017ei\u0173 ir med\u017eiag\u0173. Jas galima naudoti \u012fvairiuose kambariuose, pavyzd\u017eiui, miegamajame, svetain\u0117je, prie\u0161kambaryje ar vaik\u0173 kambaryje.<br \/>\nKa\u0161myro komoda yra modernus ir stilingas sprendimas, galintis suteikti \u017eavesio ir elegancijos bet kokiam interjerui. \u0160is baldas taip pat gali b\u016bti prakti\u0161kas, nes suteikia daug vietos \u012fvairiems daiktams, tokiems kaip drabu\u017eiai, aksesuarai, knygos, \u017eaislai ir kt., laikyti.<br \/>\nKomodos su durel\u0117mis yra ypa\u010d naudingos, nes jos leid\u017eia susitvarkyti \u012fvairius daiktus ir palaikyti tvark\u0105 kambaryje. Stal\u010diai idealiai tinka laikyti ma\u017eus daiktus, tokius kaip apatiniai drabu\u017eiai, virtuv\u0117s reikmenys ir servet\u0117l\u0117s, o durel\u0117se galima laikyti didesnius daiktus, knygas, stalo \u017eaidimus ar drabu\u017eius.<br \/>\nTrumpai tariant, ka\u0161myro komoda su durel\u0117mis yra funkcionalus ir stilingas sprendimas, galintis suteikti \u017eavesio ir prakti\u0161kumo bet kuriam kambariui. Yra daug variant\u0173, i\u0161 kuri\u0173 galima rinktis, tod\u0117l verta apsvarstyti skirtingus stilius ir dyd\u017eius, kad rastum\u0117te geriausiai j\u016bs\u0173 interjerui tinkan\u010di\u0105 komod\u0105.<br \/>\nRankenos: juodos Hexi 150<br \/>\nKojos: Slysta vinimi<br \/>\nVyriai: \u0160velniai u\u017esidarantys<\/p>","protected":false},"excerpt":{"rendered":"<p>Kolekcija: ALMA<br \/>\nPlotis: 120<br \/>\nAuk\u0161tis: 90<br \/>\nGylis: 41,5<br \/>\nBaldo tipas: Laisvai pastatomas<br \/>\nDur\u0173 skai\u010dius: 1<\/p>","protected":false},"featured_media":231401,"comment_status":"open","ping_status":"open","template":"","meta":[],"product_brand":[],"product_cat":[8388,1173],"product_tag":[],"class_list":{"0":"post-231400","1":"product","2":"type-product","3":"status-publish","4":"has-post-thumbnail","6":"product_cat-cama-meble","7":"product_cat-chests-of-drawers","9":"first","10":"instock","11":"purchasable","12":"product-type-simple"},"_links":{"self":[{"href":"https:\/\/baldumarket.lt\/lt\/wp-json\/wp\/v2\/product\/231400","targetHints":{"allow":["GET"]}}],"collection":[{"href":"https:\/\/baldumarket.lt\/lt\/wp-json\/wp\/v2\/product"}],"about":[{"href":"https:\/\/baldumarket.lt\/lt\/wp-json\/wp\/v2\/types\/product"}],"replies":[{"embeddable":true,"href":"https:\/\/baldumarket.lt\/lt\/wp-json\/wp\/v2\/comments?post=231400"}],"wp:featuredmedia":[{"embeddable":true,"href":"https:\/\/baldumarket.lt\/lt\/wp-json\/wp\/v2\/media\/231401"}],"wp:attachment":[{"href":"https:\/\/baldumarket.lt\/lt\/wp-json\/wp\/v2\/media?parent=231400"}],"wp:term":[{"taxonomy":"product_brand","embeddable":true,"href":"https:\/\/baldumarket.lt\/lt\/wp-json\/wp\/v2\/product_brand?post=231400"},{"taxonomy":"product_cat","embeddable":true,"href":"https:\/\/baldumarket.lt\/lt\/wp-json\/wp\/v2\/product_cat?post=231400"},{"taxonomy":"product_tag","embeddable":true,"href":"https:\/\/baldumarket.lt\/lt\/wp-json\/wp\/v2\/product_tag?post=231400"}],"curies":[{"name":"wp","href":"https:\/\/api.w.org\/{rel}","templated":true}]}}