{"id":231396,"date":"2025-12-29T01:42:07","date_gmt":"2025-12-28T22:42:07","guid":{"rendered":"https:\/\/baldumarket.lt\/product\/abi-szafka-rtv-kaszmir\/"},"modified":"2026-02-11T18:36:13","modified_gmt":"2026-02-11T15:36:13","slug":"abi-szafka-rtv-kaszmir","status":"publish","type":"product","link":"https:\/\/baldumarket.lt\/lt\/product\/abi-szafka-rtv-kaszmir\/","title":{"rendered":"ABI TV spintel\u0117 su ka\u0161myru"},"content":{"rendered":"<p>\u201eAbi\u201c spintel\u0117 \u2013 tai modernus ka\u0161myro spalvos televizoriaus staliukas, kuris prikaustys d\u0117mes\u012f. Ji puikiai der\u0117s prie modernaus interjero. Paprast\u0105 form\u0105 pary\u0161kina madingas frezuotas priekis, suteikiantis visam baldui unikal\u0173 charakter\u012f. Pagrindinis \u0161io baldo privalumas \u2013 auk\u0161tos kojel\u0117s, pagamintos i\u0161 milteliniu b\u016bdu da\u017eyto plieno, kurios suteikia vizualinio lengvumo ir stabilumo. \u0160is sprendimas taip pat palengvina valym\u0105 po spintele. Spintel\u0117 yra padalinta \u012f tris erdvias ni\u0161as, tod\u0117l galite lengvai laikyti b\u016btiniausius aksesuarus ir smulkius daiktus. Spintel\u0117 taip pat yra baltos ir juodos spalv\u0173. Prie spintel\u0117s galima u\u017esisakyti ir komodas, kurios dera su stal\u010diais trij\u0173 spalv\u0173.<\/p>","protected":false},"excerpt":{"rendered":"<p>\u016agis cm: 62<br \/>\nPlotis cm: 200<br \/>\nGylis cm: 38<br \/>\nDur\u0173 skai\u010dius: 4<\/p>","protected":false},"featured_media":231397,"comment_status":"open","ping_status":"open","template":"","meta":[],"product_brand":[],"product_cat":[8388,1175],"product_tag":[],"class_list":{"0":"post-231396","1":"product","2":"type-product","3":"status-publish","4":"has-post-thumbnail","6":"product_cat-cama-meble","7":"product_cat-tv-stands","9":"first","10":"instock","11":"purchasable","12":"product-type-simple"},"_links":{"self":[{"href":"https:\/\/baldumarket.lt\/lt\/wp-json\/wp\/v2\/product\/231396","targetHints":{"allow":["GET"]}}],"collection":[{"href":"https:\/\/baldumarket.lt\/lt\/wp-json\/wp\/v2\/product"}],"about":[{"href":"https:\/\/baldumarket.lt\/lt\/wp-json\/wp\/v2\/types\/product"}],"replies":[{"embeddable":true,"href":"https:\/\/baldumarket.lt\/lt\/wp-json\/wp\/v2\/comments?post=231396"}],"wp:featuredmedia":[{"embeddable":true,"href":"https:\/\/baldumarket.lt\/lt\/wp-json\/wp\/v2\/media\/231397"}],"wp:attachment":[{"href":"https:\/\/baldumarket.lt\/lt\/wp-json\/wp\/v2\/media?parent=231396"}],"wp:term":[{"taxonomy":"product_brand","embeddable":true,"href":"https:\/\/baldumarket.lt\/lt\/wp-json\/wp\/v2\/product_brand?post=231396"},{"taxonomy":"product_cat","embeddable":true,"href":"https:\/\/baldumarket.lt\/lt\/wp-json\/wp\/v2\/product_cat?post=231396"},{"taxonomy":"product_tag","embeddable":true,"href":"https:\/\/baldumarket.lt\/lt\/wp-json\/wp\/v2\/product_tag?post=231396"}],"curies":[{"name":"wp","href":"https:\/\/api.w.org\/{rel}","templated":true}]}}