{"id":231384,"date":"2025-12-29T01:41:52","date_gmt":"2025-12-28T22:41:52","guid":{"rendered":"https:\/\/baldumarket.lt\/product\/abi-komoda-200-kaszmir\/"},"modified":"2026-02-11T18:36:14","modified_gmt":"2026-02-11T15:36:14","slug":"abi-komoda-200-kaszmir","status":"publish","type":"product","link":"https:\/\/baldumarket.lt\/lt\/product\/abi-komoda-200-kaszmir\/","title":{"rendered":"ABI CHEST 200 KA\u0160MYRO"},"content":{"rendered":"<p>\u201eAbi\u201c \u2013 moderni ka\u0161myro spalvos komoda, kuri prikaustys ak\u012f. Ji puikiai der\u0117s prie modernaus interjero. Paprast\u0105 form\u0105 pary\u0161kina madingas frezuotas priekis, suteikiantis visam baldui unikal\u0173 charakter\u012f. Pagrindinis \u0161io baldo privalumas \u2013 auk\u0161tos kojel\u0117s, pagamintos i\u0161 milteliniu b\u016bdu da\u017eyto plieno, kurios suteikia vizualinio lengvumo ir stabilumo. \u0160is sprendimas taip pat palengvina valym\u0105 po spintele. Komoda suskirstyta \u012f erdvius skyrius su lentynomis, tod\u0117l galite lengvai susid\u0117ti b\u016btiniausius daiktus. Komoda taip pat gali b\u016bti baltos ir juodos spalv\u0173. Prie komodos galima u\u017esisakyti televizoriaus staliukus, kurie taip pat yra trij\u0173 spalv\u0173.<\/p>","protected":false},"excerpt":{"rendered":"<p>\u016agis cm: 88<br \/>\nPlotis cm: 200<br \/>\nGylis cm: 45<br \/>\nDur\u0173 skai\u010dius: 4<\/p>","protected":false},"featured_media":231385,"comment_status":"open","ping_status":"open","template":"","meta":[],"product_brand":[],"product_cat":[8388,1173],"product_tag":[],"class_list":{"0":"post-231384","1":"product","2":"type-product","3":"status-publish","4":"has-post-thumbnail","6":"product_cat-cama-meble","7":"product_cat-chests-of-drawers","9":"first","10":"instock","11":"purchasable","12":"product-type-simple"},"_links":{"self":[{"href":"https:\/\/baldumarket.lt\/lt\/wp-json\/wp\/v2\/product\/231384","targetHints":{"allow":["GET"]}}],"collection":[{"href":"https:\/\/baldumarket.lt\/lt\/wp-json\/wp\/v2\/product"}],"about":[{"href":"https:\/\/baldumarket.lt\/lt\/wp-json\/wp\/v2\/types\/product"}],"replies":[{"embeddable":true,"href":"https:\/\/baldumarket.lt\/lt\/wp-json\/wp\/v2\/comments?post=231384"}],"wp:featuredmedia":[{"embeddable":true,"href":"https:\/\/baldumarket.lt\/lt\/wp-json\/wp\/v2\/media\/231385"}],"wp:attachment":[{"href":"https:\/\/baldumarket.lt\/lt\/wp-json\/wp\/v2\/media?parent=231384"}],"wp:term":[{"taxonomy":"product_brand","embeddable":true,"href":"https:\/\/baldumarket.lt\/lt\/wp-json\/wp\/v2\/product_brand?post=231384"},{"taxonomy":"product_cat","embeddable":true,"href":"https:\/\/baldumarket.lt\/lt\/wp-json\/wp\/v2\/product_cat?post=231384"},{"taxonomy":"product_tag","embeddable":true,"href":"https:\/\/baldumarket.lt\/lt\/wp-json\/wp\/v2\/product_tag?post=231384"}],"curies":[{"name":"wp","href":"https:\/\/api.w.org\/{rel}","templated":true}]}}