{"id":231356,"date":"2025-12-29T01:41:13","date_gmt":"2025-12-28T22:41:13","guid":{"rendered":"https:\/\/baldumarket.lt\/product\/abeto-szafka-rtv-150-cm-w-2-kolorach-na-stelazu\/"},"modified":"2026-02-11T18:36:14","modified_gmt":"2026-02-11T15:36:14","slug":"abeto-szafka-rtv-150-cm-w-2-kolorach-na-stelazu","status":"publish","type":"product","link":"https:\/\/baldumarket.lt\/lt\/product\/abeto-szafka-rtv-150-cm-w-2-kolorach-na-stelazu\/","title":{"rendered":"ABETO TV spintel\u0117 150 cm, 2 spalv\u0173, ant r\u0117mo"},"content":{"rendered":"<p>ABETO 150 televizoriaus spintel\u0117 dviej\u0173 spalv\u0173<br \/>\nABETO 150 televizoriaus spintel\u0117 \u012fkvepia ir d\u017eiugina moderniu po\u017ei\u016briu \u012f interjero dizain\u0105. \u0160is stilingas dizainas taip pat yra prakti\u0161kas baldas. D\u0117l erdvaus vidaus ir padalinto \u012f du varstomus priekius bei ni\u0161os su lentyna, ji u\u017etikrina patog\u0173 daikt\u0173 laikym\u0105.<br \/>\nABETO 150 televizoriaus spintel\u0117 leid\u017eia keisti priekin\u0117s dalies pad\u0117t\u012f pagal savo skon\u012f, tod\u0117l atvir\u0105 lentyn\u0105 galite pastatyti bet kur.<br \/>\nABETO 150 televizoriaus spintel\u0117 i\u0161siskiria frezuotais \u201eeglut\u0117s\u201c ra\u0161to fasadais, kurie pati savaime yra dekoratyvinis elementas. Visas baldas pastatytas ant modernaus juodo arba auksinio r\u0117mo. ABETO televizoriaus spintel\u0117 \u2013 puikus pasirinkimas moderniam, ta\u010diau jaukiam interjerui.<br \/>\nKorpusas: 16 mm matin\u0117 laminuota plok\u0161t\u0117<br \/>\nPriekin\u0117s dalys: laminuota MDF plok\u0161t\u0117 su 16 mm blizgia PVC pl\u0117vele ir matomu frezavimu<br \/>\nBriauna: 0,45 mm ABS<br \/>\nR\u0117mas: juodas arba auksinis metalas<br \/>\nRankenos: n\u0117ra, priekin\u0117s dalys i\u0161siki\u0161usios vir\u0161 stalvir\u0161io<br \/>\nR\u0117mo matmenys: plotis 144 cm, gylis 38 cm, auk\u0161tis 20 cm<\/p>","protected":false},"excerpt":{"rendered":"<p>Auk\u0161tis cm: 60<br \/>\nPlotis cm: 150<br \/>\nGylis cm: 41,6<br \/>\nDur\u0173 skai\u010dius: 2<\/p>","protected":false},"featured_media":231357,"comment_status":"open","ping_status":"open","template":"","meta":[],"product_brand":[],"product_cat":[8388,1175],"product_tag":[],"class_list":{"0":"post-231356","1":"product","2":"type-product","3":"status-publish","4":"has-post-thumbnail","6":"product_cat-cama-meble","7":"product_cat-tv-stands","9":"first","10":"instock","11":"purchasable","12":"product-type-simple"},"_links":{"self":[{"href":"https:\/\/baldumarket.lt\/lt\/wp-json\/wp\/v2\/product\/231356","targetHints":{"allow":["GET"]}}],"collection":[{"href":"https:\/\/baldumarket.lt\/lt\/wp-json\/wp\/v2\/product"}],"about":[{"href":"https:\/\/baldumarket.lt\/lt\/wp-json\/wp\/v2\/types\/product"}],"replies":[{"embeddable":true,"href":"https:\/\/baldumarket.lt\/lt\/wp-json\/wp\/v2\/comments?post=231356"}],"wp:featuredmedia":[{"embeddable":true,"href":"https:\/\/baldumarket.lt\/lt\/wp-json\/wp\/v2\/media\/231357"}],"wp:attachment":[{"href":"https:\/\/baldumarket.lt\/lt\/wp-json\/wp\/v2\/media?parent=231356"}],"wp:term":[{"taxonomy":"product_brand","embeddable":true,"href":"https:\/\/baldumarket.lt\/lt\/wp-json\/wp\/v2\/product_brand?post=231356"},{"taxonomy":"product_cat","embeddable":true,"href":"https:\/\/baldumarket.lt\/lt\/wp-json\/wp\/v2\/product_cat?post=231356"},{"taxonomy":"product_tag","embeddable":true,"href":"https:\/\/baldumarket.lt\/lt\/wp-json\/wp\/v2\/product_tag?post=231356"}],"curies":[{"name":"wp","href":"https:\/\/api.w.org\/{rel}","templated":true}]}}