{"id":231349,"date":"2025-12-29T01:41:03","date_gmt":"2025-12-28T22:41:03","guid":{"rendered":"https:\/\/baldumarket.lt\/product\/abeto-szafka-rtv-150-cm-w-2-kolorach\/"},"modified":"2026-02-11T18:36:14","modified_gmt":"2026-02-11T15:36:14","slug":"abeto-szafka-rtv-150-cm-w-2-kolorach","status":"publish","type":"product","link":"https:\/\/baldumarket.lt\/lt\/product\/abeto-szafka-rtv-150-cm-w-2-kolorach\/","title":{"rendered":"TV spintel\u0117 ABETO 150 cm 2 spalv\u0173"},"content":{"rendered":"<p>ABETO 150 televizoriaus spintel\u0117 dviej\u0173 spalv\u0173<br \/>\nABETO 150 televizoriaus spintel\u0117 \u012fkvepia ir d\u017eiugina moderniu po\u017ei\u016briu \u012f interjero dizain\u0105. \u0160is stilingas dizainas taip pat yra prakti\u0161kas baldas. D\u0117l erdvaus vidaus ir padalinto \u012f du varstomus priekius bei ni\u0161os su lentyna, ji u\u017etikrina patog\u0173 daikt\u0173 laikym\u0105.<br \/>\nABETO 150 televizoriaus spintel\u0117 leid\u017eia keisti priekin\u0117s dalies pad\u0117t\u012f pagal savo skon\u012f, tod\u0117l atvir\u0105 lentyn\u0105 galite pastatyti bet kur.<br \/>\nABETO 150 televizoriaus spintel\u0117 i\u0161siskiria frezuotais \u201esilk\u0117s kaulo\u201c ra\u0161to fasadais, tod\u0117l pati spintel\u0117 yra dekoratyvinis elementas. Visas baldas stovi ant auk\u0161t\u0173 kojeli\u0173, kurios puikiai papildo unikal\u0173 ra\u0161t\u0105. ABETO televizoriaus spintel\u0117 \u2013 puikus pasirinkimas moderniam, ta\u010diau jaukiam interjerui.<br \/>\nKorpusas: 16 mm matin\u0117 laminuota plok\u0161t\u0117<br \/>\nPriekin\u0117 dalis: MDF laminuota plok\u0161t\u0117 su 16 mm PVC folijos danga ir matomu frezavimu, blizgi<br \/>\nBriauna: 0,45 mm ABS<br \/>\nKojel\u0117s: juodas plastikas<br \/>\nRankenos: n\u0117ra, priekin\u0117s dalys i\u0161siki\u0161a vir\u0161 stalvir\u0161io<\/p>","protected":false},"excerpt":{"rendered":"<p>\u016agis cm: 52<br \/>\nPlotis cm: 150<br \/>\nGylis cm: 41,6<br \/>\nDur\u0173 skai\u010dius: 2<\/p>","protected":false},"featured_media":231350,"comment_status":"open","ping_status":"open","template":"","meta":[],"product_brand":[],"product_cat":[8388,1175],"product_tag":[],"class_list":{"0":"post-231349","1":"product","2":"type-product","3":"status-publish","4":"has-post-thumbnail","6":"product_cat-cama-meble","7":"product_cat-tv-stands","9":"first","10":"instock","11":"purchasable","12":"product-type-simple"},"_links":{"self":[{"href":"https:\/\/baldumarket.lt\/lt\/wp-json\/wp\/v2\/product\/231349","targetHints":{"allow":["GET"]}}],"collection":[{"href":"https:\/\/baldumarket.lt\/lt\/wp-json\/wp\/v2\/product"}],"about":[{"href":"https:\/\/baldumarket.lt\/lt\/wp-json\/wp\/v2\/types\/product"}],"replies":[{"embeddable":true,"href":"https:\/\/baldumarket.lt\/lt\/wp-json\/wp\/v2\/comments?post=231349"}],"wp:featuredmedia":[{"embeddable":true,"href":"https:\/\/baldumarket.lt\/lt\/wp-json\/wp\/v2\/media\/231350"}],"wp:attachment":[{"href":"https:\/\/baldumarket.lt\/lt\/wp-json\/wp\/v2\/media?parent=231349"}],"wp:term":[{"taxonomy":"product_brand","embeddable":true,"href":"https:\/\/baldumarket.lt\/lt\/wp-json\/wp\/v2\/product_brand?post=231349"},{"taxonomy":"product_cat","embeddable":true,"href":"https:\/\/baldumarket.lt\/lt\/wp-json\/wp\/v2\/product_cat?post=231349"},{"taxonomy":"product_tag","embeddable":true,"href":"https:\/\/baldumarket.lt\/lt\/wp-json\/wp\/v2\/product_tag?post=231349"}],"curies":[{"name":"wp","href":"https:\/\/api.w.org\/{rel}","templated":true}]}}