{"id":231342,"date":"2025-12-29T01:40:54","date_gmt":"2025-12-28T22:40:54","guid":{"rendered":"https:\/\/baldumarket.lt\/product\/abeto-regal-100-cm-w-2-kolorach\/"},"modified":"2026-02-11T18:36:14","modified_gmt":"2026-02-11T15:36:14","slug":"abeto-regal-100-cm-w-2-kolorach","status":"publish","type":"product","link":"https:\/\/baldumarket.lt\/lt\/product\/abeto-regal-100-cm-w-2-kolorach\/","title":{"rendered":"ABETO lentyna 100 cm, 2 spalv\u0173"},"content":{"rendered":"<p>ABETO 100 lentyna dviej\u0173 spalv\u0173<br \/>\nABETO 100 lentyn\u0173 sistema \u012fkvepia ir d\u017eiugina moderniu po\u017ei\u016briu \u012f interjero dizain\u0105. \u0160is stilingas dizainas taip pat yra prakti\u0161kas baldas. D\u0117l erdvaus vidaus ir padalinto \u012f skyrius, u\u017edengtus dviem durel\u0117mis, ji suteikia savininkams patog\u0173 daikt\u0173 laikymo b\u016bd\u0105.<br \/>\nABETO 100 lentyn\u0173 blokas i\u0161siskiria frezuotais fasadais, dekoruotais eglut\u0117s ra\u0161tu, tod\u0117l pats blokas yra dekoratyvinis elementas. Visas blokas stovi ant auk\u0161t\u0173 kojeli\u0173, kurios puikiai papildo unikal\u0173 ra\u0161t\u0105. ABETO lentyn\u0173 blokas yra puikus pasirinkimas moderniam, bet jaukiam interjerui.<br \/>\nR\u0117mas: 16 mm matin\u0117 laminuota plok\u0161t\u0117<br \/>\nPriekin\u0117s dalys: laminuota MDF plok\u0161t\u0117, padengta 16 mm PVC pl\u0117vele su matomu frezavimu, blizgios<br \/>\nBriauna: 0,45 mm ABS<br \/>\nKojel\u0117s: juodas plastikas<br \/>\nRankenos: n\u0117ra, priekin\u0117s dalys i\u0161siki\u0161a vir\u0161 stalvir\u0161io<\/p>","protected":false},"excerpt":{"rendered":"<p>ABETO 100 lentyna dviej\u0173 spalv\u0173. ABETO 100 lentyn\u0173 blokas \u012fkvepia ir d\u017eiugina moderniu po\u017ei\u016briu \u012f interjero dizain\u0105. \u0160is stilingas dizainas taip pat yra prakti\u0161kas baldas. D\u0117l erdvaus vidaus ir padalinto \u012f skyrius, u\u017edengtus dviem durel\u0117mis, jis suteikia savininkams patog\u0173 daikt\u0173 laikym\u0105. ABETO 100 lentyn\u0173 blokas [\u2026]<\/p>","protected":false},"featured_media":231343,"comment_status":"open","ping_status":"open","template":"","meta":[],"product_brand":[],"product_cat":[8388,1987],"product_tag":[],"class_list":{"0":"post-231342","1":"product","2":"type-product","3":"status-publish","4":"has-post-thumbnail","6":"product_cat-cama-meble","7":"product_cat-shelving-units","9":"first","10":"instock","11":"purchasable","12":"product-type-simple"},"_links":{"self":[{"href":"https:\/\/baldumarket.lt\/lt\/wp-json\/wp\/v2\/product\/231342","targetHints":{"allow":["GET"]}}],"collection":[{"href":"https:\/\/baldumarket.lt\/lt\/wp-json\/wp\/v2\/product"}],"about":[{"href":"https:\/\/baldumarket.lt\/lt\/wp-json\/wp\/v2\/types\/product"}],"replies":[{"embeddable":true,"href":"https:\/\/baldumarket.lt\/lt\/wp-json\/wp\/v2\/comments?post=231342"}],"wp:featuredmedia":[{"embeddable":true,"href":"https:\/\/baldumarket.lt\/lt\/wp-json\/wp\/v2\/media\/231343"}],"wp:attachment":[{"href":"https:\/\/baldumarket.lt\/lt\/wp-json\/wp\/v2\/media?parent=231342"}],"wp:term":[{"taxonomy":"product_brand","embeddable":true,"href":"https:\/\/baldumarket.lt\/lt\/wp-json\/wp\/v2\/product_brand?post=231342"},{"taxonomy":"product_cat","embeddable":true,"href":"https:\/\/baldumarket.lt\/lt\/wp-json\/wp\/v2\/product_cat?post=231342"},{"taxonomy":"product_tag","embeddable":true,"href":"https:\/\/baldumarket.lt\/lt\/wp-json\/wp\/v2\/product_tag?post=231342"}],"curies":[{"name":"wp","href":"https:\/\/api.w.org\/{rel}","templated":true}]}}