{"id":231332,"date":"2025-12-29T01:40:41","date_gmt":"2025-12-28T22:40:41","guid":{"rendered":"https:\/\/baldumarket.lt\/product\/abeto-komoda-150-cm-na-stelazu-w-2-kolorach\/"},"modified":"2026-02-11T18:36:14","modified_gmt":"2026-02-11T15:36:14","slug":"abeto-komoda-150-cm-na-stelazu-w-2-kolorach","status":"publish","type":"product","link":"https:\/\/baldumarket.lt\/lt\/product\/abeto-komoda-150-cm-na-stelazu-w-2-kolorach\/","title":{"rendered":"ABETO komoda 150 cm ant r\u0117mo, 2 spalv\u0173"},"content":{"rendered":"<p>ABETO 150 komoda dviej\u0173 spalv\u0173<br \/>\nKomoda ABETO 150 \u012fkvepia ir d\u017eiugina moderniu po\u017ei\u016briu \u012f interjero dizain\u0105. \u0160is stilingas dizainas taip pat yra prakti\u0161kas baldas. D\u0117l erdvaus vidaus ir padalinto \u012f du varstomus fasadus, stal\u010di\u0173 ir atvir\u0105 ni\u0161\u0105 su lentyna, ji u\u017etikrina patog\u0173 daikt\u0173 laikym\u0105.<br \/>\nABETO 150 komoda i\u0161siskiria frezuotais \u201esilk\u0117s kaulo\u201c ra\u0161to fasadais, tod\u0117l pats dizainas yra dekoratyvinis elementas. Visas baldas pastatytas ant modernaus juodo arba auksinio r\u0117mo. ABETO komoda \u2013 puikus pasirinkimas moderniam, ta\u010diau jaukiam interjerui.<br \/>\nR\u0117mas: 16 mm matin\u0117 laminuota plok\u0161t\u0117<br \/>\nPriekin\u0117s dalys: laminuota MDF plok\u0161t\u0117, padengta 16 mm PVC pl\u0117vele su matomu frezavimu, blizgios<br \/>\nBriauna: 0,45 mm ABS<br \/>\nR\u0117mas: juodas arba auksinis metalas<br \/>\nRankenos: n\u0117ra, priekin\u0117s dalys i\u0161siki\u0161usios vir\u0161 vir\u0161aus<br \/>\nR\u0117mo matmenys: plotis 144 cm, gylis 38 cm, auk\u0161tis 20 cm<\/p>","protected":false},"excerpt":{"rendered":"<p>Auk\u0161tis cm: 90<br \/>\nPlotis cm: 150<br \/>\nGylis cm: 41,6<br \/>\nDur\u0173 skai\u010dius: 2<br \/>\nStal\u010di\u0173 skai\u010dius: 1<\/p>","protected":false},"featured_media":231333,"comment_status":"open","ping_status":"open","template":"","meta":[],"product_brand":[],"product_cat":[8388,1173],"product_tag":[],"class_list":{"0":"post-231332","1":"product","2":"type-product","3":"status-publish","4":"has-post-thumbnail","6":"product_cat-cama-meble","7":"product_cat-chests-of-drawers","9":"first","10":"instock","11":"purchasable","12":"product-type-simple"},"_links":{"self":[{"href":"https:\/\/baldumarket.lt\/lt\/wp-json\/wp\/v2\/product\/231332","targetHints":{"allow":["GET"]}}],"collection":[{"href":"https:\/\/baldumarket.lt\/lt\/wp-json\/wp\/v2\/product"}],"about":[{"href":"https:\/\/baldumarket.lt\/lt\/wp-json\/wp\/v2\/types\/product"}],"replies":[{"embeddable":true,"href":"https:\/\/baldumarket.lt\/lt\/wp-json\/wp\/v2\/comments?post=231332"}],"wp:featuredmedia":[{"embeddable":true,"href":"https:\/\/baldumarket.lt\/lt\/wp-json\/wp\/v2\/media\/231333"}],"wp:attachment":[{"href":"https:\/\/baldumarket.lt\/lt\/wp-json\/wp\/v2\/media?parent=231332"}],"wp:term":[{"taxonomy":"product_brand","embeddable":true,"href":"https:\/\/baldumarket.lt\/lt\/wp-json\/wp\/v2\/product_brand?post=231332"},{"taxonomy":"product_cat","embeddable":true,"href":"https:\/\/baldumarket.lt\/lt\/wp-json\/wp\/v2\/product_cat?post=231332"},{"taxonomy":"product_tag","embeddable":true,"href":"https:\/\/baldumarket.lt\/lt\/wp-json\/wp\/v2\/product_tag?post=231332"}],"curies":[{"name":"wp","href":"https:\/\/api.w.org\/{rel}","templated":true}]}}